{"id":15222,"date":"2025-05-10T10:53:20","date_gmt":"2025-05-10T10:53:20","guid":{"rendered":"https:\/\/signus.agency\/product\/kiseninio-dydzio-sketis-kindnesspoint\/"},"modified":"2025-05-14T11:38:49","modified_gmt":"2025-05-14T11:38:49","slug":"kiseninis-sketis-uzsidektaska","status":"publish","type":"product","link":"https:\/\/signus.agency\/lt\/produktas\/kiseninis-sketis-uzsidektaska\/","title":{"rendered":"Ki\u0161eninis sk\u0117tis #U\u017dSID\u0116KTA\u0160K\u0104"},"content":{"rendered":"<p>Ypatingai lengvas &#8211; ypatingai plok\u0161\u010dias &#8211; ypatingai stabilus<\/p>\n<ul>\n<li>Vietos pakanka dviems<\/li>\n<li>Sk\u0117\u010diai i\u0161testuoti v\u0117jo tuneliuose<\/li>\n<li>Paprastas i\u0161skleidimas ir suskleidimas<\/li>\n<li>Apsauginis sluoksnis viduje: Auk\u0161\u010diausia UV spinduli\u0173 apsauga \u00a050+ su papildoma apsauga nuo kar\u0161\u010dio (suma\u017eina temperat\u016br\u0105 net iki 40 procent\u0173, \u0161i\u0105 apsaug\u0105 turi tik ro\u017ein\u0117s spalvos sk\u0117tis)<\/li>\n<li>I\u0161skleistas &#8211; 90 cm<\/li>\n<li>Suskleistas &#8211; 21 cm<\/li>\n<li>Svoris &#8211; 150 g<\/li>\n<li>Atlaiko v\u0117jo g\u016bsius iki 100 km\/h<\/li>\n<\/ul>\n","protected":false},"excerpt":{"rendered":"<p><strong>#U\u017dSID\u0116KTA\u0160K\u0104, sukurk ger\u0105 darb\u0105!<\/strong><br \/>\n#u\u017esid\u0117kta\u0161k\u0105 sk\u0117\u010diai, pa\u017eym\u0117ti gerumo ta\u0161keliu! Lietingomis dienomis kvie\u010diame nepamir\u0161ti \u012f rankin\u0119 ar kuprin\u0119 \u012fsid\u0117ti kompakti\u0161ko sk\u0117\u010dio, juos galite rinktis i\u0161 keli\u0173 spalv\u0173 \u2013 vienspalviai juodas ir ro\u017einis su juodu vidumi. Kiekvienas sk\u0117tis pa\u017eym\u0117tas at\u0161vaitiniu gerumo ta\u0161keliu Jums primins, kad prisid\u0117ti prie gra\u017ei\u0173 darb\u0173 galite tokiu paprastu b\u016bdu.<br \/>\n*Sk\u0117\u010diai \u012fpakuoti \u012f patvarias \u012fmautes<\/p>\n","protected":false},"featured_media":13766,"comment_status":"closed","ping_status":"closed","template":"","meta":[],"product_brand":[],"product_cat":[515,516,527,517],"product_tag":[],"class_list":{"0":"post-15222","1":"product","2":"type-product","3":"status-publish","4":"has-post-thumbnail","6":"product_cat-uzsidektaska-kolekcija","7":"product_cat-aksesuarai","8":"product_cat-pavasaris-vasara","9":"product_cat-ruduo-ziema","11":"first","12":"instock","13":"shipping-taxable","14":"purchasable","15":"product-type-variable"},"_links":{"self":[{"href":"https:\/\/signus.agency\/lt\/wp-json\/wp\/v2\/product\/15222","targetHints":{"allow":["GET"]}}],"collection":[{"href":"https:\/\/signus.agency\/lt\/wp-json\/wp\/v2\/product"}],"about":[{"href":"https:\/\/signus.agency\/lt\/wp-json\/wp\/v2\/types\/product"}],"replies":[{"embeddable":true,"href":"https:\/\/signus.agency\/lt\/wp-json\/wp\/v2\/comments?post=15222"}],"wp:featuredmedia":[{"embeddable":true,"href":"https:\/\/signus.agency\/lt\/wp-json\/wp\/v2\/media\/13766"}],"wp:attachment":[{"href":"https:\/\/signus.agency\/lt\/wp-json\/wp\/v2\/media?parent=15222"}],"wp:term":[{"taxonomy":"product_brand","embeddable":true,"href":"https:\/\/signus.agency\/lt\/wp-json\/wp\/v2\/product_brand?post=15222"},{"taxonomy":"product_cat","embeddable":true,"href":"https:\/\/signus.agency\/lt\/wp-json\/wp\/v2\/product_cat?post=15222"},{"taxonomy":"product_tag","embeddable":true,"href":"https:\/\/signus.agency\/lt\/wp-json\/wp\/v2\/product_tag?post=15222"}],"curies":[{"name":"wp","href":"https:\/\/api.w.org\/{rel}","templated":true}]}}