{"id":15136,"date":"2025-05-10T10:32:11","date_gmt":"2025-05-10T10:32:11","guid":{"rendered":"https:\/\/signus.agency\/product\/jogger-kelnes-kindnesspoint-pelenu-melyna\/"},"modified":"2025-05-10T10:32:11","modified_gmt":"2025-05-10T10:32:11","slug":"jogger-kelnes-kindnesspoint-pelenu-melyna","status":"publish","type":"product","link":"https:\/\/signus.agency\/lt\/produktas\/jogger-kelnes-kindnesspoint-pelenu-melyna\/","title":{"rendered":"Jogger keln\u0117s #KINDNESSPOINT pelen\u0173 m\u0117lyna"},"content":{"rendered":"<p>&#8222;#KINDNESSPOINT&#8221; b\u0117gimo keln\u0117s pagamintos i\u0161 \u0161ukuotos organin\u0117s medviln\u0117s ir perdirbto poliesterio, simbolizuojan\u010dio paprastum\u0105, param\u0105 vaikams ir j\u016bs\u0173 kilnius poelgius.<br \/>\nMed\u017eiaga: Med\u017eiaga: 85 % \u0161ukuotin\u0117 ekologi\u0161ka medviln\u0117, 15 % perdirbtas poliesteris<br \/>\nSpalvos: tamsiai m\u0117lyna, \u0161viesiai m\u0117lyna&#8221;<\/p>\n","protected":false},"excerpt":{"rendered":"<p><strong>&#8222;Rinkite karmos ta\u0161kus pirkdami #KINDNESSPOINT linijos atributus!<\/strong><\/p>\n<p>U\u017e kiekvien\u0105 #KINDNESSPOINT gamin\u012f surinktos aukos bus skirtos sunkiai sergantiems vaikams &#8211; medicininei \u012frangai, vaistams, gydymui, operacijoms ir j\u0173 slaptoms svajon\u0117ms \u012fgyvendinti!&#8221;<\/p>\n","protected":false},"featured_media":13516,"comment_status":"closed","ping_status":"closed","template":"","meta":[],"product_brand":[],"product_cat":[515,525,523],"product_tag":[],"class_list":{"0":"post-15136","1":"product","2":"type-product","3":"status-publish","4":"has-post-thumbnail","6":"product_cat-uzsidektaska-kolekcija","7":"product_cat-ispardavimas","8":"product_cat-kelnes-ir-sortai","10":"first","11":"instock","12":"sale","13":"shipping-taxable","14":"purchasable","15":"product-type-variable"},"_links":{"self":[{"href":"https:\/\/signus.agency\/lt\/wp-json\/wp\/v2\/product\/15136","targetHints":{"allow":["GET"]}}],"collection":[{"href":"https:\/\/signus.agency\/lt\/wp-json\/wp\/v2\/product"}],"about":[{"href":"https:\/\/signus.agency\/lt\/wp-json\/wp\/v2\/types\/product"}],"replies":[{"embeddable":true,"href":"https:\/\/signus.agency\/lt\/wp-json\/wp\/v2\/comments?post=15136"}],"wp:featuredmedia":[{"embeddable":true,"href":"https:\/\/signus.agency\/lt\/wp-json\/wp\/v2\/media\/13516"}],"wp:attachment":[{"href":"https:\/\/signus.agency\/lt\/wp-json\/wp\/v2\/media?parent=15136"}],"wp:term":[{"taxonomy":"product_brand","embeddable":true,"href":"https:\/\/signus.agency\/lt\/wp-json\/wp\/v2\/product_brand?post=15136"},{"taxonomy":"product_cat","embeddable":true,"href":"https:\/\/signus.agency\/lt\/wp-json\/wp\/v2\/product_cat?post=15136"},{"taxonomy":"product_tag","embeddable":true,"href":"https:\/\/signus.agency\/lt\/wp-json\/wp\/v2\/product_tag?post=15136"}],"curies":[{"name":"wp","href":"https:\/\/api.w.org\/{rel}","templated":true}]}}