{"id":15097,"date":"2025-05-10T10:34:37","date_gmt":"2025-05-10T10:34:37","guid":{"rendered":"https:\/\/signus.agency\/product\/paminkstinta-parker-striuke-kindnesspoint\/"},"modified":"2025-05-14T12:04:28","modified_gmt":"2025-05-14T12:04:28","slug":"striuke-su-pamusalu-uzsidektaska","status":"publish","type":"product","link":"https:\/\/signus.agency\/lt\/produktas\/striuke-su-pamusalu-uzsidektaska\/","title":{"rendered":"Striuk\u0117 su pamu\u0161alu #U\u017dSID\u0116KTA\u0160K\u0104"},"content":{"rendered":"<p>Gerumo ta\u0161keliu pa\u017eym\u0117ta striuk\u0117- J\u016bs\u0173 jaukioms akimirkoms! \u012esigydami stiling\u0105 bei kokybi\u0161k\u0105, i\u0161 perdirbto poliesterio pagamint\u0105 striuk\u0119 ne tik apsigaubsite \u0161iluma, ta\u010diau ir prisid\u0117site prie prasming\u0173 darb\u0173. Kiekvienas \u012fsigytas ta\u0161kelis virsta parama sunkiai sergantiems vaikams.<\/p>\n<p>Sud\u0117tis: 100 % perdirbtas poliesteris, be fluoro DWR, 75 g\/m\u00b2<br \/>\nPa\u0161iltinimas: 100 % perdirbtas poliesteris \u2013 100 g\/m\u00b2<br \/>\nPamu\u0161alas: 100 % perdirbtas poliesteris \u2013 75 g\/m\u00b2<br \/>\nSpalvos: tamsiai m\u0117lyna, saman\u0173 \u017ealia<\/p>\n","protected":false},"excerpt":{"rendered":"<p><strong>#U\u017dSID\u0116KTA\u0160K\u0104, sukurk ger\u0105 darb\u0105!<\/strong><br \/>\nU\u017e kiekvien\u0105 ta\u0161k\u0105 surinktos l\u0117\u0161os skiriamos sunkiai sergantiems vaikams \u2013 med. \u012frangos ir medikament\u0173 apr\u016bpinimui, svarbi\u0173 gydym\u0173 ir operacij\u0173 \u012fgyvendinimui bei slapt\u0173 svajoni\u0173 i\u0161pildymui.<\/p>\n","protected":false},"featured_media":13325,"comment_status":"closed","ping_status":"closed","template":"","meta":[],"product_brand":[],"product_cat":[515,517],"product_tag":[],"class_list":{"0":"post-15097","1":"product","2":"type-product","3":"status-publish","4":"has-post-thumbnail","6":"product_cat-uzsidektaska-kolekcija","7":"product_cat-ruduo-ziema","9":"first","10":"instock","11":"shipping-taxable","12":"purchasable","13":"product-type-variable"},"_links":{"self":[{"href":"https:\/\/signus.agency\/lt\/wp-json\/wp\/v2\/product\/15097","targetHints":{"allow":["GET"]}}],"collection":[{"href":"https:\/\/signus.agency\/lt\/wp-json\/wp\/v2\/product"}],"about":[{"href":"https:\/\/signus.agency\/lt\/wp-json\/wp\/v2\/types\/product"}],"replies":[{"embeddable":true,"href":"https:\/\/signus.agency\/lt\/wp-json\/wp\/v2\/comments?post=15097"}],"wp:featuredmedia":[{"embeddable":true,"href":"https:\/\/signus.agency\/lt\/wp-json\/wp\/v2\/media\/13325"}],"wp:attachment":[{"href":"https:\/\/signus.agency\/lt\/wp-json\/wp\/v2\/media?parent=15097"}],"wp:term":[{"taxonomy":"product_brand","embeddable":true,"href":"https:\/\/signus.agency\/lt\/wp-json\/wp\/v2\/product_brand?post=15097"},{"taxonomy":"product_cat","embeddable":true,"href":"https:\/\/signus.agency\/lt\/wp-json\/wp\/v2\/product_cat?post=15097"},{"taxonomy":"product_tag","embeddable":true,"href":"https:\/\/signus.agency\/lt\/wp-json\/wp\/v2\/product_tag?post=15097"}],"curies":[{"name":"wp","href":"https:\/\/api.w.org\/{rel}","templated":true}]}}