{"id":15086,"date":"2025-05-10T10:34:37","date_gmt":"2025-05-10T10:34:37","guid":{"rendered":"https:\/\/signus.agency\/product\/kinddot-salikas\/"},"modified":"2025-05-14T11:55:41","modified_gmt":"2025-05-14T11:55:41","slug":"uzsidektaska-salikas","status":"publish","type":"product","link":"https:\/\/signus.agency\/lt\/produktas\/uzsidektaska-salikas\/","title":{"rendered":"#U\u017dSID\u0116KTA\u0160K\u0104 \u0160alikas"},"content":{"rendered":"<p>Gerumo ta\u0161keliu pa\u017eym\u0117tas \u0161alikas \u2013 J\u016bs\u0173 \u0161iltoms akimirkoms! \u012esigydami stiling\u0105 bei kokybi\u0161k\u0105, Lietuvos k\u016br\u0117j\u0173 ir gamintoj\u0173 Decoflux su meile i\u0161 merino vilnos nuaust\u0105 \u0161alik\u0105, apsigaubsite ne tik jaukumu, ta\u010diau ir prisid\u0117site prie prasming\u0173 darb\u0173. Kiekvienas \u012fsigytas ta\u0161kelis virsta parama sunkiai sergantiems vaikams.<\/p>\n<p>Sud\u0117tis: 100 % merino vilna, 43 x 210 cm<br \/>\nSpalvos: Tamsi pilka, \u0161viesi pilka, rusva, sm\u0117lin\u0117<\/p>\n","protected":false},"excerpt":{"rendered":"<p><strong>#U\u017dSID\u0116KTA\u0160K\u0104, sukurk ger\u0105 darb\u0105!<\/strong><br \/>\nU\u017e kiekvien\u0105 ta\u0161k\u0105 surinktos l\u0117\u0161os skiriamos sunkiai sergantiems vaikams \u2013 med. \u012frangos ir medikament\u0173 apr\u016bpinimui, svarbi\u0173 gydym\u0173 ir operacij\u0173 \u012fgyvendinimui bei slapt\u0173 svajoni\u0173 i\u0161pildymui.<\/p>\n","protected":false},"featured_media":13369,"comment_status":"closed","ping_status":"closed","template":"","meta":[],"product_brand":[],"product_cat":[515,516,525,517],"product_tag":[],"class_list":{"0":"post-15086","1":"product","2":"type-product","3":"status-publish","4":"has-post-thumbnail","6":"product_cat-uzsidektaska-kolekcija","7":"product_cat-aksesuarai","8":"product_cat-ispardavimas","9":"product_cat-ruduo-ziema","11":"first","12":"instock","13":"sale","14":"shipping-taxable","15":"purchasable","16":"product-type-variable"},"_links":{"self":[{"href":"https:\/\/signus.agency\/lt\/wp-json\/wp\/v2\/product\/15086","targetHints":{"allow":["GET"]}}],"collection":[{"href":"https:\/\/signus.agency\/lt\/wp-json\/wp\/v2\/product"}],"about":[{"href":"https:\/\/signus.agency\/lt\/wp-json\/wp\/v2\/types\/product"}],"replies":[{"embeddable":true,"href":"https:\/\/signus.agency\/lt\/wp-json\/wp\/v2\/comments?post=15086"}],"wp:featuredmedia":[{"embeddable":true,"href":"https:\/\/signus.agency\/lt\/wp-json\/wp\/v2\/media\/13369"}],"wp:attachment":[{"href":"https:\/\/signus.agency\/lt\/wp-json\/wp\/v2\/media?parent=15086"}],"wp:term":[{"taxonomy":"product_brand","embeddable":true,"href":"https:\/\/signus.agency\/lt\/wp-json\/wp\/v2\/product_brand?post=15086"},{"taxonomy":"product_cat","embeddable":true,"href":"https:\/\/signus.agency\/lt\/wp-json\/wp\/v2\/product_cat?post=15086"},{"taxonomy":"product_tag","embeddable":true,"href":"https:\/\/signus.agency\/lt\/wp-json\/wp\/v2\/product_tag?post=15086"}],"curies":[{"name":"wp","href":"https:\/\/api.w.org\/{rel}","templated":true}]}}