{"id":15084,"date":"2025-05-10T10:32:11","date_gmt":"2025-05-10T10:32:11","guid":{"rendered":"https:\/\/signus.agency\/product\/sportines-kojines-kindnesspoint\/"},"modified":"2025-05-10T10:32:11","modified_gmt":"2025-05-10T10:32:11","slug":"sportines-kojines-kindnesspoint","status":"publish","type":"product","link":"https:\/\/signus.agency\/lt\/produktas\/sportines-kojines-kindnesspoint\/","title":{"rendered":"Sportin\u0117s kojin\u0117s #KINDNESSPOINT"},"content":{"rendered":"<p>\u0160ios gerumo \u017eenklu pa\u017eym\u0117tos kojin\u0117s, sukurtos lietuvi\u0161koje gamykloje &#8222;Sparta&#8221;, yra pagamintos i\u0161 \u0161ukuotos medviln\u0117s su pliu\u0161iniu padu. Daug judant d\u0117l pliu\u0161in\u0117s p\u0117dos p\u0117da gerokai ma\u017eiau pavargsta, nes remiasi \u012f mink\u0161t\u0105 pagrind\u0105. Sukurtos d\u0117v\u0117ti kasdien ir laisvalaikiu. Tinka sportuoti, nes pliu\u0161inis padas sugeria ir i\u0161garina dr\u0117gm\u0119. Patog\u016bs ir nenukrentantys.    <\/p>\n<p>Sud\u0117tis: 85 % medviln\u0117s, 10 % poliamido pluo\u0161to, 5 % elastano.<\/p>\n<p>Spalvos: balta su geltonu ta\u0161ku, balta su \u017ealiu ta\u0161ku, balta su alavijo ta\u0161ku<\/p>\n<p>Ilgis: klasikinis<\/p>\n","protected":false},"excerpt":{"rendered":"<p><strong>Rinkite karmos ta\u0161kus pirkdami #KINDNESSPOINT linijos atributus!<\/strong><\/p>\n<p>U\u017e kiekvien\u0105 #KINDNESSPOINT gamin\u012f surinktos aukos bus skirtos sunkiai sergantiems vaikams &#8211; medicininei \u012frangai, vaistams, gydymui, operacijoms ir j\u0173 slaptoms svajon\u0117ms \u012fgyvendinti!<\/p>\n","protected":false},"featured_media":13443,"comment_status":"closed","ping_status":"closed","template":"","meta":[],"product_brand":[],"product_cat":[515,526],"product_tag":[],"class_list":{"0":"post-15084","1":"product","2":"type-product","3":"status-publish","4":"has-post-thumbnail","6":"product_cat-uzsidektaska-kolekcija","7":"product_cat-kojines","9":"first","10":"instock","11":"shipping-taxable","12":"purchasable","13":"product-type-variable"},"_links":{"self":[{"href":"https:\/\/signus.agency\/lt\/wp-json\/wp\/v2\/product\/15084","targetHints":{"allow":["GET"]}}],"collection":[{"href":"https:\/\/signus.agency\/lt\/wp-json\/wp\/v2\/product"}],"about":[{"href":"https:\/\/signus.agency\/lt\/wp-json\/wp\/v2\/types\/product"}],"replies":[{"embeddable":true,"href":"https:\/\/signus.agency\/lt\/wp-json\/wp\/v2\/comments?post=15084"}],"wp:featuredmedia":[{"embeddable":true,"href":"https:\/\/signus.agency\/lt\/wp-json\/wp\/v2\/media\/13443"}],"wp:attachment":[{"href":"https:\/\/signus.agency\/lt\/wp-json\/wp\/v2\/media?parent=15084"}],"wp:term":[{"taxonomy":"product_brand","embeddable":true,"href":"https:\/\/signus.agency\/lt\/wp-json\/wp\/v2\/product_brand?post=15084"},{"taxonomy":"product_cat","embeddable":true,"href":"https:\/\/signus.agency\/lt\/wp-json\/wp\/v2\/product_cat?post=15084"},{"taxonomy":"product_tag","embeddable":true,"href":"https:\/\/signus.agency\/lt\/wp-json\/wp\/v2\/product_tag?post=15084"}],"curies":[{"name":"wp","href":"https:\/\/api.w.org\/{rel}","templated":true}]}}