{"id":15076,"date":"2025-05-10T10:32:11","date_gmt":"2025-05-10T10:32:11","guid":{"rendered":"https:\/\/signus.agency\/product\/kvapnioji-zvake-santalas\/"},"modified":"2025-05-10T10:32:11","modified_gmt":"2025-05-10T10:32:11","slug":"kvapnioji-zvake-santalas","status":"publish","type":"product","link":"https:\/\/signus.agency\/lt\/produktas\/kvapnioji-zvake-santalas\/","title":{"rendered":"Kvapnioji \u017evak\u0117 &#8222;Santalas&#8221;"},"content":{"rendered":"<p>Jauk\u016bs namai neatsiejami nuo malonaus kvapo, kuris primins, kad reikia d\u017eiaugtis kiekviena akimirka. Kiekviena \u017evak\u0117 pa\u017eym\u0117ta gerumo \u017eenklu, o prabangaus ir \u0161ilto kvapo \u017evak\u0117 bus ne tik puiki dovana artimiesiems ar sau, bet ir ind\u0117lis \u012f m\u016bs\u0173 ma\u017e\u0173j\u0173 pacient\u0173 gerov\u0119. <\/p>\n","protected":false},"excerpt":{"rendered":"<p>Jauk\u016bs namai neatsiejami nuo malonaus kvapo, kuris primins, kad reikia d\u017eiaugtis kiekviena akimirka. Kiekviena \u017evak\u0117 pa\u017eym\u0117ta gerumo \u017eenklu, o prabangaus ir \u0161ilto kvapo \u017evak\u0117 bus ne tik puiki dovana artimiesiems&#8230;<\/p>\n","protected":false},"featured_media":13547,"comment_status":"closed","ping_status":"closed","template":"","meta":[],"product_brand":[],"product_cat":[515,516,517],"product_tag":[],"class_list":{"0":"post-15076","1":"product","2":"type-product","3":"status-publish","4":"has-post-thumbnail","6":"product_cat-uzsidektaska-kolekcija","7":"product_cat-aksesuarai","8":"product_cat-ruduo-ziema","10":"first","11":"instock","12":"shipping-taxable","13":"purchasable","14":"product-type-simple"},"_links":{"self":[{"href":"https:\/\/signus.agency\/lt\/wp-json\/wp\/v2\/product\/15076","targetHints":{"allow":["GET"]}}],"collection":[{"href":"https:\/\/signus.agency\/lt\/wp-json\/wp\/v2\/product"}],"about":[{"href":"https:\/\/signus.agency\/lt\/wp-json\/wp\/v2\/types\/product"}],"replies":[{"embeddable":true,"href":"https:\/\/signus.agency\/lt\/wp-json\/wp\/v2\/comments?post=15076"}],"wp:featuredmedia":[{"embeddable":true,"href":"https:\/\/signus.agency\/lt\/wp-json\/wp\/v2\/media\/13547"}],"wp:attachment":[{"href":"https:\/\/signus.agency\/lt\/wp-json\/wp\/v2\/media?parent=15076"}],"wp:term":[{"taxonomy":"product_brand","embeddable":true,"href":"https:\/\/signus.agency\/lt\/wp-json\/wp\/v2\/product_brand?post=15076"},{"taxonomy":"product_cat","embeddable":true,"href":"https:\/\/signus.agency\/lt\/wp-json\/wp\/v2\/product_cat?post=15076"},{"taxonomy":"product_tag","embeddable":true,"href":"https:\/\/signus.agency\/lt\/wp-json\/wp\/v2\/product_tag?post=15076"}],"curies":[{"name":"wp","href":"https:\/\/api.w.org\/{rel}","templated":true}]}}