{"id":15012,"date":"2025-05-10T10:32:09","date_gmt":"2025-05-10T10:32:09","guid":{"rendered":"https:\/\/signus.agency\/product\/kojines-vaikams-pasaulis-kindnesspoint\/"},"modified":"2025-05-10T10:32:09","modified_gmt":"2025-05-10T10:32:09","slug":"kojines-vaikams-pasaulis-kindnesspoint","status":"publish","type":"product","link":"https:\/\/signus.agency\/lt\/produktas\/kojines-vaikams-pasaulis-kindnesspoint\/","title":{"rendered":"Kojin\u0117s vaikams Pasaulis #KINDNESSPOINT"},"content":{"rendered":"<p>\u0160ios gerumo \u017eenklu pa\u017eym\u0117tos kojin\u0117s, sukurtos Lietuvos gamykloje &#8222;Sparta&#8221;, yra pagamintos i\u0161 \u0161ukuotos medviln\u0117s. Sukurta d\u0117v\u0117ti kasdien ir laisvalaikiu.  <\/p>\n<p>Sud\u0117tis: Sud\u0117tis: 100 % medviln\u0117<\/p>\n<p>Spalvos: juoda su baltu ta\u0161ku, balta su juodu ta\u0161ku<\/p>\n<p>Ilgis: klasikinis<\/p>\n","protected":false},"excerpt":{"rendered":"<p><strong>Rinkite karmos ta\u0161kus pirkdami #KINDNESSPOINT linijos atributus!<\/strong><\/p>\n<p>U\u017e kiekvien\u0105 #KINDNESSPOINT gamin\u012f surinktos aukos bus skirtos sunkiai sergantiems vaikams &#8211; medicininei \u012frangai, vaistams, gydymui, operacijoms ir j\u0173 slaptoms svajon\u0117ms \u012fgyvendinti!<\/p>\n","protected":false},"featured_media":13573,"comment_status":"closed","ping_status":"closed","template":"","meta":[],"product_brand":[],"product_cat":[515,526,520],"product_tag":[],"class_list":{"0":"post-15012","1":"product","2":"type-product","3":"status-publish","4":"has-post-thumbnail","6":"product_cat-uzsidektaska-kolekcija","7":"product_cat-kojines","8":"product_cat-vaikams","10":"first","11":"instock","12":"shipping-taxable","13":"purchasable","14":"product-type-variable"},"_links":{"self":[{"href":"https:\/\/signus.agency\/lt\/wp-json\/wp\/v2\/product\/15012","targetHints":{"allow":["GET"]}}],"collection":[{"href":"https:\/\/signus.agency\/lt\/wp-json\/wp\/v2\/product"}],"about":[{"href":"https:\/\/signus.agency\/lt\/wp-json\/wp\/v2\/types\/product"}],"replies":[{"embeddable":true,"href":"https:\/\/signus.agency\/lt\/wp-json\/wp\/v2\/comments?post=15012"}],"wp:featuredmedia":[{"embeddable":true,"href":"https:\/\/signus.agency\/lt\/wp-json\/wp\/v2\/media\/13573"}],"wp:attachment":[{"href":"https:\/\/signus.agency\/lt\/wp-json\/wp\/v2\/media?parent=15012"}],"wp:term":[{"taxonomy":"product_brand","embeddable":true,"href":"https:\/\/signus.agency\/lt\/wp-json\/wp\/v2\/product_brand?post=15012"},{"taxonomy":"product_cat","embeddable":true,"href":"https:\/\/signus.agency\/lt\/wp-json\/wp\/v2\/product_cat?post=15012"},{"taxonomy":"product_tag","embeddable":true,"href":"https:\/\/signus.agency\/lt\/wp-json\/wp\/v2\/product_tag?post=15012"}],"curies":[{"name":"wp","href":"https:\/\/api.w.org\/{rel}","templated":true}]}}