{"id":15008,"date":"2025-05-10T10:32:01","date_gmt":"2025-05-10T10:32:01","guid":{"rendered":"https:\/\/signus.agency\/product\/pirkiniu-krepsys-lets-join\/"},"modified":"2025-05-14T12:14:20","modified_gmt":"2025-05-14T12:14:20","slug":"pirkiniu-krepselis-lets-join","status":"publish","type":"product","link":"https:\/\/signus.agency\/lt\/produktas\/pirkiniu-krepselis-lets-join\/","title":{"rendered":"Pirkini\u0173 krep\u0161elis LET&#8217;S JOIN"},"content":{"rendered":"<p>Kad ir kokia kova beb\u016bt\u0173, kartu j\u0105 \u012fveikti visada lengviau, tad vienykim\u0117s bendrai kovai!<\/p>\n<p>\u201eRimanto Kauk\u0117no paramos fondas\u201c ir \u201eKyokushin karate Kaunas\u201c kvie\u010dia Jus \u012fsigyti daugkartinio naudojimo pirkini\u0173 krep\u0161el\u012f \u201eLET\u2019S JOIN THE FIGHT TOGETHER\u201c ir taip paremti sunkiai sergan\u010dius Lietuvos vaikus!<\/p>\n<p>Sud\u0117tis: 100% medviln\u0117<\/p>\n<p>Spalva: juoda<\/p>\n","protected":false},"excerpt":{"rendered":"<p>Kartu kovokime u\u017e pergal\u0119 &#8211; #LETSJOINTHEFIGHTTOGETHER !<\/p>\n<p>Visos surinktos l\u0117\u0161os skiriamos sunkiai sergantiems vaikams \u2013 med. \u012frangos ir medikament\u0173 apr\u016bpinimui, svarbi\u0173 gydym\u0173 ir operacij\u0173 \u012fgyvendinimui bei slapt\u0173 svajoni\u0173 i\u0161pildymui.<\/p>\n","protected":false},"featured_media":12918,"comment_status":"closed","ping_status":"closed","template":"","meta":[],"product_brand":[],"product_cat":[521],"product_tag":[],"class_list":{"0":"post-15008","1":"product","2":"type-product","3":"status-publish","4":"has-post-thumbnail","6":"product_cat-lets-join-lt","8":"first","9":"instock","10":"shipping-taxable","11":"purchasable","12":"product-type-simple"},"_links":{"self":[{"href":"https:\/\/signus.agency\/lt\/wp-json\/wp\/v2\/product\/15008","targetHints":{"allow":["GET"]}}],"collection":[{"href":"https:\/\/signus.agency\/lt\/wp-json\/wp\/v2\/product"}],"about":[{"href":"https:\/\/signus.agency\/lt\/wp-json\/wp\/v2\/types\/product"}],"replies":[{"embeddable":true,"href":"https:\/\/signus.agency\/lt\/wp-json\/wp\/v2\/comments?post=15008"}],"wp:featuredmedia":[{"embeddable":true,"href":"https:\/\/signus.agency\/lt\/wp-json\/wp\/v2\/media\/12918"}],"wp:attachment":[{"href":"https:\/\/signus.agency\/lt\/wp-json\/wp\/v2\/media?parent=15008"}],"wp:term":[{"taxonomy":"product_brand","embeddable":true,"href":"https:\/\/signus.agency\/lt\/wp-json\/wp\/v2\/product_brand?post=15008"},{"taxonomy":"product_cat","embeddable":true,"href":"https:\/\/signus.agency\/lt\/wp-json\/wp\/v2\/product_cat?post=15008"},{"taxonomy":"product_tag","embeddable":true,"href":"https:\/\/signus.agency\/lt\/wp-json\/wp\/v2\/product_tag?post=15008"}],"curies":[{"name":"wp","href":"https:\/\/api.w.org\/{rel}","templated":true}]}}