{"id":15005,"date":"2025-05-10T10:32:01","date_gmt":"2025-05-10T10:32:01","guid":{"rendered":"https:\/\/signus.agency\/product\/komiksas\/"},"modified":"2025-05-14T12:14:01","modified_gmt":"2025-05-14T12:14:01","slug":"komiksas","status":"publish","type":"product","link":"https:\/\/signus.agency\/lt\/produktas\/komiksas\/","title":{"rendered":"Komiksas"},"content":{"rendered":"<p>Pirm\u0105 kart\u0105 Lietuvos istorijoje i\u0161leistame komikse apie ugniagesi\u0173 tarnyb\u0105 pasakojama tikra istorija apie dr\u0105s\u0173 ugniagesi\u0173 brigados ir jos vado Eimanto poelg\u012f gelbstint degan\u010diame pastate esan\u010dius \u017eirgus.<\/p>\n<p>\u012esigydami komiks\u0105 \u201eIV PAMAINA. \u017daibas\u201c, paremsite sunkiai onkologin\u0117mis ligomis sergan\u010dius vaikus. Surinkti pinigai bus panaudoti suteikiant reikiam\u0105 pagalb\u0105 vaikams ir j\u0173 \u0161eimoms bei i\u0161pildant slaptas vaiku\u010di\u0173 svajones!<\/p>\n","protected":false},"excerpt":{"rendered":"<p>Pasinerkite \u012f nuotyki\u0173 pasaul\u012f drauge su tikra ugniagesi\u0173 istorija ir prisid\u0117kite prie pagalbos m\u016bs\u0173 ma\u017eiesiems didvyriams!<\/p>\n","protected":false},"featured_media":12920,"comment_status":"closed","ping_status":"closed","template":"","meta":[],"product_brand":[],"product_cat":[518],"product_tag":[],"class_list":{"0":"post-15005","1":"product","2":"type-product","3":"status-publish","4":"has-post-thumbnail","6":"product_cat-knygos","8":"first","9":"instock","10":"shipping-taxable","11":"purchasable","12":"product-type-simple"},"_links":{"self":[{"href":"https:\/\/signus.agency\/lt\/wp-json\/wp\/v2\/product\/15005","targetHints":{"allow":["GET"]}}],"collection":[{"href":"https:\/\/signus.agency\/lt\/wp-json\/wp\/v2\/product"}],"about":[{"href":"https:\/\/signus.agency\/lt\/wp-json\/wp\/v2\/types\/product"}],"replies":[{"embeddable":true,"href":"https:\/\/signus.agency\/lt\/wp-json\/wp\/v2\/comments?post=15005"}],"wp:featuredmedia":[{"embeddable":true,"href":"https:\/\/signus.agency\/lt\/wp-json\/wp\/v2\/media\/12920"}],"wp:attachment":[{"href":"https:\/\/signus.agency\/lt\/wp-json\/wp\/v2\/media?parent=15005"}],"wp:term":[{"taxonomy":"product_brand","embeddable":true,"href":"https:\/\/signus.agency\/lt\/wp-json\/wp\/v2\/product_brand?post=15005"},{"taxonomy":"product_cat","embeddable":true,"href":"https:\/\/signus.agency\/lt\/wp-json\/wp\/v2\/product_cat?post=15005"},{"taxonomy":"product_tag","embeddable":true,"href":"https:\/\/signus.agency\/lt\/wp-json\/wp\/v2\/product_tag?post=15005"}],"curies":[{"name":"wp","href":"https:\/\/api.w.org\/{rel}","templated":true}]}}