{"id":15000,"date":"2025-05-10T10:32:01","date_gmt":"2025-05-10T10:32:01","guid":{"rendered":"https:\/\/signus.agency\/?post_type=product&#038;p=15000"},"modified":"2025-05-14T12:13:44","modified_gmt":"2025-05-14T12:13:44","slug":"pasaku-knyga-taip-tycia","status":"publish","type":"product","link":"https:\/\/signus.agency\/lt\/produktas\/pasaku-knyga-taip-tycia\/","title":{"rendered":"Pasak\u0173 knyga &#8222;Taip ty\u010dia&#8221;"},"content":{"rendered":"<p><span data-sheets-value=\"{&quot;1&quot;:2,&quot;2&quot;:&quot;Vandos Padimanskait\u0117s \u201eTaip ty\u010dia\u201c knygel\u0117 susideda ne i\u0161 vienos pasakait\u0117s, o atskir\u0173 trump\u0173 istorij\u0173. Toki\u0173 atskir\u0173 istorij\u0173 knygoje yra penkiolika. Viena apie bangin\u012f, kuris per liet\u0173 atplauk\u0117 miesto gatv\u0117mis prie fontano, kita apie m\u0117nul\u012f, kuris vos neu\u017emigo sm\u0117lio d\u0117\u017e\u0117je, tre\u010dia apie drugelius, kurie skrendan\u010dius sk\u0117\u010dius priskyr\u0117 kitai drugeli\u0173 r\u016b\u0161iai.nn\u201eTaip ty\u010dia\u201c turi ir u\u017eduo\u010di\u0173 knygel\u0119, kuri\u0105 galima i\u0161spr\u0119sti ir nuspalvinti. U\u017eduot\u0117l\u0117s linksmos ir i\u0161radingos, susijusios su knygos veik\u0117jais, bet ir kvie\u010dian\u010dios kurti patiems.nnTrumpos istorijos skirtos jaunesnio am\u017eiaus vaikams, kurie dar tik mokosi skaityti (arba kuriems sud\u0117tingiau i\u0161laikyti d\u0117mes\u012f ilgam tekstui) (4-7m).nn\u012esigydami Vandos Padimanskait\u0117s knyg\u0105 \u201eTaip ty\u010dia\u201c, paremsite sunkiai onkologin\u0117mis ligomis sergan\u010dius vaikus. Surinkti pinigai bus panaudoti suteikiant reikiam\u0105 pagalb\u0105 vaikams ir j\u0173 \u0161eimoms bei i\u0161pildant slaptas vaiku\u010di\u0173 svajones!n&quot;}\" data-sheets-userformat=\"{&quot;2&quot;:769,&quot;3&quot;:{&quot;1&quot;:0},&quot;11&quot;:4,&quot;12&quot;:0}\">Vandos Padimanskait\u0117s \u201eTaip ty\u010dia\u201c knygel\u0117 susideda ne i\u0161 vienos pasakait\u0117s, o atskir\u0173 trump\u0173 istorij\u0173. Toki\u0173 atskir\u0173 istorij\u0173 knygoje yra penkiolika. Viena apie bangin\u012f, kuris per liet\u0173 atplauk\u0117 miesto gatv\u0117mis prie fontano, kita apie m\u0117nul\u012f, kuris vos neu\u017emigo sm\u0117lio d\u0117\u017e\u0117je, tre\u010dia apie drugelius, kurie skrendan\u010dius sk\u0117\u010dius priskyr\u0117 kitai drugeli\u0173 r\u016b\u0161iai.<\/span><\/p>\n<p>\u201eTaip ty\u010dia\u201c turi ir u\u017eduo\u010di\u0173 knygel\u0119, kuri\u0105 galima i\u0161spr\u0119sti ir nuspalvinti. U\u017eduot\u0117l\u0117s linksmos ir i\u0161radingos, susijusios su knygos veik\u0117jais, bet ir kvie\u010dian\u010dios kurti patiems.<\/p>\n<p>Trumpos istorijos skirtos jaunesnio am\u017eiaus vaikams, kurie dar tik mokosi skaityti (arba kuriems sud\u0117tingiau i\u0161laikyti d\u0117mes\u012f ilgam tekstui) (4-7m).<\/p>\n<p>\u012esigydami Vandos Padimanskait\u0117s knyg\u0105 \u201eTaip ty\u010dia\u201c, paremsite sunkiai onkologin\u0117mis ligomis sergan\u010dius vaikus. Surinkti pinigai bus panaudoti suteikiant reikiam\u0105 pagalb\u0105 vaikams ir j\u0173 \u0161eimoms bei i\u0161pildant slaptas vaiku\u010di\u0173 svajones!<\/p>\n","protected":false},"excerpt":{"rendered":"<p><span data-sheets-value=\"{&quot;1&quot;:2,&quot;2&quot;:&quot;Pasinerkite \u012f nuotyki\u0173 pasaul\u012f drauge su skirtingais pasakai\u010di\u0173 herojais ir prisid\u0117kite prie pagalbos m\u016bs\u0173 ma\u017eiesiems didvyriams! &quot;}\" data-sheets-userformat=\"{&quot;2&quot;:769,&quot;3&quot;:{&quot;1&quot;:0},&quot;11&quot;:4,&quot;12&quot;:0}\">Pasinerkite \u012f nuotyki\u0173 pasaul\u012f drauge su skirtingais pasakai\u010di\u0173 herojais ir prisid\u0117kite prie pagalbos m\u016bs\u0173 ma\u017eiesiems didvyriams! <\/span><\/p>\n","protected":false},"featured_media":12924,"comment_status":"closed","ping_status":"closed","template":"","meta":[],"product_brand":[],"product_cat":[520],"product_tag":[],"class_list":{"0":"post-15000","1":"product","2":"type-product","3":"status-publish","4":"has-post-thumbnail","6":"product_cat-vaikams","8":"first","9":"outofstock","10":"shipping-taxable","11":"purchasable","12":"product-type-simple"},"_links":{"self":[{"href":"https:\/\/signus.agency\/lt\/wp-json\/wp\/v2\/product\/15000","targetHints":{"allow":["GET"]}}],"collection":[{"href":"https:\/\/signus.agency\/lt\/wp-json\/wp\/v2\/product"}],"about":[{"href":"https:\/\/signus.agency\/lt\/wp-json\/wp\/v2\/types\/product"}],"replies":[{"embeddable":true,"href":"https:\/\/signus.agency\/lt\/wp-json\/wp\/v2\/comments?post=15000"}],"wp:featuredmedia":[{"embeddable":true,"href":"https:\/\/signus.agency\/lt\/wp-json\/wp\/v2\/media\/12924"}],"wp:attachment":[{"href":"https:\/\/signus.agency\/lt\/wp-json\/wp\/v2\/media?parent=15000"}],"wp:term":[{"taxonomy":"product_brand","embeddable":true,"href":"https:\/\/signus.agency\/lt\/wp-json\/wp\/v2\/product_brand?post=15000"},{"taxonomy":"product_cat","embeddable":true,"href":"https:\/\/signus.agency\/lt\/wp-json\/wp\/v2\/product_cat?post=15000"},{"taxonomy":"product_tag","embeddable":true,"href":"https:\/\/signus.agency\/lt\/wp-json\/wp\/v2\/product_tag?post=15000"}],"curies":[{"name":"wp","href":"https:\/\/api.w.org\/{rel}","templated":true}]}}