{"id":14995,"date":"2025-05-10T10:32:01","date_gmt":"2025-05-10T10:32:01","guid":{"rendered":"https:\/\/signus.agency\/product\/knyga-naktines-viesbucio-barkvilis-istorijos\/"},"modified":"2025-05-14T12:13:27","modified_gmt":"2025-05-14T12:13:27","slug":"knyga-naktines-viesbucio-barkvilis-istorijos","status":"publish","type":"product","link":"https:\/\/signus.agency\/lt\/produktas\/knyga-naktines-viesbucio-barkvilis-istorijos\/","title":{"rendered":"Knyga \u201eNaktin\u0117s vie\u0161bu\u010dio Barkvilis istorijos\u201c"},"content":{"rendered":"<p><span data-sheets-value=\"{&quot;1&quot;:2,&quot;2&quot;:&quot;\u201eSharejoy\u201c \u2014 tai nekomercinis, inovatyvus ir analog\u0173 neturintis projektas. Projekto tikslas \u2013 paremti vaikus, sergan\u010dius onkologin\u0117mis ligomis bei palengvinti j\u0173 kasdienyb\u0119 suteikiant teigiam\u0173 emocij\u0173 doz\u0119 tyrin\u0117jant d\u017eiaugsmingus \u201eSharejoy\u201c k\u016brinius. Mes tikime, kad sveikimas prasideda nuo pozityvaus m\u0105stymo ir ger\u0173 emocij\u0173.nnKvie\u010diame jus pasi\u017evalgyti po interaktyvaus projekto teikiam\u0105 d\u017eiaugsm\u0105 vaikams interneto svetain\u0117je www.sharejoy.lt. \u012esigydami \u0161i\u0105 interaktyvi\u0105 knyg\u0105 J\u016bs dovanosite savo vaikams \u0161ypsen\u0105 bei paremsite sunkiai sergan\u010dius Lietuvos vaikus. &quot;}\" data-sheets-userformat=\"{&quot;2&quot;:769,&quot;3&quot;:{&quot;1&quot;:0},&quot;11&quot;:4,&quot;12&quot;:0}\">\u201eSharejoy\u201c \u2014 tai nekomercinis, inovatyvus ir analog\u0173 neturintis projektas. Projekto tikslas \u2013 paremti vaikus, sergan\u010dius onkologin\u0117mis ligomis bei palengvinti j\u0173 kasdienyb\u0119 suteikiant teigiam\u0173 emocij\u0173 doz\u0119 tyrin\u0117jant d\u017eiaugsmingus \u201eSharejoy\u201c k\u016brinius. Mes tikime, kad sveikimas prasideda nuo pozityvaus m\u0105stymo ir ger\u0173 emocij\u0173.<\/span><\/p>\n<p>Kvie\u010diame jus pasi\u017evalgyti po interaktyvaus projekto teikiam\u0105 d\u017eiaugsm\u0105 vaikams interneto svetain\u0117je www.sharejoy.lt. \u012esigydami \u0161i\u0105 interaktyvi\u0105 knyg\u0105 J\u016bs dovanosite savo vaikams \u0161ypsen\u0105 bei paremsite sunkiai sergan\u010dius Lietuvos vaikus.<\/p>\n","protected":false},"excerpt":{"rendered":"<p><span data-sheets-value=\"{&quot;1&quot;:2,&quot;2&quot;:&quot;Pasinerkite \u012f nuotyki\u0173 pasaul\u012f drauge su 3D formatu atgyjan\u010diais \u0161uniukais ir prisid\u0117kite prie pagalbos m\u016bs\u0173 ma\u017eiesiems didvyriams! &quot;}\" data-sheets-userformat=\"{&quot;2&quot;:769,&quot;3&quot;:{&quot;1&quot;:0},&quot;11&quot;:4,&quot;12&quot;:0}\">Pasinerkite \u012f nuotyki\u0173 pasaul\u012f drauge su 3D formatu atgyjan\u010diais \u0161uniukais ir prisid\u0117kite prie pagalbos m\u016bs\u0173 ma\u017eiesiems didvyriams! <\/span><\/p>\n","protected":false},"featured_media":12930,"comment_status":"closed","ping_status":"closed","template":"","meta":[],"product_brand":[],"product_cat":[518],"product_tag":[],"class_list":{"0":"post-14995","1":"product","2":"type-product","3":"status-publish","4":"has-post-thumbnail","6":"product_cat-knygos","8":"first","9":"instock","10":"shipping-taxable","11":"purchasable","12":"product-type-simple"},"_links":{"self":[{"href":"https:\/\/signus.agency\/lt\/wp-json\/wp\/v2\/product\/14995","targetHints":{"allow":["GET"]}}],"collection":[{"href":"https:\/\/signus.agency\/lt\/wp-json\/wp\/v2\/product"}],"about":[{"href":"https:\/\/signus.agency\/lt\/wp-json\/wp\/v2\/types\/product"}],"replies":[{"embeddable":true,"href":"https:\/\/signus.agency\/lt\/wp-json\/wp\/v2\/comments?post=14995"}],"wp:featuredmedia":[{"embeddable":true,"href":"https:\/\/signus.agency\/lt\/wp-json\/wp\/v2\/media\/12930"}],"wp:attachment":[{"href":"https:\/\/signus.agency\/lt\/wp-json\/wp\/v2\/media?parent=14995"}],"wp:term":[{"taxonomy":"product_brand","embeddable":true,"href":"https:\/\/signus.agency\/lt\/wp-json\/wp\/v2\/product_brand?post=14995"},{"taxonomy":"product_cat","embeddable":true,"href":"https:\/\/signus.agency\/lt\/wp-json\/wp\/v2\/product_cat?post=14995"},{"taxonomy":"product_tag","embeddable":true,"href":"https:\/\/signus.agency\/lt\/wp-json\/wp\/v2\/product_tag?post=14995"}],"curies":[{"name":"wp","href":"https:\/\/api.w.org\/{rel}","templated":true}]}}