{"id":14953,"date":"2025-05-10T10:31:53","date_gmt":"2025-05-10T10:31:53","guid":{"rendered":"https:\/\/signus.agency\/product\/dzemperis-vaikams-kindnesspoint\/"},"modified":"2025-05-14T12:16:11","modified_gmt":"2025-05-14T12:16:11","slug":"vaikiskas-dzemperis-uzsidektaska","status":"publish","type":"product","link":"https:\/\/signus.agency\/lt\/produktas\/vaikiskas-dzemperis-uzsidektaska\/","title":{"rendered":"Vaiki\u0161kas d\u017eemperis #U\u017dSID\u0116KTA\u0160K\u0104"},"content":{"rendered":"<p><strong>#U\u017dSID\u0116KTA\u0160K\u0104, sukurk ger\u0105 darb\u0105!<\/strong><\/p>\n<p>U\u017e kiekvien\u0105 ta\u0161k\u0105 surinktos l\u0117\u0161os skiriamos sunkiai sergantiems vaikams \u2013 med. \u012frangos ir medikament\u0173 apr\u016bpinimui, svarbi\u0173 gydym\u0173 ir operacij\u0173 \u012fgyvendinimui bei slapt\u0173 svajoni\u0173 i\u0161pildymui.<\/p>\n","protected":false},"excerpt":{"rendered":"<p>Gerumo ta\u0161ku pa\u017eym\u0117ti vaiki\u0161ki d\u017eemperiai, pagaminti i\u0161 \u0161ukuotos organin\u0117s medviln\u0117s ir perdirbto poliesterio, simbolizuojantys paprastum\u0105, param\u0105 vaikams ir gerus darbus prie kuri\u0173 J\u016bs kvie\u010diami tiesiogiai prisid\u0117ti \u012fsigyjant \u0161\u012f stiling\u0105 atribut\u0105.<\/p>\n<p>Sud\u0117tis: 85% \u0161ukuota organin\u0117 medviln\u0117, 15% perdirbtas poliesteris<\/p>\n","protected":false},"featured_media":12760,"comment_status":"closed","ping_status":"closed","template":"","meta":[],"product_brand":[],"product_cat":[515,529,520],"product_tag":[],"class_list":{"0":"post-14953","1":"product","2":"type-product","3":"status-publish","4":"has-post-thumbnail","6":"product_cat-uzsidektaska-kolekcija","7":"product_cat-dzemperiai","8":"product_cat-vaikams","10":"first","11":"instock","12":"shipping-taxable","13":"purchasable","14":"product-type-variable"},"_links":{"self":[{"href":"https:\/\/signus.agency\/lt\/wp-json\/wp\/v2\/product\/14953","targetHints":{"allow":["GET"]}}],"collection":[{"href":"https:\/\/signus.agency\/lt\/wp-json\/wp\/v2\/product"}],"about":[{"href":"https:\/\/signus.agency\/lt\/wp-json\/wp\/v2\/types\/product"}],"replies":[{"embeddable":true,"href":"https:\/\/signus.agency\/lt\/wp-json\/wp\/v2\/comments?post=14953"}],"wp:featuredmedia":[{"embeddable":true,"href":"https:\/\/signus.agency\/lt\/wp-json\/wp\/v2\/media\/12760"}],"wp:attachment":[{"href":"https:\/\/signus.agency\/lt\/wp-json\/wp\/v2\/media?parent=14953"}],"wp:term":[{"taxonomy":"product_brand","embeddable":true,"href":"https:\/\/signus.agency\/lt\/wp-json\/wp\/v2\/product_brand?post=14953"},{"taxonomy":"product_cat","embeddable":true,"href":"https:\/\/signus.agency\/lt\/wp-json\/wp\/v2\/product_cat?post=14953"},{"taxonomy":"product_tag","embeddable":true,"href":"https:\/\/signus.agency\/lt\/wp-json\/wp\/v2\/product_tag?post=14953"}],"curies":[{"name":"wp","href":"https:\/\/api.w.org\/{rel}","templated":true}]}}