{"id":14919,"date":"2025-05-10T10:32:01","date_gmt":"2025-05-10T10:32:01","guid":{"rendered":"https:\/\/signus.agency\/product\/pasaka-gauruota-pasaka\/"},"modified":"2025-05-14T12:13:03","modified_gmt":"2025-05-14T12:13:03","slug":"pasaku-knyga-gauruota-pasaka","status":"publish","type":"product","link":"https:\/\/signus.agency\/lt\/produktas\/pasaku-knyga-gauruota-pasaka\/","title":{"rendered":"Pasak\u0173 knyga \u201eGauruota pasaka\u201c"},"content":{"rendered":"<p>Knygoje autor\u0117 Vanda Padimanskait\u0117 pasakoja apie vienos nediduk\u0117s me\u0161kos, atsibudusios po \u017eiemos miego, gyvenim\u0105 mi\u0161ke ir j\u0105 lankan\u010dias mintis it \u0161ir\u0161es. Ta me\u0161kut\u0117, apie kuri\u0105 autor\u0117 pasakoja, tai ir a\u0161, ir Tu. Tai mes, ie\u0161kantys draug\u0173 ir juos randantys, net kai visai to nesitikim.<\/p>\n<p>\u012esigydami Vandos Padimanskait\u0117s knyg\u0105 \u201eGauruota pasaka\u201c, paremsite sunkiai onkologin\u0117mis ligomis sergan\u010dius vaikus. Surinkti pinigai bus panaudoti suteikiant reikiam\u0105 pagalb\u0105 vaikams ir j\u0173 \u0161eimoms bei i\u0161pildant slaptas vaiku\u010di\u0173 svajones!<\/p>\n","protected":false},"excerpt":{"rendered":"<p>Pasinerkite \u012f nuotyki\u0173 pasaul\u012f drauge su gauruota me\u0161kute ir prisid\u0117kite prie pagalbos m\u016bs\u0173 ma\u017eiesiems didvyriams!<\/p>\n","protected":false},"featured_media":12934,"comment_status":"closed","ping_status":"closed","template":"","meta":[],"product_brand":[],"product_cat":[518],"product_tag":[],"class_list":{"0":"post-14919","1":"product","2":"type-product","3":"status-publish","4":"has-post-thumbnail","6":"product_cat-knygos","8":"first","9":"instock","10":"shipping-taxable","11":"purchasable","12":"product-type-simple"},"_links":{"self":[{"href":"https:\/\/signus.agency\/lt\/wp-json\/wp\/v2\/product\/14919","targetHints":{"allow":["GET"]}}],"collection":[{"href":"https:\/\/signus.agency\/lt\/wp-json\/wp\/v2\/product"}],"about":[{"href":"https:\/\/signus.agency\/lt\/wp-json\/wp\/v2\/types\/product"}],"replies":[{"embeddable":true,"href":"https:\/\/signus.agency\/lt\/wp-json\/wp\/v2\/comments?post=14919"}],"wp:featuredmedia":[{"embeddable":true,"href":"https:\/\/signus.agency\/lt\/wp-json\/wp\/v2\/media\/12934"}],"wp:attachment":[{"href":"https:\/\/signus.agency\/lt\/wp-json\/wp\/v2\/media?parent=14919"}],"wp:term":[{"taxonomy":"product_brand","embeddable":true,"href":"https:\/\/signus.agency\/lt\/wp-json\/wp\/v2\/product_brand?post=14919"},{"taxonomy":"product_cat","embeddable":true,"href":"https:\/\/signus.agency\/lt\/wp-json\/wp\/v2\/product_cat?post=14919"},{"taxonomy":"product_tag","embeddable":true,"href":"https:\/\/signus.agency\/lt\/wp-json\/wp\/v2\/product_tag?post=14919"}],"curies":[{"name":"wp","href":"https:\/\/api.w.org\/{rel}","templated":true}]}}