{"id":14911,"date":"2025-05-10T10:32:00","date_gmt":"2025-05-10T10:32:00","guid":{"rendered":"https:\/\/signus.agency\/product\/sveikinimo-atvirukas-kindnesspoint\/"},"modified":"2025-05-14T12:15:29","modified_gmt":"2025-05-14T12:15:29","slug":"atvirute-uzsidektaska","status":"publish","type":"product","link":"https:\/\/signus.agency\/lt\/produktas\/atvirute-uzsidektaska\/","title":{"rendered":"Atvirut\u0117 #U\u017dSID\u0116KTA\u0160K\u0104"},"content":{"rendered":"<p>M\u016bs\u0173 heroj\u0117s Liepos pie\u0161ti atvirukai! Su meile, spalvomis ir \u0161il\u010diausiais link\u0117jimais \u2013 J\u016bs\u0173 svarbiai progai. Prie kiekvieno atviruko prid\u0117tas ir gerumo ta\u0161kelis (\u012fsegamas \u017eenkliukas), kuris primins, kad prisid\u0117jote prie pagalbos sunkiai sergantiems vaikams.<br \/>\n\u012esigydami \u0161iuos atvirukus, kaip ir visus produktus m\u016bs\u0173 elektronin\u0117je parduotuv\u0117je, prisidedate prie paramos m\u016bs\u0173 herojams \u2013 kasdien kovojantiems u\u017e pergal\u0119 gyventi.<\/p>\n","protected":false},"excerpt":{"rendered":"<p>M\u016bs\u0173 heroj\u0117s Liepos pie\u0161ti atvirukai ir \u012fsegamas Ta\u0161kelio \u017eenkliukas.<\/p>\n","protected":false},"featured_media":12876,"comment_status":"closed","ping_status":"closed","template":"","meta":[],"product_brand":[],"product_cat":[515,528],"product_tag":[],"class_list":{"0":"post-14911","1":"product","2":"type-product","3":"status-publish","4":"has-post-thumbnail","6":"product_cat-uzsidektaska-kolekcija","7":"product_cat-kanceliarines-prekes","9":"first","10":"instock","11":"shipping-taxable","12":"purchasable","13":"product-type-variable"},"_links":{"self":[{"href":"https:\/\/signus.agency\/lt\/wp-json\/wp\/v2\/product\/14911","targetHints":{"allow":["GET"]}}],"collection":[{"href":"https:\/\/signus.agency\/lt\/wp-json\/wp\/v2\/product"}],"about":[{"href":"https:\/\/signus.agency\/lt\/wp-json\/wp\/v2\/types\/product"}],"replies":[{"embeddable":true,"href":"https:\/\/signus.agency\/lt\/wp-json\/wp\/v2\/comments?post=14911"}],"wp:featuredmedia":[{"embeddable":true,"href":"https:\/\/signus.agency\/lt\/wp-json\/wp\/v2\/media\/12876"}],"wp:attachment":[{"href":"https:\/\/signus.agency\/lt\/wp-json\/wp\/v2\/media?parent=14911"}],"wp:term":[{"taxonomy":"product_brand","embeddable":true,"href":"https:\/\/signus.agency\/lt\/wp-json\/wp\/v2\/product_brand?post=14911"},{"taxonomy":"product_cat","embeddable":true,"href":"https:\/\/signus.agency\/lt\/wp-json\/wp\/v2\/product_cat?post=14911"},{"taxonomy":"product_tag","embeddable":true,"href":"https:\/\/signus.agency\/lt\/wp-json\/wp\/v2\/product_tag?post=14911"}],"curies":[{"name":"wp","href":"https:\/\/api.w.org\/{rel}","templated":true}]}}