{"id":14841,"date":"2025-05-10T10:31:55","date_gmt":"2025-05-10T10:31:55","guid":{"rendered":"https:\/\/signus.agency\/product\/suknele-ir-kojines-kindnesspoint\/"},"modified":"2025-05-14T12:15:52","modified_gmt":"2025-05-14T12:15:52","slug":"uzsidektaska-suknele-ir-kojines","status":"publish","type":"product","link":"https:\/\/signus.agency\/lt\/produktas\/uzsidektaska-suknele-ir-kojines\/","title":{"rendered":"#U\u017dSID\u0116KTA\u0160K\u0104 Suknel\u0117 ir kojin\u0117s"},"content":{"rendered":"<p><strong>#U\u017dSID\u0116KTA\u0160K\u0104, sukurk ger\u0105 darb\u0105!<\/strong><\/p>\n<p>U\u017e kiekvien\u0105 ta\u0161k\u0105 surinktos l\u0117\u0161os skiriamos sunkiai sergantiems vaikams \u2013 med. \u012frangos ir medikament\u0173 apr\u016bpinimui, svarbi\u0173 gydym\u0173 ir operacij\u0173 \u012fgyvendinimui bei slapt\u0173 svajoni\u0173 i\u0161pildymui.<\/p>\n","protected":false},"excerpt":{"rendered":"<p>Gerumo ta\u0161ku pa\u017eym\u0117tos suknel\u0117s, pagamintos i\u0161 \u0161ukuotos organin\u0117s medviln\u0117s ir perdirbto poliesterio, simbolizuojan\u010dios paprastum\u0105, param\u0105 vaikams ir gerus darbus prie kuri\u0173 J\u016bs kvie\u010diami tiesiogiai prisid\u0117ti \u012fsigyjant \u0161\u012f stiling\u0105 atribut\u0105.<\/p>\n<p>Sud\u0117tis: 85% \u0161ukuota organin\u0117 medviln\u0117, 15% perdirbtas poliesteris<\/p>\n<p>Spalva: ruda<\/p>\n<p>Pradin\u0117 kaina 55 eur.<\/p>\n<p>\u0160ios gerumo ta\u0161ku pa\u017eym\u0117tos kojin\u0117s, sukurtos lietuvi\u0173 gamykloje \u201e\u201dSparta\u201d\u201d yra pagamintos i\u0161 bambuko pluo\u0161to, kuris pasi\u017eymi antibakterin\u0117mis savyb\u0117mis ir gars\u0117ja savo \u0161velnumu. Bambuko pluo\u0161tas sugeria ir i\u0161garina dr\u0117gm\u0119 iki keturi\u0173 kart\u0173 grei\u010diau nei medviln\u0117, labai gerai praleid\u017eia or\u0105 bei reguliuoja \u0161ilum\u0105.<\/p>\n<p>Sud\u0117tis: 80% Bambuko viskoz\u0117s pluo\u0161tas, 15% poliesteris ir 5% elastanas<\/p>\n<p>Spalva: ro\u017ein\u0117<\/p>\n<p>Ilgis: trumpos, vienas dydis<\/p>\n<p>Pradin\u0117 kaina 7 eur.<\/p>\n","protected":false},"featured_media":12845,"comment_status":"closed","ping_status":"closed","template":"","meta":[],"product_brand":[],"product_cat":[515,525,519],"product_tag":[],"class_list":{"0":"post-14841","1":"product","2":"type-product","3":"status-publish","4":"has-post-thumbnail","6":"product_cat-uzsidektaska-kolekcija","7":"product_cat-ispardavimas","8":"product_cat-sukneles","10":"first","11":"instock","12":"sale","13":"shipping-taxable","14":"purchasable","15":"product-type-variable"},"_links":{"self":[{"href":"https:\/\/signus.agency\/lt\/wp-json\/wp\/v2\/product\/14841","targetHints":{"allow":["GET"]}}],"collection":[{"href":"https:\/\/signus.agency\/lt\/wp-json\/wp\/v2\/product"}],"about":[{"href":"https:\/\/signus.agency\/lt\/wp-json\/wp\/v2\/types\/product"}],"replies":[{"embeddable":true,"href":"https:\/\/signus.agency\/lt\/wp-json\/wp\/v2\/comments?post=14841"}],"wp:featuredmedia":[{"embeddable":true,"href":"https:\/\/signus.agency\/lt\/wp-json\/wp\/v2\/media\/12845"}],"wp:attachment":[{"href":"https:\/\/signus.agency\/lt\/wp-json\/wp\/v2\/media?parent=14841"}],"wp:term":[{"taxonomy":"product_brand","embeddable":true,"href":"https:\/\/signus.agency\/lt\/wp-json\/wp\/v2\/product_brand?post=14841"},{"taxonomy":"product_cat","embeddable":true,"href":"https:\/\/signus.agency\/lt\/wp-json\/wp\/v2\/product_cat?post=14841"},{"taxonomy":"product_tag","embeddable":true,"href":"https:\/\/signus.agency\/lt\/wp-json\/wp\/v2\/product_tag?post=14841"}],"curies":[{"name":"wp","href":"https:\/\/api.w.org\/{rel}","templated":true}]}}