{"id":14830,"date":"2025-05-10T10:08:16","date_gmt":"2025-05-10T10:08:16","guid":{"rendered":"https:\/\/signus.agency\/?post_type=product&#038;p=14830"},"modified":"2025-05-14T12:12:27","modified_gmt":"2025-05-14T12:12:27","slug":"suknele-mini-diana-vapsve","status":"publish","type":"product","link":"https:\/\/signus.agency\/lt\/produktas\/suknele-mini-diana-vapsve\/","title":{"rendered":"Suknel\u0117 MINI &#8211; Diana Vapsv\u0117"},"content":{"rendered":"<p>Gerumo ta\u0161ku pa\u017eym\u0117ti \u0161ilti ir jauk\u016bs autoriniai laisvalaikio drabu\u017eiai neleis jums su\u0161alti ateinant\u012f sezon\u0105.<\/p>\n<p>Viduje audinys su p\u016bkeliu. Drabu\u017eiai yra oversize, tod\u0117l rekomenduojame rinktis ma\u017eesn\u012f, nei d\u0117vite \u012fprastai.<br \/>\nSud\u0117tis: 95% Medviln\u0117 5% Elastanas<br \/>\nSpalvos: m\u0117lyna, juoda<\/p>\n","protected":false},"excerpt":{"rendered":"<p><strong>#U\u017dSID\u0116KTA\u0160K\u0104 , mus visus vienija gerumas!<\/strong><\/p>\n<p><strong>Autorinis Dianos Vapsv\u0117s k\u016brinys, skirtas #U\u017dSID\u0116KTA\u0160K\u0104 linijai.<\/strong><\/p>\n<p><strong>Drauge mes stipresni!<\/strong><\/p>\n<p>U\u017e kiekvien\u0105 ta\u0161k\u0105 surinktos l\u0117\u0161os skiriamos sunkiai sergantiems vaikams \u2013 med. \u012frangos ir medikament\u0173 apr\u016bpinimui, svarbi\u0173 gydym\u0173 ir operacij\u0173 \u012fgyvendinimui bei slapt\u0173 svajoni\u0173 i\u0161pildymui.<\/p>\n","protected":false},"featured_media":13064,"comment_status":"closed","ping_status":"closed","template":"","meta":[],"product_brand":[],"product_cat":[515,525,519],"product_tag":[],"class_list":{"0":"post-14830","1":"product","2":"type-product","3":"status-publish","4":"has-post-thumbnail","6":"product_cat-uzsidektaska-kolekcija","7":"product_cat-ispardavimas","8":"product_cat-sukneles","10":"first","11":"outofstock","12":"sale","13":"featured","14":"shipping-taxable","15":"purchasable","16":"product-type-variable"},"_links":{"self":[{"href":"https:\/\/signus.agency\/lt\/wp-json\/wp\/v2\/product\/14830","targetHints":{"allow":["GET"]}}],"collection":[{"href":"https:\/\/signus.agency\/lt\/wp-json\/wp\/v2\/product"}],"about":[{"href":"https:\/\/signus.agency\/lt\/wp-json\/wp\/v2\/types\/product"}],"replies":[{"embeddable":true,"href":"https:\/\/signus.agency\/lt\/wp-json\/wp\/v2\/comments?post=14830"}],"wp:featuredmedia":[{"embeddable":true,"href":"https:\/\/signus.agency\/lt\/wp-json\/wp\/v2\/media\/13064"}],"wp:attachment":[{"href":"https:\/\/signus.agency\/lt\/wp-json\/wp\/v2\/media?parent=14830"}],"wp:term":[{"taxonomy":"product_brand","embeddable":true,"href":"https:\/\/signus.agency\/lt\/wp-json\/wp\/v2\/product_brand?post=14830"},{"taxonomy":"product_cat","embeddable":true,"href":"https:\/\/signus.agency\/lt\/wp-json\/wp\/v2\/product_cat?post=14830"},{"taxonomy":"product_tag","embeddable":true,"href":"https:\/\/signus.agency\/lt\/wp-json\/wp\/v2\/product_tag?post=14830"}],"curies":[{"name":"wp","href":"https:\/\/api.w.org\/{rel}","templated":true}]}}