{"id":14825,"date":"2025-05-10T10:58:13","date_gmt":"2025-05-10T10:58:13","guid":{"rendered":"https:\/\/signus.agency\/product\/termo-puodelis-su-sulankstomu-siaudeliu-kinddot\/"},"modified":"2025-05-13T20:19:32","modified_gmt":"2025-05-13T20:19:32","slug":"termo-puodelis-su-siaudeliu","status":"publish","type":"product","link":"https:\/\/signus.agency\/lt\/produktas\/termo-puodelis-su-siaudeliu\/","title":{"rendered":"#U\u017dSID\u0116KTA\u0160K\u0104 Termo puodelis su \u0161iaudeliu"},"content":{"rendered":"<p><strong>#U\u017dSID\u0116KTA\u0160K\u0104, sukurk ger\u0105 darb\u0105!<\/strong><br \/>\nU\u017e kiekvien\u0105 ta\u0161k\u0105 surinktos l\u0117\u0161os skiriamos sunkiai sergantiems vaikams \u2013 med. \u012frangos ir medikament\u0173 apr\u016bpinimui, svarbi\u0173 gydym\u0173 ir operacij\u0173 \u012fgyvendinimui bei slapt\u0173 svajoni\u0173 i\u0161pildymui.<\/p>\n","protected":false},"excerpt":{"rendered":"<ul>\n<li dir=\"ltr\" role=\"presentation\">Atlenkiamas \u0161iaudelis<\/li>\n<li dir=\"ltr\" role=\"presentation\">600ml<\/li>\n<li dir=\"ltr\" role=\"presentation\">100% nepralaidus<\/li>\n<li dir=\"ltr\" role=\"presentation\">Kar\u0161t\u012f i\u0161laikys iki 8val., \u0161alti \u2013 net iki 15val.<\/li>\n<li dir=\"ltr\" role=\"presentation\">Mink\u0161ta ranken\u0117l\u0117<\/li>\n<li dir=\"ltr\" role=\"presentation\">Be BPA<\/li>\n<\/ul>\n<p>Prie\u017ei\u016bra:<\/p>\n<p>Puodelis: plaukite reguliariai su \u0161velniu muilu ir \u0161iltu vandeniu.<\/p>\n<p>\u0160iaudelis: naudokite \u0161iaudelio valymui \u0161epet\u0117l\u012f, kuris prid\u0117tas prie kiekvieno puodelio.<\/p>\n<p>Galite naudoti indaplov\u0117je, ta\u010diau venkite stipresni\u0173 chemikal\u0173, kurie laikui b\u0117gant pa\u017eeist\u0173 puodelio i\u0161orin\u012f sluoksn\u012f.<\/p>\n<p>Laikymas: kuomet nenaudojate, laikykite puodel\u012f atidaryt\u0105, jog vidin\u0117 dalis pilnai i\u0161d\u017ei\u016bt\u0173.<\/p>\n<p>&nbsp;<\/p>\n<p>Talpa: 600ml<\/p>\n<p>I\u0161matavimai: 21,5cm auk\u0161tis, 10,4cm skersmuo<\/p>\n<p>Svoris: 450g<\/p>\n<p><em>Puodelis<\/em> pagamintas i\u0161 ner\u016bdijan\u010dio plieno, <em>dangtelis<\/em> ir <em>\u0161iaudelis<\/em> i\u0161 polipropileno, <em>ranken\u0117l\u0117<\/em> i\u0161 TPE plastiko, ranken\u0117l\u0117s sujungimo <em>sagel\u0117s<\/em> i\u0161 plieno.<\/p>\n","protected":false},"featured_media":14228,"comment_status":"closed","ping_status":"closed","template":"","meta":[],"product_brand":[],"product_cat":[515,522,527,517,531],"product_tag":[],"class_list":{"0":"post-14825","1":"product","2":"type-product","3":"status-publish","4":"has-post-thumbnail","6":"product_cat-uzsidektaska-kolekcija","7":"product_cat-naujienos","8":"product_cat-pavasaris-vasara","9":"product_cat-ruduo-ziema","10":"product_cat-vandens-gertuves","12":"first","13":"instock","14":"shipping-taxable","15":"purchasable","16":"product-type-variable"},"_links":{"self":[{"href":"https:\/\/signus.agency\/lt\/wp-json\/wp\/v2\/product\/14825","targetHints":{"allow":["GET"]}}],"collection":[{"href":"https:\/\/signus.agency\/lt\/wp-json\/wp\/v2\/product"}],"about":[{"href":"https:\/\/signus.agency\/lt\/wp-json\/wp\/v2\/types\/product"}],"replies":[{"embeddable":true,"href":"https:\/\/signus.agency\/lt\/wp-json\/wp\/v2\/comments?post=14825"}],"wp:featuredmedia":[{"embeddable":true,"href":"https:\/\/signus.agency\/lt\/wp-json\/wp\/v2\/media\/14228"}],"wp:attachment":[{"href":"https:\/\/signus.agency\/lt\/wp-json\/wp\/v2\/media?parent=14825"}],"wp:term":[{"taxonomy":"product_brand","embeddable":true,"href":"https:\/\/signus.agency\/lt\/wp-json\/wp\/v2\/product_brand?post=14825"},{"taxonomy":"product_cat","embeddable":true,"href":"https:\/\/signus.agency\/lt\/wp-json\/wp\/v2\/product_cat?post=14825"},{"taxonomy":"product_tag","embeddable":true,"href":"https:\/\/signus.agency\/lt\/wp-json\/wp\/v2\/product_tag?post=14825"}],"curies":[{"name":"wp","href":"https:\/\/api.w.org\/{rel}","templated":true}]}}