{"id":14820,"date":"2025-05-10T10:46:33","date_gmt":"2025-05-10T10:46:33","guid":{"rendered":"https:\/\/signus.agency\/product\/kuprine-pasaulyje-kindnesspoint\/"},"modified":"2025-05-10T10:46:33","modified_gmt":"2025-05-10T10:46:33","slug":"kuprine-pasaulyje-kindnesspoint","status":"publish","type":"product","link":"https:\/\/signus.agency\/lt\/produktas\/kuprine-pasaulyje-kindnesspoint\/","title":{"rendered":"Kuprin\u0117 pasaulyje #KINDNESSPOINT"},"content":{"rendered":"<p>Kuprin\u0117 #KINDNESSPOINT simbolizuoja paprastum\u0105, param\u0105 vaikams ir j\u016bs\u0173 kilnius poelgius.<br \/>\nMed\u017eiaga: Med\u017eiaga: 100% perdirbtas poliesteris<br \/>\nSpalvos: tamsiai m\u0117lyna&#8221;<\/p>\n","protected":false},"excerpt":{"rendered":"<p><strong>&#8222;Rinkite karmos ta\u0161kus pirkdami #KINDNESSPOINT linijos atributus!<\/strong><\/p>\n<p>U\u017e kiekvien\u0105 #KINDNESSPOINT gamin\u012f surinktos aukos bus skirtos sunkiai sergantiems vaikams &#8211; medicininei \u012frangai, vaistams, gydymui, operacijoms ir j\u0173 slaptoms svajon\u0117ms \u012fgyvendinti!&#8221;<\/p>\n","protected":false},"featured_media":13496,"comment_status":"closed","ping_status":"closed","template":"","meta":[],"product_brand":[],"product_cat":[515,516,517],"product_tag":[],"class_list":{"0":"post-14820","1":"product","2":"type-product","3":"status-publish","4":"has-post-thumbnail","6":"product_cat-uzsidektaska-kolekcija","7":"product_cat-aksesuarai","8":"product_cat-ruduo-ziema","10":"first","11":"instock","12":"shipping-taxable","13":"purchasable","14":"product-type-simple"},"_links":{"self":[{"href":"https:\/\/signus.agency\/lt\/wp-json\/wp\/v2\/product\/14820","targetHints":{"allow":["GET"]}}],"collection":[{"href":"https:\/\/signus.agency\/lt\/wp-json\/wp\/v2\/product"}],"about":[{"href":"https:\/\/signus.agency\/lt\/wp-json\/wp\/v2\/types\/product"}],"replies":[{"embeddable":true,"href":"https:\/\/signus.agency\/lt\/wp-json\/wp\/v2\/comments?post=14820"}],"wp:featuredmedia":[{"embeddable":true,"href":"https:\/\/signus.agency\/lt\/wp-json\/wp\/v2\/media\/13496"}],"wp:attachment":[{"href":"https:\/\/signus.agency\/lt\/wp-json\/wp\/v2\/media?parent=14820"}],"wp:term":[{"taxonomy":"product_brand","embeddable":true,"href":"https:\/\/signus.agency\/lt\/wp-json\/wp\/v2\/product_brand?post=14820"},{"taxonomy":"product_cat","embeddable":true,"href":"https:\/\/signus.agency\/lt\/wp-json\/wp\/v2\/product_cat?post=14820"},{"taxonomy":"product_tag","embeddable":true,"href":"https:\/\/signus.agency\/lt\/wp-json\/wp\/v2\/product_tag?post=14820"}],"curies":[{"name":"wp","href":"https:\/\/api.w.org\/{rel}","templated":true}]}}