{"id":14817,"date":"2025-05-10T10:36:51","date_gmt":"2025-05-10T10:36:51","guid":{"rendered":"https:\/\/signus.agency\/product\/uzrasu-knygele-lai-lyja-svajonem\/"},"modified":"2025-05-10T10:36:51","modified_gmt":"2025-05-10T10:36:51","slug":"uzrasu-knygele-lai-lyja-svajonem","status":"publish","type":"product","link":"https:\/\/signus.agency\/lt\/produktas\/uzrasu-knygele-lai-lyja-svajonem\/","title":{"rendered":"U\u017era\u0161\u0173 knygel\u0117 Lai lyja svajon\u0117m"},"content":{"rendered":"<p>U\u017era\u0161\u0173 knygel\u0117<\/p>\n<p>U\u017e kiekvien\u0105 #KINDNESSPOINT gamin\u012f surinktos aukos bus skirtos sunkiai sergantiems vaikams &#8211; medicininei \u012frangai, vaistams, gydymui, operacijoms ir j\u0173 slaptoms svajon\u0117ms \u012fgyvendinti!<\/p>\n","protected":false},"excerpt":{"rendered":"<p>U\u017era\u0161\u0173 knygel\u0117 U\u017e kiekvien\u0105 #KINDNESSPOINT gamin\u012f surinktos aukos bus skirtos sunkiai sergantiems vaikams &#8211; medicininei \u012frangai, vaistams, gydymui, operacijoms ir j\u0173 slaptoms svajon\u0117ms \u012fgyvendinti!<\/p>\n","protected":false},"featured_media":13492,"comment_status":"closed","ping_status":"closed","template":"","meta":[],"product_brand":[],"product_cat":[515,528],"product_tag":[],"class_list":{"0":"post-14817","1":"product","2":"type-product","3":"status-publish","4":"has-post-thumbnail","6":"product_cat-uzsidektaska-kolekcija","7":"product_cat-kanceliarines-prekes","9":"first","10":"instock","11":"shipping-taxable","12":"purchasable","13":"product-type-variable","14":"has-default-attributes"},"_links":{"self":[{"href":"https:\/\/signus.agency\/lt\/wp-json\/wp\/v2\/product\/14817","targetHints":{"allow":["GET"]}}],"collection":[{"href":"https:\/\/signus.agency\/lt\/wp-json\/wp\/v2\/product"}],"about":[{"href":"https:\/\/signus.agency\/lt\/wp-json\/wp\/v2\/types\/product"}],"replies":[{"embeddable":true,"href":"https:\/\/signus.agency\/lt\/wp-json\/wp\/v2\/comments?post=14817"}],"wp:featuredmedia":[{"embeddable":true,"href":"https:\/\/signus.agency\/lt\/wp-json\/wp\/v2\/media\/13492"}],"wp:attachment":[{"href":"https:\/\/signus.agency\/lt\/wp-json\/wp\/v2\/media?parent=14817"}],"wp:term":[{"taxonomy":"product_brand","embeddable":true,"href":"https:\/\/signus.agency\/lt\/wp-json\/wp\/v2\/product_brand?post=14817"},{"taxonomy":"product_cat","embeddable":true,"href":"https:\/\/signus.agency\/lt\/wp-json\/wp\/v2\/product_cat?post=14817"},{"taxonomy":"product_tag","embeddable":true,"href":"https:\/\/signus.agency\/lt\/wp-json\/wp\/v2\/product_tag?post=14817"}],"curies":[{"name":"wp","href":"https:\/\/api.w.org\/{rel}","templated":true}]}}