{"id":14786,"date":"2025-05-10T10:39:00","date_gmt":"2025-05-10T10:39:00","guid":{"rendered":"https:\/\/signus.agency\/product\/vandens-buteliukas-kinddot\/"},"modified":"2025-05-14T12:25:21","modified_gmt":"2025-05-14T12:25:21","slug":"uzsidektaska-gertuve","status":"publish","type":"product","link":"https:\/\/signus.agency\/lt\/produktas\/uzsidektaska-gertuve\/","title":{"rendered":"#U\u017dSID\u0116KTA\u0160K\u0104 Gertuv\u0117"},"content":{"rendered":"<p>U\u017e kiekvien\u0105 ta\u0161k\u0105 surinktos l\u0117\u0161os skiriamos sunkiai sergantiems vaikams \u2013 med. \u012frangos ir medikament\u0173 apr\u016bpinimui, svarbi\u0173 gydym\u0173 ir operacij\u0173 \u012fgyvendinimui bei slapt\u0173 svajoni\u0173 i\u0161pildymui.<\/p>\n","protected":false},"excerpt":{"rendered":"<p>\u0160i gertuv\u0117 pagaminta i\u0161 auk\u0161\u010diausios kokyb\u0117s ir 100% perdirbamo plastiko Tritan, kuris u\u017etikrina ilg\u0105 gertuv\u0117s tarnavimo laik\u0105. Be BPA.<\/p>\n<p>\u2022 Gertuv\u0117s talpa 600 ml<br \/>\n\u2022 Gertuv\u0117s kam\u0161telis 100% nepralaidus<br \/>\n\u2022 Lengva prie\u017ei\u016bra. Galima plauti indaplov\u0117je\u2022 Turi papildom\u0105 ranken\u0105 ne\u0161iojimui\u2022 Turi papildom\u0105 ranken\u0105 ne\u0161iojimui<\/p>\n<p>Spalva: juoda, \u017eydra, matin\u0117 balta, violeti\u0161ka ro\u017ein\u0117<\/p>\n","protected":false},"featured_media":13598,"comment_status":"closed","ping_status":"closed","template":"","meta":[],"product_brand":[],"product_cat":[515,522,520,531],"product_tag":[],"class_list":{"0":"post-14786","1":"product","2":"type-product","3":"status-publish","4":"has-post-thumbnail","6":"product_cat-uzsidektaska-kolekcija","7":"product_cat-naujienos","8":"product_cat-vaikams","9":"product_cat-vandens-gertuves","11":"first","12":"instock","13":"shipping-taxable","14":"purchasable","15":"product-type-variable"},"_links":{"self":[{"href":"https:\/\/signus.agency\/lt\/wp-json\/wp\/v2\/product\/14786","targetHints":{"allow":["GET"]}}],"collection":[{"href":"https:\/\/signus.agency\/lt\/wp-json\/wp\/v2\/product"}],"about":[{"href":"https:\/\/signus.agency\/lt\/wp-json\/wp\/v2\/types\/product"}],"replies":[{"embeddable":true,"href":"https:\/\/signus.agency\/lt\/wp-json\/wp\/v2\/comments?post=14786"}],"wp:featuredmedia":[{"embeddable":true,"href":"https:\/\/signus.agency\/lt\/wp-json\/wp\/v2\/media\/13598"}],"wp:attachment":[{"href":"https:\/\/signus.agency\/lt\/wp-json\/wp\/v2\/media?parent=14786"}],"wp:term":[{"taxonomy":"product_brand","embeddable":true,"href":"https:\/\/signus.agency\/lt\/wp-json\/wp\/v2\/product_brand?post=14786"},{"taxonomy":"product_cat","embeddable":true,"href":"https:\/\/signus.agency\/lt\/wp-json\/wp\/v2\/product_cat?post=14786"},{"taxonomy":"product_tag","embeddable":true,"href":"https:\/\/signus.agency\/lt\/wp-json\/wp\/v2\/product_tag?post=14786"}],"curies":[{"name":"wp","href":"https:\/\/api.w.org\/{rel}","templated":true}]}}