{"id":14784,"date":"2025-05-10T10:36:51","date_gmt":"2025-05-10T10:36:51","guid":{"rendered":"https:\/\/signus.agency\/product\/termo-puodelis-kindnesspoint\/"},"modified":"2025-05-14T11:56:10","modified_gmt":"2025-05-14T11:56:10","slug":"termo-puodelis-uzsidektaska","status":"publish","type":"product","link":"https:\/\/signus.agency\/lt\/produktas\/termo-puodelis-uzsidektaska\/","title":{"rendered":"Termo puodelis #U\u017dSID\u0116KTA\u0160K\u0104"},"content":{"rendered":"<ul>\n<li>Pagaminta i\u0161 ner\u016bdijan\u010dio plieno;<\/li>\n<li>Palaiko \u0161ilum\u0105 iki 4 val.(priklausomai nuo g\u0117rimo temperat\u016bros);<\/li>\n<li>100% nepralaidus;<\/li>\n<li>Vidin\u0117 keramin\u0117 danga geresniam skoniui;<\/li>\n<li>Eleganti\u0161ka ir patogi apyrank\u0117s formos rankena;<\/li>\n<li>Talpa 300ml;<\/li>\n<li>Silikonu padengtas dugnas Spalvos: pilka, juoda, geltona.<\/li>\n<li><\/li>\n<\/ul>\n","protected":false},"excerpt":{"rendered":"<p><strong>#U\u017dSID\u0116KTA\u0160K\u0104, sukurk ger\u0105 darb\u0105!<\/strong><br \/>\nU\u017e kiekvien\u0105 ta\u0161k\u0105 surinktos l\u0117\u0161os skiriamos sunkiai sergantiems vaikams \u2013 med. \u012frangos ir medikament\u0173 apr\u016bpinimui, svarbi\u0173 gydym\u0173 ir operacij\u0173 \u012fgyvendinimui bei slapt\u0173 svajoni\u0173 i\u0161pildymui.<\/p>\n","protected":false},"featured_media":13365,"comment_status":"closed","ping_status":"closed","template":"","meta":[],"product_brand":[],"product_cat":[515,517,531],"product_tag":[],"class_list":{"0":"post-14784","1":"product","2":"type-product","3":"status-publish","4":"has-post-thumbnail","6":"product_cat-uzsidektaska-kolekcija","7":"product_cat-ruduo-ziema","8":"product_cat-vandens-gertuves","10":"first","11":"instock","12":"shipping-taxable","13":"purchasable","14":"product-type-variable"},"_links":{"self":[{"href":"https:\/\/signus.agency\/lt\/wp-json\/wp\/v2\/product\/14784","targetHints":{"allow":["GET"]}}],"collection":[{"href":"https:\/\/signus.agency\/lt\/wp-json\/wp\/v2\/product"}],"about":[{"href":"https:\/\/signus.agency\/lt\/wp-json\/wp\/v2\/types\/product"}],"replies":[{"embeddable":true,"href":"https:\/\/signus.agency\/lt\/wp-json\/wp\/v2\/comments?post=14784"}],"wp:featuredmedia":[{"embeddable":true,"href":"https:\/\/signus.agency\/lt\/wp-json\/wp\/v2\/media\/13365"}],"wp:attachment":[{"href":"https:\/\/signus.agency\/lt\/wp-json\/wp\/v2\/media?parent=14784"}],"wp:term":[{"taxonomy":"product_brand","embeddable":true,"href":"https:\/\/signus.agency\/lt\/wp-json\/wp\/v2\/product_brand?post=14784"},{"taxonomy":"product_cat","embeddable":true,"href":"https:\/\/signus.agency\/lt\/wp-json\/wp\/v2\/product_cat?post=14784"},{"taxonomy":"product_tag","embeddable":true,"href":"https:\/\/signus.agency\/lt\/wp-json\/wp\/v2\/product_tag?post=14784"}],"curies":[{"name":"wp","href":"https:\/\/api.w.org\/{rel}","templated":true}]}}