{"id":14776,"date":"2025-05-10T10:35:46","date_gmt":"2025-05-10T10:35:46","guid":{"rendered":"https:\/\/signus.agency\/product\/kojines-kindnesspoint\/"},"modified":"2025-05-14T11:45:32","modified_gmt":"2025-05-14T11:45:32","slug":"kojines-uzsidektaska","status":"publish","type":"product","link":"https:\/\/signus.agency\/lt\/produktas\/kojines-uzsidektaska\/","title":{"rendered":"Kojin\u0117s #U\u017dSID\u0116KTA\u0160K\u0104"},"content":{"rendered":"<p><strong>#U\u017dSID\u0116KTA\u0160K\u0104, sukurk ger\u0105 darb\u0105!<\/strong><\/p>\n<p>U\u017e kiekvien\u0105 ta\u0161k\u0105 surinktos l\u0117\u0161os skiriamos sunkiai sergantiems vaikams \u2013 med. \u012frangos ir medikament\u0173 apr\u016bpinimui, svarbi\u0173 gydym\u0173 ir operacij\u0173 \u012fgyvendinimui bei slapt\u0173 svajoni\u0173 i\u0161pildymui.<\/p>\n","protected":false},"excerpt":{"rendered":"<p>\u0160ios gerumo ta\u0161ku pa\u017eym\u0117tos kojin\u0117s, sukurtos lietuvi\u0173 gamykloje &#8222;&#8221;Sparta&#8221;&#8221; yra pagamintos i\u0161 bambuko pluo\u0161to, kuris pasi\u017eymi antibakterin\u0117mis savyb\u0117mis ir gars\u0117ja savo \u0161velnumu. Bambuko pluo\u0161tas sugeria ir i\u0161garina dr\u0117gm\u0119 iki keturi\u0173 kart\u0173 grei\u010diau nei medviln\u0117, labai gerai praleid\u017eia or\u0105 bei reguliuoja \u0161ilum\u0105.<\/p>\n<p>Sud\u0117tis: 80% Bambuko viskoz\u0117s pluo\u0161tas, 15% poliesteris ir 5% elastanas<\/p>\n<p>Spalvos: juoda, balta, tamsiai m\u0117lyna, ro\u017ein\u0117<\/p>\n<p>Ilgis: klasikin\u0117s, trumpos<\/p>\n","protected":false},"featured_media":13569,"comment_status":"closed","ping_status":"closed","template":"","meta":[],"product_brand":[],"product_cat":[515,526],"product_tag":[],"class_list":{"0":"post-14776","1":"product","2":"type-product","3":"status-publish","4":"has-post-thumbnail","6":"product_cat-uzsidektaska-kolekcija","7":"product_cat-kojines","9":"first","10":"instock","11":"shipping-taxable","12":"purchasable","13":"product-type-variable"},"_links":{"self":[{"href":"https:\/\/signus.agency\/lt\/wp-json\/wp\/v2\/product\/14776","targetHints":{"allow":["GET"]}}],"collection":[{"href":"https:\/\/signus.agency\/lt\/wp-json\/wp\/v2\/product"}],"about":[{"href":"https:\/\/signus.agency\/lt\/wp-json\/wp\/v2\/types\/product"}],"replies":[{"embeddable":true,"href":"https:\/\/signus.agency\/lt\/wp-json\/wp\/v2\/comments?post=14776"}],"wp:featuredmedia":[{"embeddable":true,"href":"https:\/\/signus.agency\/lt\/wp-json\/wp\/v2\/media\/13569"}],"wp:attachment":[{"href":"https:\/\/signus.agency\/lt\/wp-json\/wp\/v2\/media?parent=14776"}],"wp:term":[{"taxonomy":"product_brand","embeddable":true,"href":"https:\/\/signus.agency\/lt\/wp-json\/wp\/v2\/product_brand?post=14776"},{"taxonomy":"product_cat","embeddable":true,"href":"https:\/\/signus.agency\/lt\/wp-json\/wp\/v2\/product_cat?post=14776"},{"taxonomy":"product_tag","embeddable":true,"href":"https:\/\/signus.agency\/lt\/wp-json\/wp\/v2\/product_tag?post=14776"}],"curies":[{"name":"wp","href":"https:\/\/api.w.org\/{rel}","templated":true}]}}