{"id":14775,"date":"2025-05-10T10:39:01","date_gmt":"2025-05-10T10:39:01","guid":{"rendered":"https:\/\/signus.agency\/product\/pagrindinis-kvapas-ikvepti-svajoniu\/"},"modified":"2025-05-10T10:39:01","modified_gmt":"2025-05-10T10:39:01","slug":"pagrindinis-kvapas-ikvepti-svajoniu","status":"publish","type":"product","link":"https:\/\/signus.agency\/lt\/produktas\/pagrindinis-kvapas-ikvepti-svajoniu\/","title":{"rendered":"Pagrindinis kvapas &#8222;\u012ekv\u0117pti svajoni\u0173&#8221;"},"content":{"rendered":"<p>\u0160ventinis ir gyvas nam\u0173 kvapas pripildys j\u016bs\u0173 namus jaukumo, o \u0161ird\u012f &#8211; \u0161ilumos. \u012esigydami gerumo \u017eenklu pa\u017eym\u0117t\u0105 nam\u0173 kvap\u0105, prisid\u0117site prie paramos ma\u017eiesiems pacientams, kuriems kasdien stengiam\u0117s sukurti \u0161viesi\u0173 akimirk\u0173. Kvie\u010diame pasidalyti ypatingomis akimirkomis su m\u016bs\u0173 herojais pripildant savo erdv\u0119 i\u0161skirtiniu kvapu.  <\/p>\n","protected":false},"excerpt":{"rendered":"<p>\u0160ventinis ir gyvas nam\u0173 kvapas pripildys j\u016bs\u0173 namus jaukumo, o \u0161ird\u012f &#8211; \u0161ilumos. \u012esigydami gerumo \u017eenklu pa\u017eym\u0117t\u0105 nam\u0173 kvap\u0105, prisid\u0117site prie paramos ma\u017eiesiems pacientams, kuriems kasdien stengiam\u0117s sukurti \u0161viesi\u0173 akimirk\u0173&#8230;.<\/p>\n","protected":false},"featured_media":13541,"comment_status":"closed","ping_status":"closed","template":"","meta":[],"product_brand":[],"product_cat":[515,516,517],"product_tag":[],"class_list":{"0":"post-14775","1":"product","2":"type-product","3":"status-publish","4":"has-post-thumbnail","6":"product_cat-uzsidektaska-kolekcija","7":"product_cat-aksesuarai","8":"product_cat-ruduo-ziema","10":"first","11":"instock","12":"shipping-taxable","13":"purchasable","14":"product-type-simple"},"_links":{"self":[{"href":"https:\/\/signus.agency\/lt\/wp-json\/wp\/v2\/product\/14775","targetHints":{"allow":["GET"]}}],"collection":[{"href":"https:\/\/signus.agency\/lt\/wp-json\/wp\/v2\/product"}],"about":[{"href":"https:\/\/signus.agency\/lt\/wp-json\/wp\/v2\/types\/product"}],"replies":[{"embeddable":true,"href":"https:\/\/signus.agency\/lt\/wp-json\/wp\/v2\/comments?post=14775"}],"wp:featuredmedia":[{"embeddable":true,"href":"https:\/\/signus.agency\/lt\/wp-json\/wp\/v2\/media\/13541"}],"wp:attachment":[{"href":"https:\/\/signus.agency\/lt\/wp-json\/wp\/v2\/media?parent=14775"}],"wp:term":[{"taxonomy":"product_brand","embeddable":true,"href":"https:\/\/signus.agency\/lt\/wp-json\/wp\/v2\/product_brand?post=14775"},{"taxonomy":"product_cat","embeddable":true,"href":"https:\/\/signus.agency\/lt\/wp-json\/wp\/v2\/product_cat?post=14775"},{"taxonomy":"product_tag","embeddable":true,"href":"https:\/\/signus.agency\/lt\/wp-json\/wp\/v2\/product_tag?post=14775"}],"curies":[{"name":"wp","href":"https:\/\/api.w.org\/{rel}","templated":true}]}}