{"id":14767,"date":"2025-05-10T10:44:52","date_gmt":"2025-05-10T10:44:52","guid":{"rendered":"https:\/\/signus.agency\/product\/marskineliai-as-zinau-kindnesspoint\/"},"modified":"2025-05-10T10:44:52","modified_gmt":"2025-05-10T10:44:52","slug":"marskineliai-as-zinau-kindnesspoint","status":"publish","type":"product","link":"https:\/\/signus.agency\/lt\/produktas\/marskineliai-as-zinau-kindnesspoint\/","title":{"rendered":"Mar\u0161kin\u0117liai A\u0160 \u017dINAU #KINDNESSPOINT"},"content":{"rendered":"<p>Mar\u0161kin\u0117liai #KINDNESSPOINT<br \/>\npagaminti i\u0161 \u0161ukuotos organin\u0117s medviln\u0117s ir perdirbto poliesterio, simbolizuojantys paprastum\u0105, param\u0105 vaikams ir j\u016bs\u0173 kilnius poelgius.<\/p>\n<p>Med\u017eiaga: Med\u017eiaga: 100% \u0161ukuotin\u0117 organin\u0117 medviln\u0117<\/p>\n<p>Spalvos: balta<\/p>\n","protected":false},"excerpt":{"rendered":"<p><strong>Rinkite karmos ta\u0161kus pirkdami #KINDNESSPOINT linijos atributus!<\/strong><\/p>\n<p>U\u017e kiekvien\u0105 #KINDNESSPOINT gamin\u012f surinktos aukos bus skirtos sunkiai sergantiems vaikams &#8211; medicininei \u012frangai, vaistams, gydymui, operacijoms ir j\u0173 slaptoms svajon\u0117ms \u012fgyvendinti!<\/p>\n","protected":false},"featured_media":13467,"comment_status":"closed","ping_status":"closed","template":"","meta":[],"product_brand":[],"product_cat":[515,530],"product_tag":[],"class_list":{"0":"post-14767","1":"product","2":"type-product","3":"status-publish","4":"has-post-thumbnail","6":"product_cat-uzsidektaska-kolekcija","7":"product_cat-marskineliai","9":"first","10":"instock","11":"shipping-taxable","12":"purchasable","13":"product-type-variable"},"_links":{"self":[{"href":"https:\/\/signus.agency\/lt\/wp-json\/wp\/v2\/product\/14767","targetHints":{"allow":["GET"]}}],"collection":[{"href":"https:\/\/signus.agency\/lt\/wp-json\/wp\/v2\/product"}],"about":[{"href":"https:\/\/signus.agency\/lt\/wp-json\/wp\/v2\/types\/product"}],"replies":[{"embeddable":true,"href":"https:\/\/signus.agency\/lt\/wp-json\/wp\/v2\/comments?post=14767"}],"wp:featuredmedia":[{"embeddable":true,"href":"https:\/\/signus.agency\/lt\/wp-json\/wp\/v2\/media\/13467"}],"wp:attachment":[{"href":"https:\/\/signus.agency\/lt\/wp-json\/wp\/v2\/media?parent=14767"}],"wp:term":[{"taxonomy":"product_brand","embeddable":true,"href":"https:\/\/signus.agency\/lt\/wp-json\/wp\/v2\/product_brand?post=14767"},{"taxonomy":"product_cat","embeddable":true,"href":"https:\/\/signus.agency\/lt\/wp-json\/wp\/v2\/product_cat?post=14767"},{"taxonomy":"product_tag","embeddable":true,"href":"https:\/\/signus.agency\/lt\/wp-json\/wp\/v2\/product_tag?post=14767"}],"curies":[{"name":"wp","href":"https:\/\/api.w.org\/{rel}","templated":true}]}}