{"id":14737,"date":"2025-05-10T10:46:33","date_gmt":"2025-05-10T10:46:33","guid":{"rendered":"https:\/\/signus.agency\/product\/dzemperis-su-gobtuvu-kindnesspoint\/"},"modified":"2025-05-10T10:46:33","modified_gmt":"2025-05-10T10:46:33","slug":"dzemperis-su-gobtuvu-kindnesspoint","status":"publish","type":"product","link":"https:\/\/signus.agency\/lt\/produktas\/dzemperis-su-gobtuvu-kindnesspoint\/","title":{"rendered":"D\u017eemperis su gobtuvu #KINDNESSPOINT"},"content":{"rendered":"<p>Megztinis #KINDNESSPOINT pagamintas i\u0161 \u0161ukuotos organin\u0117s medviln\u0117s ir perdirbto poliesterio, simbolizuojantis paprastum\u0105, param\u0105 vaikams ir j\u016bs\u0173 kilnius poelgius.<\/p>\n<p>Med\u017eiaga: Med\u017eiaga: 85 % \u0161ukuotin\u0117 ekologi\u0161ka medviln\u0117, 15 % perdirbtas poliesteris.<\/p>\n","protected":false},"excerpt":{"rendered":"<p><strong>Rinkite karmos ta\u0161kus pirkdami #KINDNESSPOINT linijos atributus!<\/strong><\/p>\n<p>U\u017e kiekvien\u0105 #KINDNESSPOINT gamin\u012f surinktos aukos bus skirtos sunkiai sergantiems vaikams &#8211; medicininei \u012frangai, vaistams, gydymui, operacijoms ir j\u0173 slaptoms svajon\u0117ms \u012fgyvendinti!<\/p>\n","protected":false},"featured_media":13526,"comment_status":"closed","ping_status":"closed","template":"","meta":[],"product_brand":[],"product_cat":[515,529,525],"product_tag":[],"class_list":{"0":"post-14737","1":"product","2":"type-product","3":"status-publish","4":"has-post-thumbnail","6":"product_cat-uzsidektaska-kolekcija","7":"product_cat-dzemperiai","8":"product_cat-ispardavimas","10":"first","11":"instock","12":"sale","13":"shipping-taxable","14":"purchasable","15":"product-type-variable"},"_links":{"self":[{"href":"https:\/\/signus.agency\/lt\/wp-json\/wp\/v2\/product\/14737","targetHints":{"allow":["GET"]}}],"collection":[{"href":"https:\/\/signus.agency\/lt\/wp-json\/wp\/v2\/product"}],"about":[{"href":"https:\/\/signus.agency\/lt\/wp-json\/wp\/v2\/types\/product"}],"replies":[{"embeddable":true,"href":"https:\/\/signus.agency\/lt\/wp-json\/wp\/v2\/comments?post=14737"}],"wp:featuredmedia":[{"embeddable":true,"href":"https:\/\/signus.agency\/lt\/wp-json\/wp\/v2\/media\/13526"}],"wp:attachment":[{"href":"https:\/\/signus.agency\/lt\/wp-json\/wp\/v2\/media?parent=14737"}],"wp:term":[{"taxonomy":"product_brand","embeddable":true,"href":"https:\/\/signus.agency\/lt\/wp-json\/wp\/v2\/product_brand?post=14737"},{"taxonomy":"product_cat","embeddable":true,"href":"https:\/\/signus.agency\/lt\/wp-json\/wp\/v2\/product_cat?post=14737"},{"taxonomy":"product_tag","embeddable":true,"href":"https:\/\/signus.agency\/lt\/wp-json\/wp\/v2\/product_tag?post=14737"}],"curies":[{"name":"wp","href":"https:\/\/api.w.org\/{rel}","templated":true}]}}