{"id":14715,"date":"2025-05-10T10:39:00","date_gmt":"2025-05-10T10:39:00","guid":{"rendered":"https:\/\/signus.agency\/product\/termo-vandens-buteliukas-kindnesspoint\/"},"modified":"2025-05-14T11:44:49","modified_gmt":"2025-05-14T11:44:49","slug":"termo-gertuve-uzsidektaska","status":"publish","type":"product","link":"https:\/\/signus.agency\/lt\/produktas\/termo-gertuve-uzsidektaska\/","title":{"rendered":"Termo gertuv\u0117 #U\u017dSID\u0116KTA\u0160K\u0104"},"content":{"rendered":"<ul>\n<li>Termo gertuv\u0117 pagaminta i\u0161 auk\u0161tos kokyb\u0117s ner\u016bdijan\u010dio plieno;<\/li>\n<li>Dviguba sienel\u0117 palaiko kar\u0161t\u0173 g\u0117rim\u0173 temperat\u016br\u0105 12 val., o \u0161alt\u0173 24 val;<\/li>\n<li>Gertuv\u0117s talpa 600 ml;<\/li>\n<li>Metalinis laikiklis pritaikytas patogiam ne\u0161iojimui;<\/li>\n<li>Neslystantis dugnas;<\/li>\n<li>100% vandeniui nepralaidus kam\u0161telis Spalvos: Juoda, \u017eydra.<\/li>\n<\/ul>\n","protected":false},"excerpt":{"rendered":"<p><strong>#U\u017dSID\u0116KTA\u0160K\u0104, sukurk ger\u0105 darb\u0105!<\/strong><br \/>\nU\u017e kiekvien\u0105 ta\u0161k\u0105 surinktos l\u0117\u0161os skiriamos sunkiai sergantiems vaikams \u2013 med. \u012frangos ir medikament\u0173 apr\u016bpinimui, svarbi\u0173 gydym\u0173 ir operacij\u0173 \u012fgyvendinimui bei slapt\u0173 svajoni\u0173 i\u0161pildymui.<\/p>\n","protected":false},"featured_media":13592,"comment_status":"closed","ping_status":"closed","template":"","meta":[],"product_brand":[],"product_cat":[515,517,531],"product_tag":[],"class_list":{"0":"post-14715","1":"product","2":"type-product","3":"status-publish","4":"has-post-thumbnail","6":"product_cat-uzsidektaska-kolekcija","7":"product_cat-ruduo-ziema","8":"product_cat-vandens-gertuves","10":"first","11":"instock","12":"shipping-taxable","13":"purchasable","14":"product-type-variable"},"_links":{"self":[{"href":"https:\/\/signus.agency\/lt\/wp-json\/wp\/v2\/product\/14715","targetHints":{"allow":["GET"]}}],"collection":[{"href":"https:\/\/signus.agency\/lt\/wp-json\/wp\/v2\/product"}],"about":[{"href":"https:\/\/signus.agency\/lt\/wp-json\/wp\/v2\/types\/product"}],"replies":[{"embeddable":true,"href":"https:\/\/signus.agency\/lt\/wp-json\/wp\/v2\/comments?post=14715"}],"wp:featuredmedia":[{"embeddable":true,"href":"https:\/\/signus.agency\/lt\/wp-json\/wp\/v2\/media\/13592"}],"wp:attachment":[{"href":"https:\/\/signus.agency\/lt\/wp-json\/wp\/v2\/media?parent=14715"}],"wp:term":[{"taxonomy":"product_brand","embeddable":true,"href":"https:\/\/signus.agency\/lt\/wp-json\/wp\/v2\/product_brand?post=14715"},{"taxonomy":"product_cat","embeddable":true,"href":"https:\/\/signus.agency\/lt\/wp-json\/wp\/v2\/product_cat?post=14715"},{"taxonomy":"product_tag","embeddable":true,"href":"https:\/\/signus.agency\/lt\/wp-json\/wp\/v2\/product_tag?post=14715"}],"curies":[{"name":"wp","href":"https:\/\/api.w.org\/{rel}","templated":true}]}}