{"id":14706,"date":"2025-05-10T10:44:52","date_gmt":"2025-05-10T10:44:52","guid":{"rendered":"https:\/\/signus.agency\/?post_type=product&#038;p=14706"},"modified":"2025-05-14T11:54:23","modified_gmt":"2025-05-14T11:54:23","slug":"vyriskos-kelnes-diana-vapsve","status":"publish","type":"product","link":"https:\/\/signus.agency\/lt\/produktas\/vyriskos-kelnes-diana-vapsve\/","title":{"rendered":"Vyri\u0161kos keln\u0117s &#8211; Diana Vapsv\u0117"},"content":{"rendered":"<p>Gerumo ta\u0161ku pa\u017eym\u0117ti \u0161ilti ir jauk\u016bs autoriniai laisvalaikio drabu\u017eiai neleis jums su\u0161alti ateinant\u012f sezon\u0105.<\/p>\n<p>Viduje audinys su p\u016bkeliu.<\/p>\n<p>Sud\u0117tis: 95% Medviln\u0117 5% Elastanas<\/p>\n<p>Spalvos: m\u0117lyna, juoda<\/p>\n","protected":false},"excerpt":{"rendered":"<p><strong>#U\u017dSID\u0116KTA\u0160K\u0104 , mus visus vienija gerumas!<\/strong><\/p>\n<p><strong>Autorinis Dianos Vapsv\u0117s k\u016brinys, skirtas #U\u017dSID\u0116KTA\u0160K\u0104 linijai.<\/strong><\/p>\n<p><strong>Drauge mes stipresni!<\/strong><\/p>\n<p>U\u017e kiekvien\u0105 ta\u0161k\u0105 surinktos l\u0117\u0161os skiriamos sunkiai sergantiems vaikams \u2013 med. \u012frangos ir medikament\u0173 apr\u016bpinimui, svarbi\u0173 gydym\u0173 ir operacij\u0173 \u012fgyvendinimui bei slapt\u0173 svajoni\u0173 i\u0161pildymui.<\/p>\n","protected":false},"featured_media":13422,"comment_status":"closed","ping_status":"closed","template":"","meta":[],"product_brand":[],"product_cat":[515,525,523],"product_tag":[],"class_list":{"0":"post-14706","1":"product","2":"type-product","3":"status-publish","4":"has-post-thumbnail","6":"product_cat-uzsidektaska-kolekcija","7":"product_cat-ispardavimas","8":"product_cat-kelnes-ir-sortai","10":"first","11":"outofstock","12":"sale","13":"featured","14":"shipping-taxable","15":"purchasable","16":"product-type-variable"},"_links":{"self":[{"href":"https:\/\/signus.agency\/lt\/wp-json\/wp\/v2\/product\/14706","targetHints":{"allow":["GET"]}}],"collection":[{"href":"https:\/\/signus.agency\/lt\/wp-json\/wp\/v2\/product"}],"about":[{"href":"https:\/\/signus.agency\/lt\/wp-json\/wp\/v2\/types\/product"}],"replies":[{"embeddable":true,"href":"https:\/\/signus.agency\/lt\/wp-json\/wp\/v2\/comments?post=14706"}],"wp:featuredmedia":[{"embeddable":true,"href":"https:\/\/signus.agency\/lt\/wp-json\/wp\/v2\/media\/13422"}],"wp:attachment":[{"href":"https:\/\/signus.agency\/lt\/wp-json\/wp\/v2\/media?parent=14706"}],"wp:term":[{"taxonomy":"product_brand","embeddable":true,"href":"https:\/\/signus.agency\/lt\/wp-json\/wp\/v2\/product_brand?post=14706"},{"taxonomy":"product_cat","embeddable":true,"href":"https:\/\/signus.agency\/lt\/wp-json\/wp\/v2\/product_cat?post=14706"},{"taxonomy":"product_tag","embeddable":true,"href":"https:\/\/signus.agency\/lt\/wp-json\/wp\/v2\/product_tag?post=14706"}],"curies":[{"name":"wp","href":"https:\/\/api.w.org\/{rel}","templated":true}]}}