{"id":14703,"date":"2025-05-10T10:54:22","date_gmt":"2025-05-10T10:54:22","guid":{"rendered":"https:\/\/signus.agency\/product\/pirkiniu-maiselis-kindnesspoint\/"},"modified":"2025-05-14T11:37:48","modified_gmt":"2025-05-14T11:37:48","slug":"pirkiniu-krepsys-uzsidektaska","status":"publish","type":"product","link":"https:\/\/signus.agency\/lt\/produktas\/pirkiniu-krepsys-uzsidektaska\/","title":{"rendered":"Pirkini\u0173 krep\u0161ys #U\u017dSID\u0116KTA\u0160K\u0104"},"content":{"rendered":"<p>Pristatome Jums gerumo ta\u0161keliu papuo\u0161t\u0105 talp\u0173 ir patvar\u0173 pirkini\u0173 krep\u0161\u012f, kuris tilps rankin\u0117je, ki\u0161en\u0117je, taip pat bus patogus ve\u017eiotis automobilio daiktad\u0117\u017e\u0117je. Kiekvienas pirkini\u0173 krep\u0161ys supakuotas specialiame d\u0117kle su u\u017etrauktuku.<\/p>\n<ul>\n<li>Krep\u0161\u012f bei jo d\u0117kl\u0105 galima skalbti<\/li>\n<li>\u2060Jo svoris vos 56 g.<\/li>\n<li>Talpus ir patvarus \u2013 galima ne\u0161ti net 20 kg.<\/li>\n<\/ul>\n","protected":false},"excerpt":{"rendered":"<p><strong>#U\u017dSID\u0116KTA\u0160K\u0104, sukurk ger\u0105 darb\u0105!<\/strong><\/p>\n<p>U\u017e kiekvien\u0105 ta\u0161k\u0105 surinktos l\u0117\u0161os skiriamos sunkiai sergantiems vaikams \u2013 med. \u012frangos ir medikament\u0173 apr\u016bpinimui, svarbi\u0173 gydym\u0173 ir operacij\u0173 \u012fgyvendinimui bei slapt\u0173 svajoni\u0173 i\u0161pildymui.<\/p>\n","protected":false},"featured_media":13814,"comment_status":"closed","ping_status":"closed","template":"","meta":[],"product_brand":[],"product_cat":[515,516],"product_tag":[],"class_list":{"0":"post-14703","1":"product","2":"type-product","3":"status-publish","4":"has-post-thumbnail","6":"product_cat-uzsidektaska-kolekcija","7":"product_cat-aksesuarai","9":"first","10":"instock","11":"shipping-taxable","12":"purchasable","13":"product-type-variable"},"_links":{"self":[{"href":"https:\/\/signus.agency\/lt\/wp-json\/wp\/v2\/product\/14703","targetHints":{"allow":["GET"]}}],"collection":[{"href":"https:\/\/signus.agency\/lt\/wp-json\/wp\/v2\/product"}],"about":[{"href":"https:\/\/signus.agency\/lt\/wp-json\/wp\/v2\/types\/product"}],"replies":[{"embeddable":true,"href":"https:\/\/signus.agency\/lt\/wp-json\/wp\/v2\/comments?post=14703"}],"wp:featuredmedia":[{"embeddable":true,"href":"https:\/\/signus.agency\/lt\/wp-json\/wp\/v2\/media\/13814"}],"wp:attachment":[{"href":"https:\/\/signus.agency\/lt\/wp-json\/wp\/v2\/media?parent=14703"}],"wp:term":[{"taxonomy":"product_brand","embeddable":true,"href":"https:\/\/signus.agency\/lt\/wp-json\/wp\/v2\/product_brand?post=14703"},{"taxonomy":"product_cat","embeddable":true,"href":"https:\/\/signus.agency\/lt\/wp-json\/wp\/v2\/product_cat?post=14703"},{"taxonomy":"product_tag","embeddable":true,"href":"https:\/\/signus.agency\/lt\/wp-json\/wp\/v2\/product_tag?post=14703"}],"curies":[{"name":"wp","href":"https:\/\/api.w.org\/{rel}","templated":true}]}}