{"id":14695,"date":"2025-05-10T10:53:20","date_gmt":"2025-05-10T10:53:20","guid":{"rendered":"https:\/\/signus.agency\/product\/muilo-burbulai-kindnesspoint\/"},"modified":"2025-05-14T11:38:24","modified_gmt":"2025-05-14T11:38:24","slug":"muilo-burbulai-uzsidektaska","status":"publish","type":"product","link":"https:\/\/signus.agency\/lt\/produktas\/muilo-burbulai-uzsidektaska\/","title":{"rendered":"Muilo burbulai #U\u017dSID\u0116KTA\u0160K\u0104"},"content":{"rendered":"<p>T\u016bris<\/p>\n<ul>\n<li>35 ml buteliukas<\/li>\n<\/ul>\n","protected":false},"excerpt":{"rendered":"<p><strong>#U\u017dSID\u0116KTA\u0160K\u0104, sukurk ger\u0105 darb\u0105!<\/strong><br \/>\nMuilo burbulai visiems mums primena pa\u010dias spalvingiausias vaikyst\u0117s akimirkas. Nuo \u0161iol galite \u012fsigyti gerumo ta\u0161keliu pa\u017eym\u0117tus burbulus ir skleisti geras emocijas dar pla\u010diau! Dovanokite, d\u017eiaukit\u0117s ir prisid\u0117kite prie m\u016bs\u0173 heroj\u0173 \u0161ypsen\u0173.<\/p>\n","protected":false},"featured_media":13808,"comment_status":"closed","ping_status":"closed","template":"","meta":[],"product_brand":[],"product_cat":[515,528,520],"product_tag":[],"class_list":{"0":"post-14695","1":"product","2":"type-product","3":"status-publish","4":"has-post-thumbnail","6":"product_cat-uzsidektaska-kolekcija","7":"product_cat-kanceliarines-prekes","8":"product_cat-vaikams","10":"first","11":"instock","12":"shipping-taxable","13":"purchasable","14":"product-type-simple"},"_links":{"self":[{"href":"https:\/\/signus.agency\/lt\/wp-json\/wp\/v2\/product\/14695","targetHints":{"allow":["GET"]}}],"collection":[{"href":"https:\/\/signus.agency\/lt\/wp-json\/wp\/v2\/product"}],"about":[{"href":"https:\/\/signus.agency\/lt\/wp-json\/wp\/v2\/types\/product"}],"replies":[{"embeddable":true,"href":"https:\/\/signus.agency\/lt\/wp-json\/wp\/v2\/comments?post=14695"}],"wp:featuredmedia":[{"embeddable":true,"href":"https:\/\/signus.agency\/lt\/wp-json\/wp\/v2\/media\/13808"}],"wp:attachment":[{"href":"https:\/\/signus.agency\/lt\/wp-json\/wp\/v2\/media?parent=14695"}],"wp:term":[{"taxonomy":"product_brand","embeddable":true,"href":"https:\/\/signus.agency\/lt\/wp-json\/wp\/v2\/product_brand?post=14695"},{"taxonomy":"product_cat","embeddable":true,"href":"https:\/\/signus.agency\/lt\/wp-json\/wp\/v2\/product_cat?post=14695"},{"taxonomy":"product_tag","embeddable":true,"href":"https:\/\/signus.agency\/lt\/wp-json\/wp\/v2\/product_tag?post=14695"}],"curies":[{"name":"wp","href":"https:\/\/api.w.org\/{rel}","templated":true}]}}