{"id":14694,"date":"2025-05-10T10:54:23","date_gmt":"2025-05-10T10:54:23","guid":{"rendered":"https:\/\/signus.agency\/product\/kojines-kindnesspoint-su-vilna-ir-silku\/"},"modified":"2025-05-14T11:35:40","modified_gmt":"2025-05-14T11:35:40","slug":"kojines-uzsidektaska-su-vilna-ir-silku","status":"publish","type":"product","link":"https:\/\/signus.agency\/lt\/produktas\/kojines-uzsidektaska-su-vilna-ir-silku\/","title":{"rendered":"Kojin\u0117s #U\u017dSID\u0116KTA\u0160K\u0104 su vilna ir \u0161ilku"},"content":{"rendered":"<p>\u0160ios gerumo ta\u0161ku pa\u017eym\u0117tos kojin\u0117s, sukurtos lietuvi\u0173 gamykloje \u201eSparta\u201d. yra pagamintos i\u0161 \u0161ukuotin\u0117s medviln\u0117s su pliu\u0161iniu padu. Skirtos m\u016bv\u0117ti kasdien\u0105 ir laisvalaikio metu. Patogiai priglundan\u010dios bei nesmunkan\u010dios.<br \/>\nSud\u0117tis: 60% vilna, 20% \u0161ilkas, 18% medviln\u0117, 5% elastanas.<\/p>\n<p>Spalvos: tamsiai m\u0117lyna ir juoda<\/p>\n<p>Ilgis: klasikin\u0117s<\/p>\n","protected":false},"excerpt":{"rendered":"<p><strong>#U\u017dSID\u0116KTA\u0160K\u0104, sukurk ger\u0105 darb\u0105!<\/strong><\/p>\n<p>U\u017e kiekvien\u0105 ta\u0161k\u0105 surinktos l\u0117\u0161os skiriamos sunkiai sergantiems vaikams \u2013 med. \u012frangos ir medikament\u0173 apr\u016bpinimui, svarbi\u0173 gydym\u0173 ir operacij\u0173 \u012fgyvendinimui bei slapt\u0173 svajoni\u0173 i\u0161pildymui.<\/p>\n","protected":false},"featured_media":13845,"comment_status":"closed","ping_status":"closed","template":"","meta":[],"product_brand":[],"product_cat":[515,526],"product_tag":[],"class_list":{"0":"post-14694","1":"product","2":"type-product","3":"status-publish","4":"has-post-thumbnail","6":"product_cat-uzsidektaska-kolekcija","7":"product_cat-kojines","9":"first","10":"instock","11":"shipping-taxable","12":"purchasable","13":"product-type-variable"},"_links":{"self":[{"href":"https:\/\/signus.agency\/lt\/wp-json\/wp\/v2\/product\/14694","targetHints":{"allow":["GET"]}}],"collection":[{"href":"https:\/\/signus.agency\/lt\/wp-json\/wp\/v2\/product"}],"about":[{"href":"https:\/\/signus.agency\/lt\/wp-json\/wp\/v2\/types\/product"}],"replies":[{"embeddable":true,"href":"https:\/\/signus.agency\/lt\/wp-json\/wp\/v2\/comments?post=14694"}],"wp:featuredmedia":[{"embeddable":true,"href":"https:\/\/signus.agency\/lt\/wp-json\/wp\/v2\/media\/13845"}],"wp:attachment":[{"href":"https:\/\/signus.agency\/lt\/wp-json\/wp\/v2\/media?parent=14694"}],"wp:term":[{"taxonomy":"product_brand","embeddable":true,"href":"https:\/\/signus.agency\/lt\/wp-json\/wp\/v2\/product_brand?post=14694"},{"taxonomy":"product_cat","embeddable":true,"href":"https:\/\/signus.agency\/lt\/wp-json\/wp\/v2\/product_cat?post=14694"},{"taxonomy":"product_tag","embeddable":true,"href":"https:\/\/signus.agency\/lt\/wp-json\/wp\/v2\/product_tag?post=14694"}],"curies":[{"name":"wp","href":"https:\/\/api.w.org\/{rel}","templated":true}]}}