{"id":14670,"date":"2025-05-10T10:58:11","date_gmt":"2025-05-10T10:58:11","guid":{"rendered":"https:\/\/signus.agency\/?post_type=product&#038;p=14670"},"modified":"2025-05-13T20:34:56","modified_gmt":"2025-05-13T20:34:56","slug":"pinknyge-gamtos-metu-ratas-selemonas-paltanavicius","status":"publish","type":"product","link":"https:\/\/signus.agency\/lt\/produktas\/pinknyge-gamtos-metu-ratas-selemonas-paltanavicius\/","title":{"rendered":"PINKNYG\u0116 \u201eGamtos met\u0173 ratas\u201c Selemonas Paltanavi\u010dius"},"content":{"rendered":"<p>Pasuk GAMTOS MET\u0172 RAT\u0104 \u2013 tav\u0119s laukia ne\u012ftik\u0117tina kelion\u0117!<\/p>\n<p>Gamtininkas ir ra\u0161ytojas Selemonas Paltanavi\u010dius kvie\u010dia atskleisti Lietuvos gamtos paslaptis, keliaujant met\u0173 laik\u0173 ratu. \u0160iame gausiai iliustruotame gamtos pa\u017einimo vadove autorius pasakoja apie kiekvieno m\u0117nesio ypatumus, siun\u010dia trumpas \u017einutes, u\u017eduoda klausimus ir \u012f juos atsako, kvie\u010dia atlikti nuotaikingus met\u0173 laik\u0173 darbelius ir&#8230; u\u017era\u0161o pokalbius su gamtoje sutiktais gyv\u016bnais! Dvylikos m\u0117nesi\u0173 nuotraukos perkels \u012f trumpus Selemono Paltanavi\u010diaus filmuotus vaizdo \u012fra\u0161us, kurie atgys skaitytoj\u0173 i\u0161maniuosiuose \u012frenginiuose program\u0117l\u0117je \u201eMet\u0173 ratas\u201c. Ma\u017eieji klausytojai, skaitantys vaikai, suaugusieji \u2013 kiekvienas \u0161ioje knygoje atras savo m\u0117gstamiausi\u0105 pasakojim\u0105, \u017einut\u0119, nuotrauk\u0105 ar iliustracij\u0105.<\/p>\n<p>Kaip naudotis program\u0117le \u201eMet\u0173 ratas\u201c.<br \/>\n1. \u012e savo i\u0161man\u0173j\u012f \u012frengin\u012f atsisi\u0173skite nemokam\u0105 program\u0117l\u0119 \u201eMet\u0173 ratas\u201c i\u0161 \u201eGoogle play\u201c arba \u201eApp store\u201c internetini\u0173 parduotuvi\u0173.<br \/>\n2. Knygos puslapyje prie kiekvieno m\u0117nesio pavadinimo rasite rodykle pa\u017eym\u0117t\u0105 nuotrauk\u0105 su vaizdo \u012fra\u0161u.<br \/>\n3. Program\u0117l\u0117je pasirinkite atitinkam\u0105 met\u0173 laik\u0105 ir nukreipkite \u012frenginio kamer\u0105 vir\u0161 nuotraukos. Ekrane pamatysite nuotrauk\u0105 papildant\u012f trump\u0105 vaizdo \u012fra\u0161\u0105.<\/p>\n<p><b>Autorius <\/b>Selmonas Paltanavi\u010dius<\/p>\n<p><b>Leidykla <\/b>Nieko rimto UAB<\/p>\n<p><b>Leidimo metai <\/b>2017-02-01<\/p>\n<p><b>Vir\u0161elio tipas <\/b>Kietas<\/p>\n<p><b>Puslapi\u0173 skai\u010dius <\/b>184<\/p>\n","protected":false},"excerpt":{"rendered":"<p>Renkame perskaitytas knygas, o Herojaus mokyklos \u00a0bendruomen\u0117 paver\u010dia knygas pinknyg\u0117mis. Visos aukos, surinktos u\u017e PINKNYGES skiriamos sunkiai sergan\u010di\u0173 vaik\u0173 svajoni\u0173 pildymui.<\/p>\n","protected":false},"featured_media":14083,"comment_status":"closed","ping_status":"closed","template":"","meta":[],"product_brand":[],"product_cat":[524],"product_tag":[],"class_list":{"0":"post-14670","1":"product","2":"type-product","3":"status-publish","4":"has-post-thumbnail","6":"product_cat-pinknyge","8":"first","9":"instock","10":"shipping-taxable","11":"purchasable","12":"product-type-simple"},"_links":{"self":[{"href":"https:\/\/signus.agency\/lt\/wp-json\/wp\/v2\/product\/14670","targetHints":{"allow":["GET"]}}],"collection":[{"href":"https:\/\/signus.agency\/lt\/wp-json\/wp\/v2\/product"}],"about":[{"href":"https:\/\/signus.agency\/lt\/wp-json\/wp\/v2\/types\/product"}],"replies":[{"embeddable":true,"href":"https:\/\/signus.agency\/lt\/wp-json\/wp\/v2\/comments?post=14670"}],"wp:featuredmedia":[{"embeddable":true,"href":"https:\/\/signus.agency\/lt\/wp-json\/wp\/v2\/media\/14083"}],"wp:attachment":[{"href":"https:\/\/signus.agency\/lt\/wp-json\/wp\/v2\/media?parent=14670"}],"wp:term":[{"taxonomy":"product_brand","embeddable":true,"href":"https:\/\/signus.agency\/lt\/wp-json\/wp\/v2\/product_brand?post=14670"},{"taxonomy":"product_cat","embeddable":true,"href":"https:\/\/signus.agency\/lt\/wp-json\/wp\/v2\/product_cat?post=14670"},{"taxonomy":"product_tag","embeddable":true,"href":"https:\/\/signus.agency\/lt\/wp-json\/wp\/v2\/product_tag?post=14670"}],"curies":[{"name":"wp","href":"https:\/\/api.w.org\/{rel}","templated":true}]}}