{"id":14667,"date":"2025-05-10T10:54:24","date_gmt":"2025-05-10T10:54:24","guid":{"rendered":"https:\/\/signus.agency\/product\/kindnesspoint-sachmatai-saskes\/"},"modified":"2025-05-14T11:34:39","modified_gmt":"2025-05-14T11:34:39","slug":"uzsidektaska-sachmatai-saskes","status":"publish","type":"product","link":"https:\/\/signus.agency\/lt\/produktas\/uzsidektaska-sachmatai-saskes\/","title":{"rendered":"#U\u017esid\u0117kta\u0161k\u0105 \u0161achmatai\/\u0161a\u0161k\u0117s"},"content":{"rendered":"<p>#u\u017esid\u0117kta\u0161k\u0105 \u0161achmatai\/\u0161a\u0161k\u0117s, kurie gali keliauti kartu su Jumis visur, kur vyksite, nes supakuoti patogiai, med\u017eiaginiame mai\u0161elyje.<\/p>\n<p>Mai\u0161iuko dizainas \u2013 \u0161achmat\u0173 \/ \u0161a\u0161ki\u0173 lenta, kuri\u0105 i\u0161skleid\u0119 gal\u0117site m\u0117gautis \u012fdomiu ir turiningu \u017eaidimu i\u0161vykose su \u0161eima, pertrauk\u0117li\u0173 metu kelion\u0117se ar gamtoje.<\/p>\n<p>Kaip ir visi kiti daiktai, pa\u017eym\u0117ti gerumo ta\u0161keliu, ne\u0161a svarbiausi\u0105 \u017einut\u0119 \u2013 gerumas gr\u012f\u017eta gerumu.<\/p>\n<p>\u012esigij\u0119 #u\u017esid\u0117kta\u0161k\u0105 \u0161achmatus J\u016bs skiriate savo param\u0105 fondo globojamiems ma\u017eiesiems pacientams.<\/p>\n","protected":false},"excerpt":{"rendered":"<p><strong>#U\u017dSID\u0116KTA\u0160K\u0104, sukurk ger\u0105 darb\u0105!<\/strong><\/p>\n<p>U\u017e kiekvien\u0105 ta\u0161k\u0105 surinktos l\u0117\u0161os skiriamos sunkiai sergantiems vaikams \u2013 med. \u012frangos ir medikament\u0173 apr\u016bpinimui, svarbi\u0173 gydym\u0173 ir operacij\u0173 \u012fgyvendinimui bei slapt\u0173 svajoni\u0173 i\u0161pildymui.<\/p>\n","protected":false},"featured_media":13860,"comment_status":"closed","ping_status":"closed","template":"","meta":[],"product_brand":[],"product_cat":[515,516,528,527],"product_tag":[],"class_list":{"0":"post-14667","1":"product","2":"type-product","3":"status-publish","4":"has-post-thumbnail","6":"product_cat-uzsidektaska-kolekcija","7":"product_cat-aksesuarai","8":"product_cat-kanceliarines-prekes","9":"product_cat-pavasaris-vasara","11":"first","12":"instock","13":"shipping-taxable","14":"purchasable","15":"product-type-variable"},"_links":{"self":[{"href":"https:\/\/signus.agency\/lt\/wp-json\/wp\/v2\/product\/14667","targetHints":{"allow":["GET"]}}],"collection":[{"href":"https:\/\/signus.agency\/lt\/wp-json\/wp\/v2\/product"}],"about":[{"href":"https:\/\/signus.agency\/lt\/wp-json\/wp\/v2\/types\/product"}],"replies":[{"embeddable":true,"href":"https:\/\/signus.agency\/lt\/wp-json\/wp\/v2\/comments?post=14667"}],"wp:featuredmedia":[{"embeddable":true,"href":"https:\/\/signus.agency\/lt\/wp-json\/wp\/v2\/media\/13860"}],"wp:attachment":[{"href":"https:\/\/signus.agency\/lt\/wp-json\/wp\/v2\/media?parent=14667"}],"wp:term":[{"taxonomy":"product_brand","embeddable":true,"href":"https:\/\/signus.agency\/lt\/wp-json\/wp\/v2\/product_brand?post=14667"},{"taxonomy":"product_cat","embeddable":true,"href":"https:\/\/signus.agency\/lt\/wp-json\/wp\/v2\/product_cat?post=14667"},{"taxonomy":"product_tag","embeddable":true,"href":"https:\/\/signus.agency\/lt\/wp-json\/wp\/v2\/product_tag?post=14667"}],"curies":[{"name":"wp","href":"https:\/\/api.w.org\/{rel}","templated":true}]}}