{"id":14665,"date":"2025-05-10T10:48:38","date_gmt":"2025-05-10T10:48:38","guid":{"rendered":"https:\/\/signus.agency\/product\/kojines-vaikams-kindnesspoint\/"},"modified":"2025-05-14T11:39:33","modified_gmt":"2025-05-14T11:39:33","slug":"kojines-vaikams-kindnesspoint","status":"publish","type":"product","link":"https:\/\/signus.agency\/lt\/produktas\/kojines-vaikams-kindnesspoint\/","title":{"rendered":"Vaiki\u0161kos kojin\u0117s #U\u017dSID\u0116KTA\u0160K\u0104"},"content":{"rendered":"<p>\u0160ios gerumo ta\u0161ku pa\u017eym\u0117tos kojin\u0117s, sukurtos lietuvi\u0173 gamykloje &#8222;Sparta&#8221; yra pagamintos i\u0161 \u0161ukuotin\u0117s medviln\u0117s su pliu\u0161iniu padu. Daug judant, d\u0117l pliu\u0161in\u0117s p\u0117dos, koja \u017eymiai ma\u017eiau pavargsta, nes remiasi \u012f mink\u0161t\u0105 pagrind\u0105. Skirtos m\u016bv\u0117ti kasdien\u0105 ir laisvalaikio metu. Tinka sportuojant, nes pliu\u0161inis padas geriau sugeria ir i\u0161garina dr\u0117gm\u0119. Patogiai priglundan\u010dios bei nesmunkan\u010dios.<br \/>\nSud\u0117tis: 85% medviln\u0117, 10% poliamidinis pluo\u0161tas, 5% elastanas.<\/p>\n<p>Spalvos: \u017ealia<\/p>\n<p>Ilgis: klasikin\u0117s<\/p>\n","protected":false},"excerpt":{"rendered":"<p><strong>#U\u017dSID\u0116KTA\u0160K\u0104, sukurk ger\u0105 darb\u0105!<\/strong><\/p>\n<p>U\u017e kiekvien\u0105 ta\u0161k\u0105 surinktos l\u0117\u0161os skiriamos sunkiai sergantiems vaikams \u2013 med. \u012frangos ir medikament\u0173 apr\u016bpinimui, svarbi\u0173 gydym\u0173 ir operacij\u0173 \u012fgyvendinimui bei slapt\u0173 svajoni\u0173 i\u0161pildymui.<\/p>\n","protected":false},"featured_media":13743,"comment_status":"closed","ping_status":"closed","template":"","meta":[],"product_brand":[],"product_cat":[515,526,520],"product_tag":[],"class_list":{"0":"post-14665","1":"product","2":"type-product","3":"status-publish","4":"has-post-thumbnail","6":"product_cat-uzsidektaska-kolekcija","7":"product_cat-kojines","8":"product_cat-vaikams","10":"first","11":"instock","12":"shipping-taxable","13":"purchasable","14":"product-type-variable","15":"has-default-attributes"},"_links":{"self":[{"href":"https:\/\/signus.agency\/lt\/wp-json\/wp\/v2\/product\/14665","targetHints":{"allow":["GET"]}}],"collection":[{"href":"https:\/\/signus.agency\/lt\/wp-json\/wp\/v2\/product"}],"about":[{"href":"https:\/\/signus.agency\/lt\/wp-json\/wp\/v2\/types\/product"}],"replies":[{"embeddable":true,"href":"https:\/\/signus.agency\/lt\/wp-json\/wp\/v2\/comments?post=14665"}],"wp:featuredmedia":[{"embeddable":true,"href":"https:\/\/signus.agency\/lt\/wp-json\/wp\/v2\/media\/13743"}],"wp:attachment":[{"href":"https:\/\/signus.agency\/lt\/wp-json\/wp\/v2\/media?parent=14665"}],"wp:term":[{"taxonomy":"product_brand","embeddable":true,"href":"https:\/\/signus.agency\/lt\/wp-json\/wp\/v2\/product_brand?post=14665"},{"taxonomy":"product_cat","embeddable":true,"href":"https:\/\/signus.agency\/lt\/wp-json\/wp\/v2\/product_cat?post=14665"},{"taxonomy":"product_tag","embeddable":true,"href":"https:\/\/signus.agency\/lt\/wp-json\/wp\/v2\/product_tag?post=14665"}],"curies":[{"name":"wp","href":"https:\/\/api.w.org\/{rel}","templated":true}]}}