{"id":14664,"date":"2025-05-10T10:58:11","date_gmt":"2025-05-10T10:58:11","guid":{"rendered":"https:\/\/signus.agency\/?post_type=product&#038;p=14664"},"modified":"2025-05-13T20:34:22","modified_gmt":"2025-05-13T20:34:22","slug":"pinknyge-viesbutis-didzioji-m-sjoerd-kuyper","status":"publish","type":"product","link":"https:\/\/signus.agency\/lt\/produktas\/pinknyge-viesbutis-didzioji-m-sjoerd-kuyper\/","title":{"rendered":"PINKNYG\u0116 Vie\u0161butis \u201eDid\u017eioji M&#8221; Sjoerd Kuyper"},"content":{"rendered":"<p><b>Apie prek\u0119<\/b><\/p>\n<p><b>Sjoerdas Kuyperis<\/b> \u2013 knyg\u0173 autorius ir scenaristas. U\u017e k\u016bryb\u0105 yra peln\u0119s ne vien\u0105 apdovanojim\u0105. Jo knyga <b>\u201eVie\u0161butis \u201eDid\u017eioji M&#8221;<\/b> 2015-ais metais peln\u0117 \u201eZilveren Griffel&#8221; apdovanojim\u0105, o 2018 m. buvo nominuota \u201eBologna Ragazzi Award&#8221; apdovanojimui. Pagal knyg\u0105 sukurtas to paties pavadinimo filmas buvo parodytas garsiausiuose tarptautiniuose film\u0173 festivaliuose.<\/p>\n<p>Trylikame\u010dio Koso gyvenimas \u2013 tikras i\u0161bandymas. Vienuolikos berniukas praranda mam\u0105, lieka su \u012f vie\u0161bu\u010dio reikalus panirusiu t\u0117\u010diu ir keistuol\u0117mis seserimis \u2013 Libe, Brike ir ma\u017e\u0105ja Pele. Vien\u0105 dien\u0105 t\u0117tis patenka \u012f ligonin\u0119. \u0160eimoje kyla suirut\u0117. Kas nors privalo pasir\u016bpinti vie\u0161bu\u010diu. \u0160ios u\u017eduoties imasi Kosas ir jo seserys.<\/p>\n<p>I\u0161 kit\u0173 paaugliams skirt\u0173 knyg\u0173 <b>\u201eVie\u0161butis \u201eDid\u017eioji M&#8221;<\/b> i\u0161siskiria itin ry\u0161kiais veik\u0117j\u0173 paveikslais, gyva kalba, unikaliu pasakojimo stiliumi.<\/p>\n<p><b>Autorius <\/b>Sjoerd Kuyper<\/p>\n<p><b>Leidykla <\/b>Debes\u0173 ganyklos<\/p>\n<p><b>Leidimo metai <\/b>2019<\/p>\n<p><b>Vir\u0161elio tipas <\/b>Kietas<\/p>\n<p><b>Puslapi\u0173 skai\u010dius <\/b>232<\/p>\n","protected":false},"excerpt":{"rendered":"<p>Renkame perskaitytas knygas, o Herojaus mokyklos \u00a0bendruomen\u0117 paver\u010dia knygas pinknyg\u0117mis. Visos aukos, surinktos u\u017e PINKNYGES skiriamos sunkiai sergan\u010di\u0173 vaik\u0173 svajoni\u0173 pildymui.<\/p>\n","protected":false},"featured_media":14094,"comment_status":"closed","ping_status":"closed","template":"","meta":[],"product_brand":[],"product_cat":[524],"product_tag":[],"class_list":{"0":"post-14664","1":"product","2":"type-product","3":"status-publish","4":"has-post-thumbnail","6":"product_cat-pinknyge","8":"first","9":"instock","10":"shipping-taxable","11":"purchasable","12":"product-type-simple"},"_links":{"self":[{"href":"https:\/\/signus.agency\/lt\/wp-json\/wp\/v2\/product\/14664","targetHints":{"allow":["GET"]}}],"collection":[{"href":"https:\/\/signus.agency\/lt\/wp-json\/wp\/v2\/product"}],"about":[{"href":"https:\/\/signus.agency\/lt\/wp-json\/wp\/v2\/types\/product"}],"replies":[{"embeddable":true,"href":"https:\/\/signus.agency\/lt\/wp-json\/wp\/v2\/comments?post=14664"}],"wp:featuredmedia":[{"embeddable":true,"href":"https:\/\/signus.agency\/lt\/wp-json\/wp\/v2\/media\/14094"}],"wp:attachment":[{"href":"https:\/\/signus.agency\/lt\/wp-json\/wp\/v2\/media?parent=14664"}],"wp:term":[{"taxonomy":"product_brand","embeddable":true,"href":"https:\/\/signus.agency\/lt\/wp-json\/wp\/v2\/product_brand?post=14664"},{"taxonomy":"product_cat","embeddable":true,"href":"https:\/\/signus.agency\/lt\/wp-json\/wp\/v2\/product_cat?post=14664"},{"taxonomy":"product_tag","embeddable":true,"href":"https:\/\/signus.agency\/lt\/wp-json\/wp\/v2\/product_tag?post=14664"}],"curies":[{"name":"wp","href":"https:\/\/api.w.org\/{rel}","templated":true}]}}