{"id":14661,"date":"2025-05-10T10:58:11","date_gmt":"2025-05-10T10:58:11","guid":{"rendered":"https:\/\/signus.agency\/?post_type=product&#038;p=14661"},"modified":"2025-05-13T20:33:38","modified_gmt":"2025-05-13T20:33:38","slug":"pinknyge-zmogaus-anatomija-jacqueline-wilson","status":"publish","type":"product","link":"https:\/\/signus.agency\/lt\/produktas\/pinknyge-zmogaus-anatomija-jacqueline-wilson\/","title":{"rendered":"PINKNYG\u0116 \u201e\u017dmogaus anatomija&#8221; Jacqueline Wilson"},"content":{"rendered":"<p>\u017dMOGAUS ANATOMIJA. I\u0160SAMUS (IR PASIBJAUR\u0116TINAS) VADOVAS PO \u017dMOGAUS K\u016aN\u0104<\/p>\n<p>APIE KNYG\u0104<\/p>\n<p><span class=\"Apple-converted-space\">\u00a0 \u00a0 <\/span>\u201eTokia knyga vaikyst\u0117je man b\u016bt\u0173 labai patikusi.\u201c MALORIE BLACKMAN<\/p>\n<p><span class=\"Apple-converted-space\">\u00a0 \u00a0 <\/span>\u201eLabai linksma ir \u017eavinga!\u201c KONNIE HUQ<\/p>\n<p><span class=\"Apple-converted-space\">\u00a0 \u00a0 <\/span>\u201eJei tik \u0161i \u0160MAIK\u0160TI ir INFORMATYVI knyga b\u016bt\u0173 buvusi i\u0161leista, kai baisiai g\u0117dijausi paai\u0161kinti savo vaikams apie k\u016bno funkcijas!\u201c DAVID BADDIEL<\/p>\n<p>&nbsp;<\/p>\n<p><span class=\"Apple-converted-space\">\u00a0 \u00a0 <\/span><b>AR KADA NORS PAGALVOJI, KAIP VEIKIA TAVO K\u016aNAS?<\/b><\/p>\n<p><span class=\"Apple-converted-space\">\u00a0 \u00a0 <\/span>\u017dmogaus k\u016bnas yra nepaprastas, \u017eavingas ir&#8230; na, gana keistas. Tavo keistas. Mano keistas. Tavo matematikos mokytojo \u2013 dar keistesnis. \u0160i knyga pasakoja, kas dedasi tavo k\u016bne, ir atsako net \u012f tokius klausimus, kuriuos i\u0161gird\u0119 t\u0117vai ir mokytojai tuoj pat nukreipia kalb\u0105 (nes patys tikriausiai atsakym\u0173 ne\u017eino):<\/p>\n<p><span class=\"Apple-converted-space\">\u00a0 \u00a0 <\/span>AR GALIMA VALGYTI BUBULIUS?<\/p>\n<p><span class=\"Apple-converted-space\">\u00a0 \u00a0 <\/span>KIEK LAIKO GYVENIME PRALEISI S\u0116D\u0116DAMAS TUALETE?<\/p>\n<p><span class=\"Apple-converted-space\">\u00a0 \u00a0 <\/span>KOD\u0116L M\u016aS\u0172 BLAKSTIENOSE GYVENA BJAUR\u016aS PADARAI?<\/p>\n<p>&nbsp;<\/p>\n<p>Tad atsis\u0117sk, atsipalaiduok, u\u017esimauk gumines pir\u0161tines, ir a\u0161 tave nusivesiu \u012f kak\u0173 ir v\u0117mal\u0173 piln\u0105 i\u0161vyk\u0105 po tavo vidurius. Pa\u017einti \u017emogaus k\u016bn\u0105 dar niekada nebuvo taip smagu ir \u012fdomu!<\/p>\n<p>&nbsp;<\/p>\n<p>Sveiki pa\u0117m\u0119<\/p>\n<p>K\u0116JAUS ANATOMIJ\u0104*<\/p>\n<p>* \u012emantrus \u017eodis tavo k\u016bnui apib\u016bdinti. Matai, jau \u0161io to i\u0161mokai.<\/p>\n<p>&nbsp;<\/p>\n<p>LABAI LINKSMA PIRMA POPULIARAUS DID\u017dIOSIOS BRITANIJOS NEGRO\u017dIN\u0116S LITERAT\u016aROS AUTORIAUS IR BUVUSIO GYDYTOJO KNYGA VAIKAMS<\/p>\n<p><b>Autorius <\/b>Jacqueline Wilson<\/p>\n<p><b>Leidykla <\/b>Alma Littera<\/p>\n<p><b>Leidimo metai <\/b>2021<\/p>\n<p><b>Vir\u0161elio tipas <\/b>Kietas<\/p>\n<p><b>Puslapi\u0173 skai\u010dius <\/b>416<\/p>\n","protected":false},"excerpt":{"rendered":"<p>Renkame perskaitytas knygas, o Herojaus mokyklos \u00a0bendruomen\u0117 paver\u010dia knygas pinknyg\u0117mis. Visos aukos, surinktos u\u017e PINKNYGES skiriamos sunkiai sergan\u010di\u0173 vaik\u0173 svajoni\u0173 pildymui.<\/p>\n","protected":false},"featured_media":14107,"comment_status":"closed","ping_status":"closed","template":"","meta":[],"product_brand":[],"product_cat":[524],"product_tag":[],"class_list":{"0":"post-14661","1":"product","2":"type-product","3":"status-publish","4":"has-post-thumbnail","6":"product_cat-pinknyge","8":"first","9":"outofstock","10":"shipping-taxable","11":"purchasable","12":"product-type-simple"},"_links":{"self":[{"href":"https:\/\/signus.agency\/lt\/wp-json\/wp\/v2\/product\/14661","targetHints":{"allow":["GET"]}}],"collection":[{"href":"https:\/\/signus.agency\/lt\/wp-json\/wp\/v2\/product"}],"about":[{"href":"https:\/\/signus.agency\/lt\/wp-json\/wp\/v2\/types\/product"}],"replies":[{"embeddable":true,"href":"https:\/\/signus.agency\/lt\/wp-json\/wp\/v2\/comments?post=14661"}],"wp:featuredmedia":[{"embeddable":true,"href":"https:\/\/signus.agency\/lt\/wp-json\/wp\/v2\/media\/14107"}],"wp:attachment":[{"href":"https:\/\/signus.agency\/lt\/wp-json\/wp\/v2\/media?parent=14661"}],"wp:term":[{"taxonomy":"product_brand","embeddable":true,"href":"https:\/\/signus.agency\/lt\/wp-json\/wp\/v2\/product_brand?post=14661"},{"taxonomy":"product_cat","embeddable":true,"href":"https:\/\/signus.agency\/lt\/wp-json\/wp\/v2\/product_cat?post=14661"},{"taxonomy":"product_tag","embeddable":true,"href":"https:\/\/signus.agency\/lt\/wp-json\/wp\/v2\/product_tag?post=14661"}],"curies":[{"name":"wp","href":"https:\/\/api.w.org\/{rel}","templated":true}]}}