{"id":14660,"date":"2025-05-10T10:58:12","date_gmt":"2025-05-10T10:58:12","guid":{"rendered":"https:\/\/signus.agency\/product\/uzrasu-knygele-pasaulis\/"},"modified":"2025-05-14T12:27:06","modified_gmt":"2025-05-14T12:27:06","slug":"uzsidektaska-uzrasu-knygele-the-world","status":"publish","type":"product","link":"https:\/\/signus.agency\/lt\/produktas\/uzsidektaska-uzrasu-knygele-the-world\/","title":{"rendered":"#U\u017dSID\u0116KTA\u0160K\u0104 u\u017era\u0161\u0173 knygel\u0117 \u2022 The World \u2022"},"content":{"rendered":"<p>U\u017e kiekvien\u0105 ta\u0161k\u0105 surinktos l\u0117\u0161os skiriamos sunkiai sergantiems vaikams \u2013 med. \u012frangos ir medikament\u0173 apr\u016bpinimui, svarbi\u0173 gydym\u0173 ir operacij\u0173 \u012fgyvendinimui bei slapt\u0173 svajoni\u0173 i\u0161pildymui.<\/p>\n","protected":false},"excerpt":{"rendered":"<p>U\u017era\u0161\u0173 knygel\u0117 J\u016bs\u0173 mintims, lai\u0161kams sau ar mylimiausiems, pirkini\u0173 s\u0105ra\u0161ui ar atostog\u0173 planams u\u017esira\u0161yti.<span class=\"Apple-converted-space\"> Su J\u016bs\u0173 pam\u0117gtu \u0161\u016bkiu \u2022 When small means the world \u2022 kuris kasdien Jums primins apie dideles keliones, kurios prasideda nuo ma\u017eo \u017eingsnio. <\/span><\/p>\n<p><span class=\"Apple-converted-space\">A\u010di\u016b u\u017e J\u016bs\u0173 gerum\u0105 !<\/span><\/p>\n","protected":false},"featured_media":14218,"comment_status":"closed","ping_status":"closed","template":"","meta":[],"product_brand":[],"product_cat":[515,528],"product_tag":[],"class_list":{"0":"post-14660","1":"product","2":"type-product","3":"status-publish","4":"has-post-thumbnail","6":"product_cat-uzsidektaska-kolekcija","7":"product_cat-kanceliarines-prekes","9":"first","10":"instock","11":"shipping-taxable","12":"purchasable","13":"product-type-variable","14":"has-default-attributes"},"_links":{"self":[{"href":"https:\/\/signus.agency\/lt\/wp-json\/wp\/v2\/product\/14660","targetHints":{"allow":["GET"]}}],"collection":[{"href":"https:\/\/signus.agency\/lt\/wp-json\/wp\/v2\/product"}],"about":[{"href":"https:\/\/signus.agency\/lt\/wp-json\/wp\/v2\/types\/product"}],"replies":[{"embeddable":true,"href":"https:\/\/signus.agency\/lt\/wp-json\/wp\/v2\/comments?post=14660"}],"wp:featuredmedia":[{"embeddable":true,"href":"https:\/\/signus.agency\/lt\/wp-json\/wp\/v2\/media\/14218"}],"wp:attachment":[{"href":"https:\/\/signus.agency\/lt\/wp-json\/wp\/v2\/media?parent=14660"}],"wp:term":[{"taxonomy":"product_brand","embeddable":true,"href":"https:\/\/signus.agency\/lt\/wp-json\/wp\/v2\/product_brand?post=14660"},{"taxonomy":"product_cat","embeddable":true,"href":"https:\/\/signus.agency\/lt\/wp-json\/wp\/v2\/product_cat?post=14660"},{"taxonomy":"product_tag","embeddable":true,"href":"https:\/\/signus.agency\/lt\/wp-json\/wp\/v2\/product_tag?post=14660"}],"curies":[{"name":"wp","href":"https:\/\/api.w.org\/{rel}","templated":true}]}}