{"id":14659,"date":"2025-05-10T10:58:12","date_gmt":"2025-05-10T10:58:12","guid":{"rendered":"https:\/\/signus.agency\/?post_type=product&#038;p=14659"},"modified":"2025-05-13T20:28:16","modified_gmt":"2025-05-13T20:28:16","slug":"pink-knyga-piktulis-siandien-nepyksta-aprilkind-barbara-van-den-speulhof-stephan","status":"publish","type":"product","link":"https:\/\/signus.agency\/lt\/produktas\/pink-knyga-piktulis-siandien-nepyksta-aprilkind-barbara-van-den-speulhof-stephan\/","title":{"rendered":"PINKNYG\u0116 \u201ePiktulis\u2026 \u0161iandien nepyksta!?\u201c Aprilkind, Barbara van den Speulhof, Stephan"},"content":{"rendered":"<p>\u201eMi\u0161ko pakra\u0161ty, pa\u0117jus du \u017eingsnius tiesiai, tada pasukus kair\u0117n ir du sykius de\u0161in\u0117n, gyvena ma\u017eas trolis.<br \/>\nDraugai j\u012f vadina Piktuliu. Mat jis moka supykti taip, kaip niekas kitas.<br \/>\nKai \u012ft\u016b\u017eta, gri\u016bva ant \u017eem\u0117s, kad ta net sudreba.<br \/>\nArba \u0161vaistosi, kad net p\u016bkai skraido.<br \/>\nIr baubia, kol visiems ausis u\u017egula.&#8221;<\/p>\n<p>Bet b\u016bna dien\u0173, kai Piktulis \u0161ypsosi, yra malonus, draugi\u0161kas ir kantrus. Jis net susila\u017eina su draugais, kad toks i\u0161bus vis\u0105 dien\u0105. Tik lengviau pasakyti nei padaryti&#8230;<\/p>\n<p>Smagi ir pamokanti knygel\u0117 3\u20136 met\u0173 vaikams apie pykt\u012f ir kod\u0117l jo slopinti nereikia.<\/p>\n<p>Knyga \u201ePiktulis&#8221; Vokietijoje tapo bestseleriu. I\u0161versta \u012f 11 kalb\u0173.<\/p>\n<p><b>Autorius: <\/b>Aprilkind, Barbara van den Speulhof, Stephan<\/p>\n<p><b>Leidykla <\/b>Doebes\u0173 ganyklos<\/p>\n<p><b>Leidimo metai <\/b>2024<\/p>\n<p><b>Vir\u0161elio tipas <\/b>Kietas<\/p>\n<p><b>Puslapi\u0173 skai\u010dius <\/b>26<\/p>\n","protected":false},"excerpt":{"rendered":"<p>Renkame perskaitytas knygas, o Herojaus mokyklos \u00a0bendruomen\u0117 paver\u010dia knygas pinknyg\u0117mis. Visos aukos, surinktos u\u017e PINKNYGES skiriamos sunkiai sergan\u010di\u0173 vaik\u0173 svajoni\u0173 pildymui.<\/p>\n","protected":false},"featured_media":14184,"comment_status":"closed","ping_status":"closed","template":"","meta":[],"product_brand":[],"product_cat":[524],"product_tag":[],"class_list":{"0":"post-14659","1":"product","2":"type-product","3":"status-publish","4":"has-post-thumbnail","6":"product_cat-pinknyge","8":"first","9":"instock","10":"shipping-taxable","11":"purchasable","12":"product-type-simple"},"_links":{"self":[{"href":"https:\/\/signus.agency\/lt\/wp-json\/wp\/v2\/product\/14659","targetHints":{"allow":["GET"]}}],"collection":[{"href":"https:\/\/signus.agency\/lt\/wp-json\/wp\/v2\/product"}],"about":[{"href":"https:\/\/signus.agency\/lt\/wp-json\/wp\/v2\/types\/product"}],"replies":[{"embeddable":true,"href":"https:\/\/signus.agency\/lt\/wp-json\/wp\/v2\/comments?post=14659"}],"wp:featuredmedia":[{"embeddable":true,"href":"https:\/\/signus.agency\/lt\/wp-json\/wp\/v2\/media\/14184"}],"wp:attachment":[{"href":"https:\/\/signus.agency\/lt\/wp-json\/wp\/v2\/media?parent=14659"}],"wp:term":[{"taxonomy":"product_brand","embeddable":true,"href":"https:\/\/signus.agency\/lt\/wp-json\/wp\/v2\/product_brand?post=14659"},{"taxonomy":"product_cat","embeddable":true,"href":"https:\/\/signus.agency\/lt\/wp-json\/wp\/v2\/product_cat?post=14659"},{"taxonomy":"product_tag","embeddable":true,"href":"https:\/\/signus.agency\/lt\/wp-json\/wp\/v2\/product_tag?post=14659"}],"curies":[{"name":"wp","href":"https:\/\/api.w.org\/{rel}","templated":true}]}}