{"id":14658,"date":"2025-05-10T10:58:12","date_gmt":"2025-05-10T10:58:12","guid":{"rendered":"https:\/\/signus.agency\/?post_type=product&#038;p=14658"},"modified":"2025-05-13T20:29:27","modified_gmt":"2025-05-13T20:29:27","slug":"pinknyge-debesu-atlasas-david-mitchell","status":"publish","type":"product","link":"https:\/\/signus.agency\/lt\/produktas\/pinknyge-debesu-atlasas-david-mitchell\/","title":{"rendered":"PINKNYG\u0116 \u201eDebes\u0173 atlasas\u201c David Mitchell"},"content":{"rendered":"<p><b>DEBES\u0172 ATLASAS: gyvenimas, mirtis, v\u0117l gyvenimas &#8211; ambicingas romanas apie reinkarnacij\u0105, gyvenimo prasm\u0119, blogio ir g\u0117rio kov\u0105, \u012fkv\u0117p\u0119s gars\u0173j\u012f film\u0105<\/b><\/p>\n<p>APIE KNYG\u0104<\/p>\n<p><i>Ir tik i\u0161leisdamas paskutin\u012f kvap\u0105 suprasi, kad tavo gyvenimas tebuvo la\u0161as beribiame vandenyne!\u201c<\/i><\/p>\n<p><i>Bet kas gi yra vandenynas, jeigu ne gausyb\u0117 la\u0161\u0173?<\/i><\/p>\n<p><b>David Mitchell<\/b> (Deividas Mit\u010delas, g. 1969 m.) \u2013 \u0161e\u0161i\u0173 roman\u0173 autorius, du i\u0161 kuri\u0173 buvo pristatyti Man Booker premijai. Autorius su japone \u017emona gyveno Italijoje, Japonijoje ir Airijoje, kur \u0161iuo metu su \u0161eima ir apsistojo. 2007 m. \u017eurnalas \u201c\u201eTime\u201c Mitchel\u0105 \u012ftrauk\u0117 \u012f \u012ftakingiausi\u0173 pasaulio \u017emoni\u0173 \u0161imtuk\u0105. Jis da\u017enai vadinamas \u201eeuropieti\u0161kuoju Murakamiu\u201c: abiej\u0173 romanai pilni keist\u0173 persona\u017e\u0173 bei istorij\u0173, japoni\u0161ko sant\u016brumo ir nutyl\u0117jim\u0173; abu jie taip pat s\u0117kmingai derina intelektualum\u0105 su populiariu turiniu.<\/p>\n<p><b>\u201eDebes\u0173 atlasas\u201c<\/b> \u2013 tre\u010diasis autoriaus romanas, suk\u0117l\u0119s nepaprast\u0105 skaitytoj\u0173 ir kritik\u0173 susidom\u0117jim\u0105. Pagal \u0161\u012f roman\u0105 2012 m. L. ir A. Wachowsky bei Tom Tykwer suk\u016br\u0117 to paties pavadinimo film\u0105.<\/p>\n<p>Romane susipina \u0161e\u0161ios istorijos, apiman\u010dios laikotarp\u012f nuo XIX a. iki tolimos ateities, tam tikra prasme \u2013 gyvenimo \u201epo pasaulio pabaigos\u201c. Kiekviena istorija yra susijusi su po jos einan\u010dia: naivus gydytojas, plaukiantis laivu per Ram\u0173j\u012f vandenyn\u0105, \u012f\u017e\u016blus ir genialus tarpukario kompozitorius, \u017eurnalist\u0117, tirianti korupcij\u0105 atomin\u0117je elektrin\u0117je, godus leid\u0117jas, b\u0117gantis nuo persekiotoj\u0173, mai\u0161tui pakilusi ateities klon\u0117, pasitinkanti savo tragi\u0161k\u0105 likim\u0105 ten, kur kadaise buvo Kor\u0117ja, ir vienas i\u0161 saujel\u0117s i\u0161likusi\u0173 po visuotin\u0117s katastrofos \u017emoni\u0173 po daugelio t\u016bkstan\u010di\u0173 met\u0173 dabartin\u0117je Havaj\u0173 teritorijoje\u2026 Vis\u0173 j\u0173 likimai susipina, visi jie \u2013 susieti vienas su kitu. Vis\u0173 istorijos nutr\u016bksta \u012fdomiausioje vietoje tam, kad v\u0117l prasit\u0119st\u0173, tik kita tvarka.<\/p>\n<p>Tai komplikuota, did\u017eiul\u0117, unikali knyga-d\u0117lion\u0117. Titani\u0161kas vert\u0117jo Laimanto Jonu\u0161io darbas. Knyga, reikalaujanti pastang\u0173, ir teikianti nepaprast\u0105 skaitymo malonum\u0105. Tai ir pasakojimas apie XIX a. laisv\u0117s siekius, ir distopija, ir \u017eemi\u0161k\u0173j\u0173 aistr\u0173, ir k\u016br\u0117jo kan\u010di\u0173, ir \u017emonijos ateities istorija. Istorij\u0173 pyn\u0117, teigianti \u017emogaus sielos ir asmens laisv\u0117s nemirtingum\u0105.<\/p>\n<p>Ir visa laik\u0105 saves klausi: kaip Davidas Mitchelas tai para\u0161\u0117?<\/p>\n<p><b>Autorius <\/b>David Mitchell<\/p>\n<p><b>Leidykla <\/b>Tyto alba<\/p>\n<p><b>Leidimo metai <\/b>2014<\/p>\n<p><b>Vir\u0161elio tipas <\/b>Kietas<\/p>\n<p><b>Puslapi\u0173 skai\u010dius <\/b>581<\/p>\n","protected":false},"excerpt":{"rendered":"<p>Renkame perskaitytas knygas, o Herojaus mokyklos \u00a0bendruomen\u0117 paver\u010dia knygas pinknyg\u0117mis. Visos aukos, surinktos u\u017e PINKNYGES skiriamos sunkiai sergan\u010di\u0173 vaik\u0173 svajoni\u0173 pildymui.<\/p>\n","protected":false},"featured_media":14162,"comment_status":"closed","ping_status":"closed","template":"","meta":[],"product_brand":[],"product_cat":[524],"product_tag":[],"class_list":{"0":"post-14658","1":"product","2":"type-product","3":"status-publish","4":"has-post-thumbnail","6":"product_cat-pinknyge","8":"first","9":"instock","10":"shipping-taxable","11":"purchasable","12":"product-type-simple"},"_links":{"self":[{"href":"https:\/\/signus.agency\/lt\/wp-json\/wp\/v2\/product\/14658","targetHints":{"allow":["GET"]}}],"collection":[{"href":"https:\/\/signus.agency\/lt\/wp-json\/wp\/v2\/product"}],"about":[{"href":"https:\/\/signus.agency\/lt\/wp-json\/wp\/v2\/types\/product"}],"replies":[{"embeddable":true,"href":"https:\/\/signus.agency\/lt\/wp-json\/wp\/v2\/comments?post=14658"}],"wp:featuredmedia":[{"embeddable":true,"href":"https:\/\/signus.agency\/lt\/wp-json\/wp\/v2\/media\/14162"}],"wp:attachment":[{"href":"https:\/\/signus.agency\/lt\/wp-json\/wp\/v2\/media?parent=14658"}],"wp:term":[{"taxonomy":"product_brand","embeddable":true,"href":"https:\/\/signus.agency\/lt\/wp-json\/wp\/v2\/product_brand?post=14658"},{"taxonomy":"product_cat","embeddable":true,"href":"https:\/\/signus.agency\/lt\/wp-json\/wp\/v2\/product_cat?post=14658"},{"taxonomy":"product_tag","embeddable":true,"href":"https:\/\/signus.agency\/lt\/wp-json\/wp\/v2\/product_tag?post=14658"}],"curies":[{"name":"wp","href":"https:\/\/api.w.org\/{rel}","templated":true}]}}