{"id":14657,"date":"2025-05-10T10:58:12","date_gmt":"2025-05-10T10:58:12","guid":{"rendered":"https:\/\/signus.agency\/?post_type=product&#038;p=14657"},"modified":"2025-05-13T20:23:30","modified_gmt":"2025-05-13T20:23:30","slug":"vytautas-landsbergis","status":"publish","type":"product","link":"https:\/\/signus.agency\/lt\/produktas\/vytautas-landsbergis\/","title":{"rendered":"PINKNYG\u0116 \u201eRudnosiuko ra\u0161tai\u201c Vytautas V.Landsbergis"},"content":{"rendered":"<p>Nauja\u0328ja\u0328 Vytauto V. Landsbergio knyga\u0328 <b>\u201eRudnosiuko ra\u0161tai&#8221;<\/b> sudaro dvi dalys:<\/p>\n<p>pirmoji \u2013 tai perdaryta, papildyta 1994 metais i\u0161leistos ir metu\u0328 knygos apdovanojima\u0328 pelniusi \u201eRudnosiuko istoriju\u0328&#8221; versija;<\/p>\n<p>antroji \u2013 ve\u0307le\u0307liau ra\u0161yti \u2013 paskutiniu\u0328ju\u0328 penkeriu\u0328 metu\u0328 rudnosiuko nuotykiai.<\/p>\n<p>Tai geriausiu\u0328 Rudnosiuko istoriju\u0328 ir anekdotu\u0328 antologija.<\/p>\n<p><b>Autorius <\/b>Vytautas V.Landsbergis<\/p>\n<p><b>Leidykla <\/b>Dominicus Lituanus<\/p>\n<p><b>Leidimo metai <\/b>2019<\/p>\n<p><b>Vir\u0161elio tipas <\/b>Kietas<\/p>\n<p><b>Puslapi\u0173 skai\u010dius <\/b>232<\/p>\n","protected":false},"excerpt":{"rendered":"<p>Renkame perskaitytas knygas, o Herojaus mokyklos \u00a0bendruomen\u0117 paver\u010dia knygas pinknyg\u0117mis. Visos aukos, surinktos u\u017e PINKNYGES skiriamos sunkiai sergan\u010di\u0173 vaik\u0173 svajoni\u0173 pildymui.<\/p>\n","protected":false},"featured_media":14196,"comment_status":"closed","ping_status":"closed","template":"","meta":[],"product_brand":[],"product_cat":[524],"product_tag":[],"class_list":{"0":"post-14657","1":"product","2":"type-product","3":"status-publish","4":"has-post-thumbnail","6":"product_cat-pinknyge","8":"first","9":"instock","10":"shipping-taxable","11":"purchasable","12":"product-type-simple"},"_links":{"self":[{"href":"https:\/\/signus.agency\/lt\/wp-json\/wp\/v2\/product\/14657","targetHints":{"allow":["GET"]}}],"collection":[{"href":"https:\/\/signus.agency\/lt\/wp-json\/wp\/v2\/product"}],"about":[{"href":"https:\/\/signus.agency\/lt\/wp-json\/wp\/v2\/types\/product"}],"replies":[{"embeddable":true,"href":"https:\/\/signus.agency\/lt\/wp-json\/wp\/v2\/comments?post=14657"}],"wp:featuredmedia":[{"embeddable":true,"href":"https:\/\/signus.agency\/lt\/wp-json\/wp\/v2\/media\/14196"}],"wp:attachment":[{"href":"https:\/\/signus.agency\/lt\/wp-json\/wp\/v2\/media?parent=14657"}],"wp:term":[{"taxonomy":"product_brand","embeddable":true,"href":"https:\/\/signus.agency\/lt\/wp-json\/wp\/v2\/product_brand?post=14657"},{"taxonomy":"product_cat","embeddable":true,"href":"https:\/\/signus.agency\/lt\/wp-json\/wp\/v2\/product_cat?post=14657"},{"taxonomy":"product_tag","embeddable":true,"href":"https:\/\/signus.agency\/lt\/wp-json\/wp\/v2\/product_tag?post=14657"}],"curies":[{"name":"wp","href":"https:\/\/api.w.org\/{rel}","templated":true}]}}