{"id":14656,"date":"2025-05-10T10:58:12","date_gmt":"2025-05-10T10:58:12","guid":{"rendered":"https:\/\/signus.agency\/?post_type=product&#038;p=14656"},"modified":"2025-05-13T20:28:59","modified_gmt":"2025-05-13T20:28:59","slug":"pinknyge-eragonas-paveldejimas-1-knyga-christopher-paolini","status":"publish","type":"product","link":"https:\/\/signus.agency\/lt\/produktas\/pinknyge-eragonas-paveldejimas-1-knyga-christopher-paolini\/","title":{"rendered":"PINKNYG\u0116 \u201eEragonas. Paveld\u0117jimas. 1 knyga\u201c Christopher Paolini"},"content":{"rendered":"<p>Jaunimui nuo 12 met\u0173.<\/p>\n<p>Mi\u0161ke rad\u0119s nusvidint\u0105 m\u0117lyn\u0105 akmen\u012f, Eragonas nutaria, kad tai yra nuostabus radinys varg\u0161o \u016bkininko vaikui: galb\u016bt u\u017e j\u012f gal\u0117si\u0105s nusipirkti maisto \u017eiemai. Bet kai i\u0161 keistojo akmens i\u0161sirita drakoniukas, jis supranta, kad susid\u016br\u0117 su senu kaip pati Imperija palikimu.<\/p>\n<p>Per vien\u0105 nakt\u012f paprastas gyvenimas sugri\u016bva ir jaunuolis atsiduria naujame, pavoj\u0173 kupiname magijos pasaulyje. Klausydamas senojo pasakotojo patarim\u0173, senoviniu kardu ginkluotas Eragonas su savo bi\u010diule drakone stengiasi i\u0161laviruoti tarp Imperijos pakalik\u0173 ir jos prie\u0161inink\u0173.<\/p>\n<p>Ar sugeb\u0117s Eragonas prisiimti legendini\u0173 Drakon\u0173 Raiteli\u0173 atsakomyb\u0119? Juk \u0161is jo sprendimas gali nulemti Imperijos likim\u0105&#8230;<\/p>\n<p>1-oji \u201cPaveld\u0117jimo\u201d ciklo dalis. Ciklas lyginamas su J.R.R. Tolkieno knygomis ir visame pasaulyje m\u0117gstamas ne tik vaik\u0173 ir jaunimo, bet ir suaugusi\u0173j\u0173.<\/p>\n<p>B\u016bdamas penkiolikos amerikietis <b>Christopheris Paolinis<\/b> baig\u0117 mokykl\u0105 ir prad\u0117jo ra\u0161yti knyg\u0105 <b>\u201eEragonas\u201c<\/b>, kuri ir tapo pirm\u0105ja \u201cPaveld\u0117jimo\u201d dalimi. Devyniolikos jis jau buvo \u017eymus ir pateko \u012f Guinnesso rekord\u0173 knyg\u0105 kaip jauniausias knyg\u0173 ciklo, tapusio bestseleriu, autorius. Pagal \u201eEragon\u0105\u201c pastatytas kino filmas.<\/p>\n<p><b>Autorius <\/b>Christopher Paolini<\/p>\n<p><b>Leidykla <\/b>Alma Littera<\/p>\n<p><b>Leidimo metai <\/b>2021<\/p>\n<p><b>Vir\u0161elio tipas <\/b>Kietas<\/p>\n<p><b>Puslapi\u0173 skai\u010dius <\/b>496<\/p>\n","protected":false},"excerpt":{"rendered":"<p>Renkame perskaitytas knygas, o Herojaus mokyklos \u00a0bendruomen\u0117 paver\u010dia knygas pinknyg\u0117mis. Visos aukos, surinktos u\u017e PINKNYGES skiriamos sunkiai sergan\u010di\u0173 vaik\u0173 svajoni\u0173 pildymui.<\/p>\n","protected":false},"featured_media":14174,"comment_status":"closed","ping_status":"closed","template":"","meta":[],"product_brand":[],"product_cat":[524],"product_tag":[],"class_list":{"0":"post-14656","1":"product","2":"type-product","3":"status-publish","4":"has-post-thumbnail","6":"product_cat-pinknyge","8":"first","9":"instock","10":"shipping-taxable","11":"purchasable","12":"product-type-simple"},"_links":{"self":[{"href":"https:\/\/signus.agency\/lt\/wp-json\/wp\/v2\/product\/14656","targetHints":{"allow":["GET"]}}],"collection":[{"href":"https:\/\/signus.agency\/lt\/wp-json\/wp\/v2\/product"}],"about":[{"href":"https:\/\/signus.agency\/lt\/wp-json\/wp\/v2\/types\/product"}],"replies":[{"embeddable":true,"href":"https:\/\/signus.agency\/lt\/wp-json\/wp\/v2\/comments?post=14656"}],"wp:featuredmedia":[{"embeddable":true,"href":"https:\/\/signus.agency\/lt\/wp-json\/wp\/v2\/media\/14174"}],"wp:attachment":[{"href":"https:\/\/signus.agency\/lt\/wp-json\/wp\/v2\/media?parent=14656"}],"wp:term":[{"taxonomy":"product_brand","embeddable":true,"href":"https:\/\/signus.agency\/lt\/wp-json\/wp\/v2\/product_brand?post=14656"},{"taxonomy":"product_cat","embeddable":true,"href":"https:\/\/signus.agency\/lt\/wp-json\/wp\/v2\/product_cat?post=14656"},{"taxonomy":"product_tag","embeddable":true,"href":"https:\/\/signus.agency\/lt\/wp-json\/wp\/v2\/product_tag?post=14656"}],"curies":[{"name":"wp","href":"https:\/\/api.w.org\/{rel}","templated":true}]}}