{"id":14655,"date":"2025-05-10T10:58:12","date_gmt":"2025-05-10T10:58:12","guid":{"rendered":"https:\/\/signus.agency\/?post_type=product&#038;p=14655"},"modified":"2025-05-13T20:31:10","modified_gmt":"2025-05-13T20:31:10","slug":"pinknyge-uke-puke-grizta-namo-zane-zusta","status":"publish","type":"product","link":"https:\/\/signus.agency\/lt\/produktas\/pinknyge-uke-puke-grizta-namo-zane-zusta\/","title":{"rendered":"PINKNYG\u0116 \u201e\u016ak\u0117 P\u016bk\u0117. Gr\u012f\u017eta namo\u201c Zane Zusta"},"content":{"rendered":"<p><b>\u201e\u016ak\u0117 P\u016bk\u0117 gr\u012f\u017eta namo&#8221;<\/b> \u2013 istorija apie tikrus draugus. Skub\u0117dama gr\u012f\u017eti namo po atostog\u0173 u\u017esienyje, Kristupo \u0161eima pamir\u0161ta \u017eaislin\u0119 pel\u0117d\u017eiuk\u0119. Suprat\u0119s, kad jo geriausia draug\u0117 nesugr\u012f\u017eo kartu, berniukas organizuoja jos paie\u0161k\u0105. Likusi viena \u016ak\u0117 P\u016bk\u0117 irgi nes\u0117di rank\u0173 sud\u0117jusi. Ma\u017eyl\u0117 ie\u0161ko kelio namo, ta\u010diau kaip j\u012f surasti, jei esi tokia ma\u017ea ir ne\u017einai, kur dabar esi ir kur apskritai gyveni?<\/p>\n<p>Perskait\u0119 knygel\u0119 vaikai ne tik i\u0161girs apie \u016ak\u0117s P\u016bk\u0117s nuotykius, bet ir su\u017einos, kaip elgtis pasiklydus. O i\u0161mok\u0119 svarbi\u0105 pamok\u0105 gal\u0117s pa\u017eaisti l\u0117li\u0173 teatr\u0105.<\/p>\n<p>Knygoje <b>\u201e\u016ak\u0117 P\u016bk\u0117 gr\u012f\u017eta namo&#8221;<\/b> rasite l\u0117li\u0173 teatro scen\u0105, kei\u010diam\u0105 scenovaizd\u012f ir pagrindinius istorijos veik\u0117jus-l\u0117les.<\/p>\n<p><span class=\"Apple-converted-space\">\u00a0\u00a0<\/span><\/p>\n<p><b>Autorius <\/b>Zane Zusta<\/p>\n<p><b>Leidykla <\/b>Debes\u0173 Ganyklos<\/p>\n<p><b>Leidimo metai <\/b>2018<\/p>\n<p><b>Vir\u0161elio tipas <\/b>Kietas<\/p>\n<p><b>Puslapi\u0173 skai\u010dius <\/b>42<\/p>\n","protected":false},"excerpt":{"rendered":"<p>Renkame perskaitytas knygas, o Herojaus mokyklos \u00a0bendruomen\u0117 paver\u010dia knygas pinknyg\u0117mis. Visos aukos, surinktos u\u017e PINKNYGES skiriamos sunkiai sergan\u010di\u0173 vaik\u0173 svajoni\u0173 pildymui.<\/p>\n","protected":false},"featured_media":14153,"comment_status":"closed","ping_status":"closed","template":"","meta":[],"product_brand":[],"product_cat":[524],"product_tag":[],"class_list":{"0":"post-14655","1":"product","2":"type-product","3":"status-publish","4":"has-post-thumbnail","6":"product_cat-pinknyge","8":"first","9":"instock","10":"shipping-taxable","11":"purchasable","12":"product-type-simple"},"_links":{"self":[{"href":"https:\/\/signus.agency\/lt\/wp-json\/wp\/v2\/product\/14655","targetHints":{"allow":["GET"]}}],"collection":[{"href":"https:\/\/signus.agency\/lt\/wp-json\/wp\/v2\/product"}],"about":[{"href":"https:\/\/signus.agency\/lt\/wp-json\/wp\/v2\/types\/product"}],"replies":[{"embeddable":true,"href":"https:\/\/signus.agency\/lt\/wp-json\/wp\/v2\/comments?post=14655"}],"wp:featuredmedia":[{"embeddable":true,"href":"https:\/\/signus.agency\/lt\/wp-json\/wp\/v2\/media\/14153"}],"wp:attachment":[{"href":"https:\/\/signus.agency\/lt\/wp-json\/wp\/v2\/media?parent=14655"}],"wp:term":[{"taxonomy":"product_brand","embeddable":true,"href":"https:\/\/signus.agency\/lt\/wp-json\/wp\/v2\/product_brand?post=14655"},{"taxonomy":"product_cat","embeddable":true,"href":"https:\/\/signus.agency\/lt\/wp-json\/wp\/v2\/product_cat?post=14655"},{"taxonomy":"product_tag","embeddable":true,"href":"https:\/\/signus.agency\/lt\/wp-json\/wp\/v2\/product_tag?post=14655"}],"curies":[{"name":"wp","href":"https:\/\/api.w.org\/{rel}","templated":true}]}}