{"id":14654,"date":"2025-05-10T10:58:38","date_gmt":"2025-05-10T10:58:38","guid":{"rendered":"https:\/\/signus.agency\/product\/kinddot-piestukine-pasaulis\/"},"modified":"2025-05-14T12:28:29","modified_gmt":"2025-05-14T12:28:29","slug":"uzsidektaska-piestukine-the-world","status":"publish","type":"product","link":"https:\/\/signus.agency\/lt\/produktas\/uzsidektaska-piestukine-the-world\/","title":{"rendered":"#U\u017dSID\u0116KTA\u0160K\u0104  pie\u0161tukin\u0117 \u2022 The World \u2022"},"content":{"rendered":"<p>U\u017e kiekvien\u0105 ta\u0161k\u0105 surinktos l\u0117\u0161os skiriamos sunkiai sergantiems vaikams \u2013 med. \u012frangos ir medikament\u0173 apr\u016bpinimui, svarbi\u0173 gydym\u0173 ir operacij\u0173 \u012fgyvendinimui bei slapt\u0173 svajoni\u0173 i\u0161pildymui.<\/p>\n<ul>\n<li>Dydis: 20 x 11,5 cm<\/li>\n<li>100% \u0161ukuotin\u0117 ekologi\u0161ka medviln\u0117, 407 g\/m\u00b2<\/li>\n<li>Spalva: juoda<\/li>\n<\/ul>\n","protected":false},"excerpt":{"rendered":"<p>Pie\u0161tukin\u0117 ar kosmetin\u0117, \u00a0kompiuterio pakrov\u0117jui ar kitoms J\u016bs\u0173 pasirinktoms smulkmenoms susid\u0117ti.<\/p>\n<p>Su J\u016bs\u0173 pam\u0117gtu \u0161\u016bkiu \u2022 When small means the world \u2022 kuris kasdien Jums primins apie dideles keliones, kurios prasideda nuo ma\u017eo \u017eingsnio. A\u010di\u016b u\u017e J\u016bs\u0173 gerum\u0105 !<\/p>\n","protected":false},"featured_media":14273,"comment_status":"closed","ping_status":"closed","template":"","meta":[],"product_brand":[],"product_cat":[515,528],"product_tag":[],"class_list":{"0":"post-14654","1":"product","2":"type-product","3":"status-publish","4":"has-post-thumbnail","6":"product_cat-uzsidektaska-kolekcija","7":"product_cat-kanceliarines-prekes","9":"first","10":"instock","11":"shipping-taxable","12":"purchasable","13":"product-type-simple"},"_links":{"self":[{"href":"https:\/\/signus.agency\/lt\/wp-json\/wp\/v2\/product\/14654","targetHints":{"allow":["GET"]}}],"collection":[{"href":"https:\/\/signus.agency\/lt\/wp-json\/wp\/v2\/product"}],"about":[{"href":"https:\/\/signus.agency\/lt\/wp-json\/wp\/v2\/types\/product"}],"replies":[{"embeddable":true,"href":"https:\/\/signus.agency\/lt\/wp-json\/wp\/v2\/comments?post=14654"}],"wp:featuredmedia":[{"embeddable":true,"href":"https:\/\/signus.agency\/lt\/wp-json\/wp\/v2\/media\/14273"}],"wp:attachment":[{"href":"https:\/\/signus.agency\/lt\/wp-json\/wp\/v2\/media?parent=14654"}],"wp:term":[{"taxonomy":"product_brand","embeddable":true,"href":"https:\/\/signus.agency\/lt\/wp-json\/wp\/v2\/product_brand?post=14654"},{"taxonomy":"product_cat","embeddable":true,"href":"https:\/\/signus.agency\/lt\/wp-json\/wp\/v2\/product_cat?post=14654"},{"taxonomy":"product_tag","embeddable":true,"href":"https:\/\/signus.agency\/lt\/wp-json\/wp\/v2\/product_tag?post=14654"}],"curies":[{"name":"wp","href":"https:\/\/api.w.org\/{rel}","templated":true}]}}