{"id":14653,"date":"2025-05-10T10:58:12","date_gmt":"2025-05-10T10:58:12","guid":{"rendered":"https:\/\/signus.agency\/?post_type=product&#038;p=14653"},"modified":"2025-05-13T20:31:47","modified_gmt":"2025-05-13T20:31:47","slug":"pinknyge-siuksliu-dievas-rebeka-una","status":"publish","type":"product","link":"https:\/\/signus.agency\/lt\/produktas\/pinknyge-siuksliu-dievas-rebeka-una\/","title":{"rendered":"PINKNYG\u0116 \u201e\u0160iuk\u0161li\u0173 Dievas\u201c Rebeka Una"},"content":{"rendered":"<p>\u0160i knyga \u2013 septintojo Nacionalinio vaik\u0173 literat\u016bros konkurso (2019 m.) finalinink\u0117. Knygos iliustracijos buvo \u012ftrauktos \u012f 2020 m. Bolonijos vaik\u0173 knyg\u0173 mug\u0117s iliustruotoj\u0173 parodos trump\u0105j\u012f s\u0105ra\u0161\u0105.<\/p>\n<p>Neapsikentusi Beno zyzimo senel\u0117 i\u0161veja j\u012f \u012f kiem\u0105. Sur\u016bg\u0119s Benas slampin\u0117ja, neturi \u016bpo net su savo drauge Vaiva \u0161neku\u010diuotis. Ir tada\u2026 \u012f kiem\u0105 \u012f\u017eengia kiemsargis, ne \u0161iaip koks, o \u0160iuk\u0161li\u0173 Dievas! Ir prasideda! Paprastos \u0161iuk\u0161l\u0117s, spalvotos \u0161iuk\u0161l\u0117s, \u0161iuk\u0161l\u0117s, kuri\u0173 nematyti, \u0161iuk\u0161l\u0117s, kuri\u0173 nei\u0161mesi. Be to, \u0160iuk\u0161li\u0173 Dievui patinka Beno istorijos. Ir Benas pasakoja \u2013 apie \u017eiurk\u0117n\u0105, paskui apie pap\u016bg\u0105. Benui kalbant, \u0160iuk\u0161li\u0173 Dievo kibiras piln\u0117ja, o Beno lengv\u0117ja. Benas to ne\u017eino, bet jam ir nereikia visko \u017einoti.<\/p>\n<p><span class=\"Apple-converted-space\">\u00a0\u00a0<\/span><\/p>\n<p><b>Autorius <\/b>Rebeka Una<\/p>\n<p><b>Leidykla <\/b>Labdaros ir paramos fondas \u201c\u0160vieskime vaikus\u201d<\/p>\n<p><b>Leidimo metai <\/b>2021<\/p>\n<p><b>Vir\u0161elio tipas <\/b>Mink\u0161tas<\/p>\n<p><b>Puslapi\u0173 skai\u010dius <\/b>100<\/p>\n","protected":false},"excerpt":{"rendered":"<p>Renkame perskaitytas knygas, o Herojaus mokyklos \u00a0bendruomen\u0117 paver\u010dia knygas pinknyg\u0117mis. Visos aukos, surinktos u\u017e PINKNYGES skiriamos sunkiai sergan\u010di\u0173 vaik\u0173 svajoni\u0173 pildymui.<\/p>\n","protected":false},"featured_media":14141,"comment_status":"closed","ping_status":"closed","template":"","meta":[],"product_brand":[],"product_cat":[524],"product_tag":[],"class_list":{"0":"post-14653","1":"product","2":"type-product","3":"status-publish","4":"has-post-thumbnail","6":"product_cat-pinknyge","8":"first","9":"instock","10":"shipping-taxable","11":"purchasable","12":"product-type-simple"},"_links":{"self":[{"href":"https:\/\/signus.agency\/lt\/wp-json\/wp\/v2\/product\/14653","targetHints":{"allow":["GET"]}}],"collection":[{"href":"https:\/\/signus.agency\/lt\/wp-json\/wp\/v2\/product"}],"about":[{"href":"https:\/\/signus.agency\/lt\/wp-json\/wp\/v2\/types\/product"}],"replies":[{"embeddable":true,"href":"https:\/\/signus.agency\/lt\/wp-json\/wp\/v2\/comments?post=14653"}],"wp:featuredmedia":[{"embeddable":true,"href":"https:\/\/signus.agency\/lt\/wp-json\/wp\/v2\/media\/14141"}],"wp:attachment":[{"href":"https:\/\/signus.agency\/lt\/wp-json\/wp\/v2\/media?parent=14653"}],"wp:term":[{"taxonomy":"product_brand","embeddable":true,"href":"https:\/\/signus.agency\/lt\/wp-json\/wp\/v2\/product_brand?post=14653"},{"taxonomy":"product_cat","embeddable":true,"href":"https:\/\/signus.agency\/lt\/wp-json\/wp\/v2\/product_cat?post=14653"},{"taxonomy":"product_tag","embeddable":true,"href":"https:\/\/signus.agency\/lt\/wp-json\/wp\/v2\/product_tag?post=14653"}],"curies":[{"name":"wp","href":"https:\/\/api.w.org\/{rel}","templated":true}]}}