{"id":14652,"date":"2025-05-10T10:58:12","date_gmt":"2025-05-10T10:58:12","guid":{"rendered":"https:\/\/signus.agency\/?post_type=product&#038;p=14652"},"modified":"2025-05-13T20:32:48","modified_gmt":"2025-05-13T20:32:48","slug":"pinknyge-veju-zemeje-ciklo-drakono-raitele-1-oji-knyga-licia-troisi","status":"publish","type":"product","link":"https:\/\/signus.agency\/lt\/produktas\/pinknyge-veju-zemeje-ciklo-drakono-raitele-1-oji-knyga-licia-troisi\/","title":{"rendered":"PINKNYG\u0116 V\u0117j\u0173 \u017eem\u0117je. Ciklo \u201eDrakono raitel\u0117\u201c 1-oji knyga Licia Troisi"},"content":{"rendered":"<p><b>V\u0117j\u0173 \u017eem\u0117je. Ciklo \u201eDrakono raitel\u0117\u201c 1-oji knyga<\/b><\/p>\n<p>APIE KNYG\u0104<\/p>\n<p>Nihala \u2013 keista mergait\u0117. Jos akys violetin\u0117s, ausys ilgos ir smailios, o plaukai m\u0117lyni \u2013 visame I\u0161nirusiame pasaulyje n\u0117ra \u012f j\u0105 pana\u0161ios. Ne\u012fprastos i\u0161vaizdos mergait\u0119 augina t\u0117tis, garsus V\u0117j\u0173 \u017eem\u0117s ginklakalys, pats nukaldin\u0119s ir padovanoj\u0119s dukrai \u012fsp\u016bdingo gro\u017eio kalavij\u0105. D\u0117l savo vikrumo ir stiprumo Nihala tampa padau\u017e\u0173 vade. Ji su visa \u0161utve leid\u017eia dienas \u017eaisdama kar\u0105 ir lakstydama miesto gatv\u0117mis. Ta\u010diau giedr\u0105 Nihalos vaikyst\u0119 retkar\u010diais sudrums\u010dia keistos mintys. Kod\u0117l ji i\u0161 vis\u0173 taip skiriasi? Kod\u0117l niekas niekada jai nepasakoja apie motin\u0105, kurios ji nepa\u017einojo? \u0160ias mintis nuveja tik nenumaldoma svajon\u0117 tapti narsia kovotoja, bet jai dar reikia daug ko i\u0161mokti.<\/p>\n<p>Tuo metu \u017eiaurusis Tironas, u\u017egrob\u0119s beveik visas I\u0161nirusio pasaulio \u017eemes, ima k\u0117sintis ir \u012f<span class=\"Apple-converted-space\">\u00a0 <\/span>gimt\u0105j\u0105 Nihalos V\u0117j\u0173 \u017eem\u0119. Prie\u0161 Tiron\u0105 bej\u0117g\u0117 ne tik kariauna, bet ir burtininkai, saugantys miestus kerais ir stebuklingomis u\u017etvaromis. Nihala nusprend\u017eia i\u0161keliauti pas Girioje gyvenan\u010di\u0105 savo tet\u0105, garsi\u0105 burtinink\u0119, kad i\u0161mokt\u0173 magijos.Tik tuomet ji gal\u0117s tapti narsia kovotoja ir stoti ginti V\u0117j\u0173 \u017eem\u0117s.<\/p>\n<p>I\u0161nir\u0119s pasaulis yra \u017emoni\u0173, nyk\u0161tuk\u0173, burtinink\u0173, pabais\u0173 famin\u0173, nimf\u0173 namai. \u010cia gyvena ir keista m\u0117lynplauk\u0117 mergait\u0117. Padau\u017e\u0173 vade praminta mergait\u0117 svajoja tapti narsia kovotoja. Vis did\u0117janti \u017eiauriojo valdovo Tirono gr\u0117sm\u0117 ir kartus pralaim\u0117jimas per dvikov\u0105 paskatina Nihal\u0105 vykti pas garsi\u0105j\u0105 burtinink\u0119, tet\u0105 Soan\u0105, mokytis magijos meno.<\/p>\n<p>Vienintel\u0117 pasaulyje i\u0161likusi puself\u0117 Nihala stos prie\u0161 \u017eiaur\u0173j\u012f Tiron\u0105, o \u0161ioje kovoje jai pad\u0117s i\u0161tikimiausi draugai: jaunasis burtininkas Senaras ir juodojo kristalo kalavijas.<\/p>\n<p><b>Autorius <\/b>Licia Troisi<\/p>\n<p><b>Leidykla <\/b>Alma Littera<\/p>\n<p><b>Leidimo metai <\/b>2012<\/p>\n<p><b>Vir\u0161elio tipas <\/b>Kietas<\/p>\n<p><b>Puslapi\u0173 skai\u010dius <\/b>368<\/p>\n","protected":false},"excerpt":{"rendered":"<p>Renkame perskaitytas knygas, o Herojaus mokyklos \u00a0bendruomen\u0117 paver\u010dia knygas pinknyg\u0117mis. Visos aukos, surinktos u\u017e PINKNYGES skiriamos sunkiai sergan\u010di\u0173 vaik\u0173 svajoni\u0173 pildymui.<\/p>\n","protected":false},"featured_media":14120,"comment_status":"closed","ping_status":"closed","template":"","meta":[],"product_brand":[],"product_cat":[524],"product_tag":[],"class_list":{"0":"post-14652","1":"product","2":"type-product","3":"status-publish","4":"has-post-thumbnail","6":"product_cat-pinknyge","8":"first","9":"instock","10":"shipping-taxable","11":"purchasable","12":"product-type-simple"},"_links":{"self":[{"href":"https:\/\/signus.agency\/lt\/wp-json\/wp\/v2\/product\/14652","targetHints":{"allow":["GET"]}}],"collection":[{"href":"https:\/\/signus.agency\/lt\/wp-json\/wp\/v2\/product"}],"about":[{"href":"https:\/\/signus.agency\/lt\/wp-json\/wp\/v2\/types\/product"}],"replies":[{"embeddable":true,"href":"https:\/\/signus.agency\/lt\/wp-json\/wp\/v2\/comments?post=14652"}],"wp:featuredmedia":[{"embeddable":true,"href":"https:\/\/signus.agency\/lt\/wp-json\/wp\/v2\/media\/14120"}],"wp:attachment":[{"href":"https:\/\/signus.agency\/lt\/wp-json\/wp\/v2\/media?parent=14652"}],"wp:term":[{"taxonomy":"product_brand","embeddable":true,"href":"https:\/\/signus.agency\/lt\/wp-json\/wp\/v2\/product_brand?post=14652"},{"taxonomy":"product_cat","embeddable":true,"href":"https:\/\/signus.agency\/lt\/wp-json\/wp\/v2\/product_cat?post=14652"},{"taxonomy":"product_tag","embeddable":true,"href":"https:\/\/signus.agency\/lt\/wp-json\/wp\/v2\/product_tag?post=14652"}],"curies":[{"name":"wp","href":"https:\/\/api.w.org\/{rel}","templated":true}]}}