{"id":14650,"date":"2025-05-10T10:58:13","date_gmt":"2025-05-10T10:58:13","guid":{"rendered":"https:\/\/signus.agency\/product\/kinddot-sportinis-krepsys\/"},"modified":"2025-05-14T12:29:02","modified_gmt":"2025-05-14T12:29:02","slug":"sportinis-krepsys-uzsidektaska","status":"publish","type":"product","link":"https:\/\/signus.agency\/lt\/produktas\/sportinis-krepsys-uzsidektaska\/","title":{"rendered":"Sportinis krep\u0161ys #U\u017dSID\u0116KTA\u0160K\u0104"},"content":{"rendered":"<p>U\u017e kiekvien\u0105 ta\u0161k\u0105 surinktos l\u0117\u0161os skiriamos sunkiai sergantiems vaikams \u2013 med. \u012frangos ir medikament\u0173 apr\u016bpinimui, svarbi\u0173 gydym\u0173 ir operacij\u0173 \u012fgyvendinimui bei slapt\u0173 svajoni\u0173 i\u0161pildymui.<\/p>\n<ul>\n<li>Dydis: 50 x 25 cm, auk\u0161tis ~30 cm<\/li>\n<li>Sud\u0117tis: 100% perdirbtas poliesteris<\/li>\n<li>Spalva: juoda<\/li>\n<\/ul>\n","protected":false},"excerpt":{"rendered":"<p>Patogus ir didelis sportinis krep\u0161ys su subtiliai matomu J\u016bs\u0173 pam\u0117gtu \u0161\u016bkiu \u00a0\u2022 When small means the world \u2022 kuris kasdien Jums primins apie dideles keliones, kurios prasideda nuo ma\u017eo \u017eingsnio.<\/p>\n<p>A\u010di\u016b u\u017e J\u016bs\u0173 gerum\u0105 !<\/p>\n","protected":false},"featured_media":14254,"comment_status":"closed","ping_status":"closed","template":"","meta":[],"product_brand":[],"product_cat":[515,516,522],"product_tag":[],"class_list":{"0":"post-14650","1":"product","2":"type-product","3":"status-publish","4":"has-post-thumbnail","6":"product_cat-uzsidektaska-kolekcija","7":"product_cat-aksesuarai","8":"product_cat-naujienos","10":"first","11":"instock","12":"shipping-taxable","13":"purchasable","14":"product-type-simple"},"_links":{"self":[{"href":"https:\/\/signus.agency\/lt\/wp-json\/wp\/v2\/product\/14650","targetHints":{"allow":["GET"]}}],"collection":[{"href":"https:\/\/signus.agency\/lt\/wp-json\/wp\/v2\/product"}],"about":[{"href":"https:\/\/signus.agency\/lt\/wp-json\/wp\/v2\/types\/product"}],"replies":[{"embeddable":true,"href":"https:\/\/signus.agency\/lt\/wp-json\/wp\/v2\/comments?post=14650"}],"wp:featuredmedia":[{"embeddable":true,"href":"https:\/\/signus.agency\/lt\/wp-json\/wp\/v2\/media\/14254"}],"wp:attachment":[{"href":"https:\/\/signus.agency\/lt\/wp-json\/wp\/v2\/media?parent=14650"}],"wp:term":[{"taxonomy":"product_brand","embeddable":true,"href":"https:\/\/signus.agency\/lt\/wp-json\/wp\/v2\/product_brand?post=14650"},{"taxonomy":"product_cat","embeddable":true,"href":"https:\/\/signus.agency\/lt\/wp-json\/wp\/v2\/product_cat?post=14650"},{"taxonomy":"product_tag","embeddable":true,"href":"https:\/\/signus.agency\/lt\/wp-json\/wp\/v2\/product_tag?post=14650"}],"curies":[{"name":"wp","href":"https:\/\/api.w.org\/{rel}","templated":true}]}}