{"id":14648,"date":"2025-05-10T10:58:12","date_gmt":"2025-05-10T10:58:12","guid":{"rendered":"https:\/\/signus.agency\/?post_type=product&#038;p=14648"},"modified":"2025-05-13T20:30:14","modified_gmt":"2025-05-13T20:30:14","slug":"pinknyge-padukeliu-mokykla-tai-bent-klase-dashiell-ferrandez","status":"publish","type":"product","link":"https:\/\/signus.agency\/lt\/produktas\/pinknyge-padukeliu-mokykla-tai-bent-klase-dashiell-ferrandez\/","title":{"rendered":"PINKNYG\u0116 \u201ePad\u016bk\u0117li\u0173 mokykla. Tai bent klas\u0117!\u201c Dashiell Ferrandez"},"content":{"rendered":"<p>6\u20139 m. vaikams.<\/p>\n<p>Juokinga knyga pradedantiems skaityti \u2013 apie mokykl\u0105 ir pad\u016bkusius draugus, su kuriais \u012fveikti i\u0161bandymus \u2013 nepaprastai smagu!<\/p>\n<p>Pad\u016bk\u0117li\u0173 mokykloje prasideda nauji ir linksmi mokslo metai! Jie bus tikrai nepaprasti!<\/p>\n<p>Tikriausiai apie \u0161i\u0105 mokykl\u0105 dar nieko negird\u0117jai, bet greitai \u012fsitikinsi, kad tai \u0161auniausia mokykla visame pasaulyje. Pok\u0161tininkas Lukas turi paruo\u0161\u0119s \u0161unyb\u0119 klas\u0117s naujokui. Netrukus Lukas tampa draug\u0173 b\u016brelio vadu, susipa\u017e\u012fsta su Karlosu ir&#8230; i\u0161gyvena smagiausius nuotykius, kokius tik \u012fmanoma \u012fsivaizduoti!<\/p>\n<p><b>\u201ePad\u016bk\u0117li\u0173 mokykla\u201c:<\/b><\/p>\n<p><b><br \/>\n<\/b>\u2022<span class=\"Apple-converted-space\">\u00a0 \u00a0 <\/span>lavina humoro jausm\u0105 ir skatina i\u0161radingum\u0105,<br \/>\n\u2022<span class=\"Apple-converted-space\">\u00a0 \u00a0 <\/span>moko, kokia svarbi yra draugyst\u0117 ir komandinis darbas,<br \/>\n\u2022<span class=\"Apple-converted-space\">\u00a0 \u00a0 <\/span>pabr\u0117\u017eia, jog nereikia pasikliauti i\u0161ankstin\u0117mis nuostatomis,<br \/>\n\u2022<span class=\"Apple-converted-space\">\u00a0 \u00a0 <\/span>tinka pradedantiems skaityti.<\/p>\n<p><span class=\"Apple-converted-space\">\u00a0\u00a0<\/span><\/p>\n<p><b>Autorius <\/b>Dashiel Ferrandez<\/p>\n<p><b>Leidykla <\/b>Alma Littera<\/p>\n<p><b>Leidimo metai <\/b>2020<\/p>\n<p><b>Vir\u0161elio tipas <\/b>Kietas<\/p>\n<p><b>Puslapi\u0173 skai\u010dius <\/b>96<\/p>\n","protected":false},"excerpt":{"rendered":"<p>Renkame perskaitytas knygas, o Herojaus mokyklos \u00a0bendruomen\u0117 paver\u010dia knygas pinknyg\u0117mis. Visos aukos, surinktos u\u017e PINKNYGES skiriamos sunkiai sergan\u010di\u0173 vaik\u0173 svajoni\u0173 pildymui.<\/p>\n","protected":false},"featured_media":14131,"comment_status":"closed","ping_status":"closed","template":"","meta":[],"product_brand":[],"product_cat":[524],"product_tag":[],"class_list":{"0":"post-14648","1":"product","2":"type-product","3":"status-publish","4":"has-post-thumbnail","6":"product_cat-pinknyge","8":"first","9":"instock","10":"shipping-taxable","11":"purchasable","12":"product-type-simple"},"_links":{"self":[{"href":"https:\/\/signus.agency\/lt\/wp-json\/wp\/v2\/product\/14648","targetHints":{"allow":["GET"]}}],"collection":[{"href":"https:\/\/signus.agency\/lt\/wp-json\/wp\/v2\/product"}],"about":[{"href":"https:\/\/signus.agency\/lt\/wp-json\/wp\/v2\/types\/product"}],"replies":[{"embeddable":true,"href":"https:\/\/signus.agency\/lt\/wp-json\/wp\/v2\/comments?post=14648"}],"wp:featuredmedia":[{"embeddable":true,"href":"https:\/\/signus.agency\/lt\/wp-json\/wp\/v2\/media\/14131"}],"wp:attachment":[{"href":"https:\/\/signus.agency\/lt\/wp-json\/wp\/v2\/media?parent=14648"}],"wp:term":[{"taxonomy":"product_brand","embeddable":true,"href":"https:\/\/signus.agency\/lt\/wp-json\/wp\/v2\/product_brand?post=14648"},{"taxonomy":"product_cat","embeddable":true,"href":"https:\/\/signus.agency\/lt\/wp-json\/wp\/v2\/product_cat?post=14648"},{"taxonomy":"product_tag","embeddable":true,"href":"https:\/\/signus.agency\/lt\/wp-json\/wp\/v2\/product_tag?post=14648"}],"curies":[{"name":"wp","href":"https:\/\/api.w.org\/{rel}","templated":true}]}}