{"id":14647,"date":"2025-05-10T10:59:24","date_gmt":"2025-05-10T10:59:24","guid":{"rendered":"https:\/\/signus.agency\/product\/kinddot-knygu-skirtukas-pasaulis\/"},"modified":"2025-05-13T20:15:29","modified_gmt":"2025-05-13T20:15:29","slug":"skirtukas-the-world","status":"publish","type":"product","link":"https:\/\/signus.agency\/lt\/produktas\/skirtukas-the-world\/","title":{"rendered":"Magnetinis knyg\u0173 skirtukas \u2022 The World \u2022"},"content":{"rendered":"<p>U\u017e kiekvien\u0105 ta\u0161k\u0105 surinktos l\u0117\u0161os skiriamos sunkiai sergantiems vaikams \u2013 med. \u012frangos ir medikament\u0173 apr\u016bpinimui, svarbi\u0173 gydym\u0173 ir operacij\u0173 \u012fgyvendinimui bei slapt\u0173 svajoni\u0173 i\u0161pildymui.<\/p>\n","protected":false},"excerpt":{"rendered":"<p>Magnetinis knyg\u0173 skirtukas su J\u016bs\u0173 pam\u0117gtu \u0161\u016bkiu \u2022 When small means the world \u2022 kuris kasdien Jums primins apie dideles keliones, kurios prasideda nuo ma\u017eo \u017eingsnio.<\/p>\n<p>A\u010di\u016b u\u017e J\u016bs\u0173 gerum\u0105 !<\/p>\n","protected":false},"featured_media":14281,"comment_status":"closed","ping_status":"closed","template":"","meta":[],"product_brand":[],"product_cat":[515,528],"product_tag":[],"class_list":{"0":"post-14647","1":"product","2":"type-product","3":"status-publish","4":"has-post-thumbnail","6":"product_cat-uzsidektaska-kolekcija","7":"product_cat-kanceliarines-prekes","9":"first","10":"instock","11":"shipping-taxable","12":"purchasable","13":"product-type-simple"},"_links":{"self":[{"href":"https:\/\/signus.agency\/lt\/wp-json\/wp\/v2\/product\/14647","targetHints":{"allow":["GET"]}}],"collection":[{"href":"https:\/\/signus.agency\/lt\/wp-json\/wp\/v2\/product"}],"about":[{"href":"https:\/\/signus.agency\/lt\/wp-json\/wp\/v2\/types\/product"}],"replies":[{"embeddable":true,"href":"https:\/\/signus.agency\/lt\/wp-json\/wp\/v2\/comments?post=14647"}],"wp:featuredmedia":[{"embeddable":true,"href":"https:\/\/signus.agency\/lt\/wp-json\/wp\/v2\/media\/14281"}],"wp:attachment":[{"href":"https:\/\/signus.agency\/lt\/wp-json\/wp\/v2\/media?parent=14647"}],"wp:term":[{"taxonomy":"product_brand","embeddable":true,"href":"https:\/\/signus.agency\/lt\/wp-json\/wp\/v2\/product_brand?post=14647"},{"taxonomy":"product_cat","embeddable":true,"href":"https:\/\/signus.agency\/lt\/wp-json\/wp\/v2\/product_cat?post=14647"},{"taxonomy":"product_tag","embeddable":true,"href":"https:\/\/signus.agency\/lt\/wp-json\/wp\/v2\/product_tag?post=14647"}],"curies":[{"name":"wp","href":"https:\/\/api.w.org\/{rel}","templated":true}]}}