{"id":14646,"date":"2025-05-10T10:58:11","date_gmt":"2025-05-10T10:58:11","guid":{"rendered":"https:\/\/signus.agency\/?post_type=product&#038;p=14646"},"modified":"2025-05-13T20:35:50","modified_gmt":"2025-05-13T20:35:50","slug":"pinknyge-apie-ragana-siokiatokia-tomas-dirgela","status":"publish","type":"product","link":"https:\/\/signus.agency\/lt\/produktas\/pinknyge-apie-ragana-siokiatokia-tomas-dirgela\/","title":{"rendered":"PINKNYG\u0116 \u201eApie ragan\u0105 \u0160ioki\u0105toki\u0105\u201c Tomas Dirg\u0117la"},"content":{"rendered":"<p>Pirmoji Tomo Dirg\u0117los knyga, pad\u0117jusi jau kultiniu tapusiam vaik\u0173 ra\u0161ytojui atkeliauti \u012f vaik\u0173 literat\u016bros pasaul\u012f, \u0117m\u0117 ir atgim\u0117 i\u0161 naujo!<\/p>\n<p>B\u016bna ragan\u0173 \u0161ioki\u0173, b\u016bna ir toki\u0173, bet ir \u0161iokia, ir tokia yra tik viena \u2013 tai \u0161ios knygos ragana! Nors gyvena mi\u0161ko trobel\u0117je, augina juod\u0105 katin\u0105 ir neretai b\u016bna piktoka, \u0160iokiatokia visai neprimena \u012fprastos, \u0161luot\u0105 pasikinkiusios pasak\u0173 veik\u0117jos. \u010cia ji bando siekti daininink\u0117s karjeros, rasti bendr\u0105 kalb\u0105 su poezijos m\u016bzomis ar vairuoti. O visk\u0105, kaip ir dera, vainikuoja meil\u0117s vainikai, pakei\u010diantys ragani\u0161k\u0105 \u0160iokiostokios b\u016bd\u0105, it varnal\u0117\u0161\u0105 atsine\u0161t\u0105 i\u0161 vieni\u0161os vaikyst\u0117s&#8230;<\/p>\n<p>\u0160ioje knygoje autorius barsto smagius nonsenso prieskonius, papildytus Viktorijos E\u017eiuko iliustracijomis, ir kvie\u010dia drauge apsiauti savo pa\u010dius pirmuosius knyg\u0173 vaikams autoriaus batus.<\/p>\n<p>TOMAS DIRG\u0116LA \u2013 populiariausias Lietuvos vaik\u0173 ra\u0161ytojas, kurio knygos nuolat kartojamos ir ver\u010diamos \u012f u\u017esienio kalbas, o vaikai tiesiog eina i\u0161 proto d\u0117l jo detektyvin\u0117s serijos \u201eDomas ir Tomas\u201c! T. Dirg\u0117la para\u0161\u0117 jau daugiau kaip 40 knyg\u0173, vaikai j\u012f atpa\u017e\u012fsta net gatv\u0117je ir b\u016btinai pasidomi b\u016bsimomis knygomis ar papra\u0161o bendros nuotraukos.<br \/>\n<span class=\"Apple-converted-space\">\u00a0\u00a0<\/span><\/p>\n<p><b>Autorius <\/b>Tomas Dirg\u0117la<\/p>\n<p><b>Leidykla <\/b>Tyto alba<\/p>\n<p><b>Leidimo metai <\/b>2023<\/p>\n<p><b>Vir\u0161elio tipas <\/b>Kietas<\/p>\n<p><b>Puslapi\u0173 skai\u010dius <\/b>115<\/p>\n","protected":false},"excerpt":{"rendered":"<p>Renkame perskaitytas knygas, o Herojaus mokyklos \u00a0bendruomen\u0117 paver\u010dia knygas pinknyg\u0117mis. Visos aukos, surinktos u\u017e PINKNYGES skiriamos sunkiai sergan\u010di\u0173 vaik\u0173 svajoni\u0173 pildymui.<\/p>\n","protected":false},"featured_media":14071,"comment_status":"closed","ping_status":"closed","template":"","meta":[],"product_brand":[],"product_cat":[524],"product_tag":[],"class_list":{"0":"post-14646","1":"product","2":"type-product","3":"status-publish","4":"has-post-thumbnail","6":"product_cat-pinknyge","8":"first","9":"instock","10":"shipping-taxable","11":"purchasable","12":"product-type-simple"},"_links":{"self":[{"href":"https:\/\/signus.agency\/lt\/wp-json\/wp\/v2\/product\/14646","targetHints":{"allow":["GET"]}}],"collection":[{"href":"https:\/\/signus.agency\/lt\/wp-json\/wp\/v2\/product"}],"about":[{"href":"https:\/\/signus.agency\/lt\/wp-json\/wp\/v2\/types\/product"}],"replies":[{"embeddable":true,"href":"https:\/\/signus.agency\/lt\/wp-json\/wp\/v2\/comments?post=14646"}],"wp:featuredmedia":[{"embeddable":true,"href":"https:\/\/signus.agency\/lt\/wp-json\/wp\/v2\/media\/14071"}],"wp:attachment":[{"href":"https:\/\/signus.agency\/lt\/wp-json\/wp\/v2\/media?parent=14646"}],"wp:term":[{"taxonomy":"product_brand","embeddable":true,"href":"https:\/\/signus.agency\/lt\/wp-json\/wp\/v2\/product_brand?post=14646"},{"taxonomy":"product_cat","embeddable":true,"href":"https:\/\/signus.agency\/lt\/wp-json\/wp\/v2\/product_cat?post=14646"},{"taxonomy":"product_tag","embeddable":true,"href":"https:\/\/signus.agency\/lt\/wp-json\/wp\/v2\/product_tag?post=14646"}],"curies":[{"name":"wp","href":"https:\/\/api.w.org\/{rel}","templated":true}]}}