{"id":14617,"date":"2025-05-10T10:56:33","date_gmt":"2025-05-10T10:56:33","guid":{"rendered":"https:\/\/signus.agency\/?post_type=product&#038;p=14617"},"modified":"2025-05-14T11:31:09","modified_gmt":"2025-05-14T11:31:09","slug":"uzsidektaska-silta-striuke-tamsiai-melyna-ir-salikas","status":"publish","type":"product","link":"https:\/\/signus.agency\/lt\/produktas\/uzsidektaska-silta-striuke-tamsiai-melyna-ir-salikas\/","title":{"rendered":"#U\u017dSID\u0116KTA\u0160K\u0104  \u0160ilta striuk\u0117 tamsiai m\u0117lyna ir \u0161alikas"},"content":{"rendered":"<p><strong>#U\u017dSID\u0116KTA\u0160K\u0104, sukurk ger\u0105 darb\u0105!<\/strong><\/p>\n<p>U\u017e kiekvien\u0105 ta\u0161k\u0105 surinktos l\u0117\u0161os skiriamos sunkiai sergantiems vaikams \u2013 med. \u012frangos ir medikament\u0173 apr\u016bpinimui, svarbi\u0173 gydym\u0173 ir operacij\u0173 \u012fgyvendinimui bei slapt\u0173 svajoni\u0173 i\u0161pildymui.<\/p>\n","protected":false},"excerpt":{"rendered":"<p>Gerumo ta\u0161keliu pa\u017eym\u0117ta striuk\u0117- J\u016bs\u0173 jaukioms akimirkoms! \u012esigydami stiling\u0105 bei kokybi\u0161k\u0105, i\u0161 perdirbto poliesterio pagamint\u0105 striuk\u0119 ne tik apsigaubsite \u0161iluma, ta\u010diau ir prisid\u0117site prie prasming\u0173 darb\u0173. Kiekvienas \u012fsigytas ta\u0161kelis virsta parama sunkiai sergantiems vaikams. Sud\u0117tis: 100 % perdirbtas poliesteris, 75 g\/m\u00b2<br \/>\nPa\u0161iltinimas: 100 % perdirbtas poliesteris \u2013 240 g\/m\u00b2<br \/>\nPamu\u0161alas: 100 % perdirbtas poliesteris \u2013 75 g\/m\u00b2<br \/>\nSpalvos: tamsi m\u0117lyna<\/p>\n<p>Pradin\u0117 kaina 149 eur.<\/p>\n<p>Gerumo ta\u0161keliu pa\u017eym\u0117tas \u0161alikas \u2013 J\u016bs\u0173 \u0161iltoms akimirkoms! \u012esigydami stiling\u0105 bei kokybi\u0161k\u0105, Lietuvos k\u016br\u0117j\u0173 ir gamintoj\u0173 Decoflux su meile i\u0161 merino vilnos nuaust\u0105 \u0161alik\u0105, apsigaubsite ne tik jaukumu, ta\u010diau ir prisid\u0117site prie prasming\u0173 darb\u0173. Kiekvienas \u012fsigytas ta\u0161kelis virsta parama sunkiai sergantiems vaikams.<\/p>\n<p>Sud\u0117tis: 100 % merino vilna, 43 x 210 cm<br \/>\nSpalvos: Tamsi pilka, \u0161viesi pilka, rusva, sm\u0117lin\u0117<\/p>\n<p>Pradin\u0117 kaina 72 eur<\/p>\n<p>I\u0161sirinkite striuk\u0117s dyd\u012f ir \u0161aliko spalv\u0105 !<\/p>\n","protected":false},"featured_media":13927,"comment_status":"closed","ping_status":"closed","template":"","meta":[],"product_brand":[],"product_cat":[525],"product_tag":[],"class_list":{"0":"post-14617","1":"product","2":"type-product","3":"status-publish","4":"has-post-thumbnail","6":"product_cat-ispardavimas","8":"first","9":"instock","10":"sale","11":"shipping-taxable","12":"purchasable","13":"product-type-variable"},"_links":{"self":[{"href":"https:\/\/signus.agency\/lt\/wp-json\/wp\/v2\/product\/14617","targetHints":{"allow":["GET"]}}],"collection":[{"href":"https:\/\/signus.agency\/lt\/wp-json\/wp\/v2\/product"}],"about":[{"href":"https:\/\/signus.agency\/lt\/wp-json\/wp\/v2\/types\/product"}],"replies":[{"embeddable":true,"href":"https:\/\/signus.agency\/lt\/wp-json\/wp\/v2\/comments?post=14617"}],"wp:featuredmedia":[{"embeddable":true,"href":"https:\/\/signus.agency\/lt\/wp-json\/wp\/v2\/media\/13927"}],"wp:attachment":[{"href":"https:\/\/signus.agency\/lt\/wp-json\/wp\/v2\/media?parent=14617"}],"wp:term":[{"taxonomy":"product_brand","embeddable":true,"href":"https:\/\/signus.agency\/lt\/wp-json\/wp\/v2\/product_brand?post=14617"},{"taxonomy":"product_cat","embeddable":true,"href":"https:\/\/signus.agency\/lt\/wp-json\/wp\/v2\/product_cat?post=14617"},{"taxonomy":"product_tag","embeddable":true,"href":"https:\/\/signus.agency\/lt\/wp-json\/wp\/v2\/product_tag?post=14617"}],"curies":[{"name":"wp","href":"https:\/\/api.w.org\/{rel}","templated":true}]}}