{"id":14589,"date":"2025-05-10T11:01:26","date_gmt":"2025-05-10T11:01:26","guid":{"rendered":"https:\/\/signus.agency\/product\/kinddot-infinity-piestukas-pasaulis\/"},"modified":"2025-05-13T20:13:08","modified_gmt":"2025-05-13T20:13:08","slug":"piestukas-the-world","status":"publish","type":"product","link":"https:\/\/signus.agency\/lt\/produktas\/piestukas-the-world\/","title":{"rendered":"Pie\u0161tukas &#8216;Infinity&#8217; \u2022 The World \u2022"},"content":{"rendered":"<p><strong>#U\u017dSID\u0116KTA\u0160K\u0104, sukurk ger\u0105 darb\u0105!<\/strong><br \/>\nU\u017e kiekvien\u0105 ta\u0161k\u0105 surinktos l\u0117\u0161os skiriamos sunkiai sergantiems vaikams \u2013 med. \u012frangos ir medikament\u0173 apr\u016bpinimui, svarbi\u0173 gydym\u0173 ir operacij\u0173 \u012fgyvendinimui bei slapt\u0173 svajoni\u0173 i\u0161pildymui.<\/p>\n","protected":false},"excerpt":{"rendered":"<p>Pie\u0161tukas pagamintas i\u0161 aliuminio, nusitrina kaip paprastas, niekada nereik\u0117s dro\u017etuko, ir nenulu\u0161 nepatogiu laiku! Taip pat turi jutikl\u012f i\u0161maniesiems ekranams ir trintuk\u0105, integruot\u0105 viduje.<\/p>\n<p>Pie\u0161tukas su J\u016bs\u0173 pam\u0117gtu \u0161\u016bkiu \u2022 When small means the world \u2022 kuris kasdien Jums primins apie dideles keliones, kurios prasideda nuo ma\u017eo \u017eingsnio.<\/p>\n<p>A\u010di\u016b u\u017e J\u016bs\u0173 gerum\u0105 !<\/p>\n","protected":false},"featured_media":14293,"comment_status":"closed","ping_status":"closed","template":"","meta":[],"product_brand":[],"product_cat":[515,528],"product_tag":[],"class_list":{"0":"post-14589","1":"product","2":"type-product","3":"status-publish","4":"has-post-thumbnail","6":"product_cat-uzsidektaska-kolekcija","7":"product_cat-kanceliarines-prekes","9":"first","10":"instock","11":"shipping-taxable","12":"purchasable","13":"product-type-variable"},"_links":{"self":[{"href":"https:\/\/signus.agency\/lt\/wp-json\/wp\/v2\/product\/14589","targetHints":{"allow":["GET"]}}],"collection":[{"href":"https:\/\/signus.agency\/lt\/wp-json\/wp\/v2\/product"}],"about":[{"href":"https:\/\/signus.agency\/lt\/wp-json\/wp\/v2\/types\/product"}],"replies":[{"embeddable":true,"href":"https:\/\/signus.agency\/lt\/wp-json\/wp\/v2\/comments?post=14589"}],"wp:featuredmedia":[{"embeddable":true,"href":"https:\/\/signus.agency\/lt\/wp-json\/wp\/v2\/media\/14293"}],"wp:attachment":[{"href":"https:\/\/signus.agency\/lt\/wp-json\/wp\/v2\/media?parent=14589"}],"wp:term":[{"taxonomy":"product_brand","embeddable":true,"href":"https:\/\/signus.agency\/lt\/wp-json\/wp\/v2\/product_brand?post=14589"},{"taxonomy":"product_cat","embeddable":true,"href":"https:\/\/signus.agency\/lt\/wp-json\/wp\/v2\/product_cat?post=14589"},{"taxonomy":"product_tag","embeddable":true,"href":"https:\/\/signus.agency\/lt\/wp-json\/wp\/v2\/product_tag?post=14589"}],"curies":[{"name":"wp","href":"https:\/\/api.w.org\/{rel}","templated":true}]}}